{"id":8638,"date":"2023-05-18T17:18:21","date_gmt":"2023-05-18T09:18:21","guid":{"rendered":"https:\/\/www.gigaalaser.com\/?post_type=product&#038;p=8638"},"modified":"2025-03-08T09:10:25","modified_gmt":"2025-03-08T01:10:25","slug":"kit-avancado-de-pecas-de-mao-para-medicina-dentaria","status":"publish","type":"product","link":"https:\/\/www.gigaamedical.com\/pt\/product\/advanced-dental-handpiece-kit\/","title":{"rendered":"Kit de pe\u00e7as de m\u00e3o Advanced Dental"},"content":{"rendered":"<p>Kit de pe\u00e7as de m\u00e3o Advanced Dental (incluindo fibra)<\/p>\n<p>Articula\u00e7\u00e3o temporomandibular (ATM)<\/p>\n<p>Branqueamento<\/p>\n<p><img data-recalc-dims=\"1\" loading=\"lazy\" decoding=\"async\" class=\"alignnone size-full wp-image-8639\" src=\"https:\/\/i0.wp.com\/www.gigaalaser.com\/wp-content\/uploads\/2023\/05\/dentalkit.png?resize=536%2C636&#038;ssl=1\" alt=\"\" width=\"536\" height=\"636\" srcset=\"https:\/\/i0.wp.com\/www.gigaamedical.com\/wp-content\/uploads\/2023\/05\/dentalkit.png?w=536&amp;ssl=1 536w, https:\/\/i0.wp.com\/www.gigaamedical.com\/wp-content\/uploads\/2023\/05\/dentalkit.png?resize=253%2C300&amp;ssl=1 253w, https:\/\/i0.wp.com\/www.gigaamedical.com\/wp-content\/uploads\/2023\/05\/dentalkit.png?resize=20%2C24&amp;ssl=1 20w, https:\/\/i0.wp.com\/www.gigaamedical.com\/wp-content\/uploads\/2023\/05\/dentalkit.png?resize=30%2C36&amp;ssl=1 30w, https:\/\/i0.wp.com\/www.gigaamedical.com\/wp-content\/uploads\/2023\/05\/dentalkit.png?resize=40%2C48&amp;ssl=1 40w\" sizes=\"auto, (max-width: 536px) 100vw, 536px\" \/><\/p>","protected":false},"excerpt":{"rendered":"<p>Kit de pe\u00e7as de m\u00e3o Advanced Dental (incluindo fibra)<\/p>\n<p>Articula\u00e7\u00e3o temporomandibular (ATM)<\/p>\n<p>Branqueamento<\/p>","protected":false},"featured_media":274,"comment_status":"closed","ping_status":"closed","template":"","meta":{"_crdt_document":"","inline_featured_image":false},"product_brand":[],"product_cat":[85],"product_tag":[],"class_list":{"0":"post-8638","1":"product","2":"type-product","3":"status-publish","4":"has-post-thumbnail","6":"product_cat-dentistry","8":"first","9":"instock","10":"shipping-taxable","11":"purchasable","12":"product-type-simple"},"yoast_head":"<!-- This site is optimized with the Yoast SEO plugin v27.3 - https:\/\/yoast.com\/product\/yoast-seo-wordpress\/ -->\n<title>Advanced Dental handpiece kit - GigaaMedical is a leading global manufacturer and OEM of medical laser systems<\/title>\n<meta name=\"robots\" content=\"index, follow, max-snippet:-1, max-image-preview:large, max-video-preview:-1\" \/>\n<link rel=\"canonical\" href=\"https:\/\/www.gigaamedical.com\/pt\/product\/kit-avancado-de-pecas-de-mao-para-medicina-dentaria\/\" \/>\n<meta property=\"og:locale\" content=\"pt_PT\" \/>\n<meta property=\"og:type\" content=\"article\" \/>\n<meta property=\"og:title\" content=\"Advanced Dental handpiece kit - GigaaMedical is a leading global manufacturer and OEM of medical laser systems\" \/>\n<meta property=\"og:description\" content=\"Advanced Dental handpiece kit (including fiber)  Temporomandibular Joint (TMJ)  Whitening\" \/>\n<meta property=\"og:url\" content=\"https:\/\/www.gigaamedical.com\/pt\/product\/kit-avancado-de-pecas-de-mao-para-medicina-dentaria\/\" \/>\n<meta property=\"og:site_name\" content=\"GigaaMedical is a leading global manufacturer and OEM of medical laser systems\" \/>\n<meta property=\"article:publisher\" content=\"https:\/\/www.facebook.com\/gigaamedicallaser\" \/>\n<meta property=\"article:modified_time\" content=\"2025-03-08T01:10:25+00:00\" \/>\n<meta property=\"og:image\" content=\"https:\/\/www.gigaamedical.com\/wp-content\/uploads\/2020\/08\/dentalhandpiece.png\" \/>\n\t<meta property=\"og:image:width\" content=\"383\" \/>\n\t<meta property=\"og:image:height\" content=\"192\" \/>\n\t<meta property=\"og:image:type\" content=\"image\/png\" \/>\n<meta name=\"twitter:card\" content=\"summary_large_image\" \/>\n<meta name=\"twitter:site\" content=\"@gigaalaser\" \/>\n<script type=\"application\/ld+json\" class=\"yoast-schema-graph\">{\"@context\":\"https:\\\/\\\/schema.org\",\"@graph\":[{\"@type\":\"WebPage\",\"@id\":\"https:\\\/\\\/www.gigaamedical.com\\\/product\\\/advanced-dental-handpiece-kit\\\/\",\"url\":\"https:\\\/\\\/www.gigaamedical.com\\\/product\\\/advanced-dental-handpiece-kit\\\/\",\"name\":\"Advanced Dental handpiece kit - GigaaMedical is a leading global manufacturer and OEM of medical laser systems\",\"isPartOf\":{\"@id\":\"https:\\\/\\\/www.gigaamedical.com\\\/#website\"},\"primaryImageOfPage\":{\"@id\":\"https:\\\/\\\/www.gigaamedical.com\\\/product\\\/advanced-dental-handpiece-kit\\\/#primaryimage\"},\"image\":{\"@id\":\"https:\\\/\\\/www.gigaamedical.com\\\/product\\\/advanced-dental-handpiece-kit\\\/#primaryimage\"},\"thumbnailUrl\":\"https:\\\/\\\/i0.wp.com\\\/www.gigaamedical.com\\\/wp-content\\\/uploads\\\/2020\\\/08\\\/dentalhandpiece.png?fit=383%2C192&ssl=1\",\"datePublished\":\"2023-05-18T09:18:21+00:00\",\"dateModified\":\"2025-03-08T01:10:25+00:00\",\"breadcrumb\":{\"@id\":\"https:\\\/\\\/www.gigaamedical.com\\\/product\\\/advanced-dental-handpiece-kit\\\/#breadcrumb\"},\"inLanguage\":\"pt-PT\",\"potentialAction\":[{\"@type\":\"ReadAction\",\"target\":[\"https:\\\/\\\/www.gigaamedical.com\\\/product\\\/advanced-dental-handpiece-kit\\\/\"]}]},{\"@type\":\"ImageObject\",\"inLanguage\":\"pt-PT\",\"@id\":\"https:\\\/\\\/www.gigaamedical.com\\\/product\\\/advanced-dental-handpiece-kit\\\/#primaryimage\",\"url\":\"https:\\\/\\\/i0.wp.com\\\/www.gigaamedical.com\\\/wp-content\\\/uploads\\\/2020\\\/08\\\/dentalhandpiece.png?fit=383%2C192&ssl=1\",\"contentUrl\":\"https:\\\/\\\/i0.wp.com\\\/www.gigaamedical.com\\\/wp-content\\\/uploads\\\/2020\\\/08\\\/dentalhandpiece.png?fit=383%2C192&ssl=1\",\"width\":383,\"height\":192},{\"@type\":\"BreadcrumbList\",\"@id\":\"https:\\\/\\\/www.gigaamedical.com\\\/product\\\/advanced-dental-handpiece-kit\\\/#breadcrumb\",\"itemListElement\":[{\"@type\":\"ListItem\",\"position\":1,\"name\":\"\u9996\u9875\",\"item\":\"https:\\\/\\\/www.gigaamedical.com\\\/\"},{\"@type\":\"ListItem\",\"position\":2,\"name\":\"Shop\",\"item\":\"https:\\\/\\\/www.gigaamedical.com\\\/shop\\\/\"},{\"@type\":\"ListItem\",\"position\":3,\"name\":\"Advanced Dental handpiece kit\"}]},{\"@type\":\"WebSite\",\"@id\":\"https:\\\/\\\/www.gigaamedical.com\\\/#website\",\"url\":\"https:\\\/\\\/www.gigaamedical.com\\\/\",\"name\":\"GigaaMedicalLaser\",\"description\":\"Professional medical laser system for your health\",\"publisher\":{\"@id\":\"https:\\\/\\\/www.gigaamedical.com\\\/#organization\"},\"alternateName\":\"GigaaLaser\",\"potentialAction\":[{\"@type\":\"SearchAction\",\"target\":{\"@type\":\"EntryPoint\",\"urlTemplate\":\"https:\\\/\\\/www.gigaamedical.com\\\/?s={search_term_string}\"},\"query-input\":{\"@type\":\"PropertyValueSpecification\",\"valueRequired\":true,\"valueName\":\"search_term_string\"}}],\"inLanguage\":\"pt-PT\"},{\"@type\":\"Organization\",\"@id\":\"https:\\\/\\\/www.gigaamedical.com\\\/#organization\",\"name\":\"Gigaalaser Company ltd.\",\"alternateName\":\"Gigaalaser\",\"url\":\"https:\\\/\\\/www.gigaamedical.com\\\/\",\"logo\":{\"@type\":\"ImageObject\",\"inLanguage\":\"pt-PT\",\"@id\":\"https:\\\/\\\/www.gigaamedical.com\\\/#\\\/schema\\\/logo\\\/image\\\/\",\"url\":\"https:\\\/\\\/i0.wp.com\\\/www.gigaamedical.com\\\/wp-content\\\/uploads\\\/2024\\\/07\\\/GIGAA1.png?fit=2438%2C1240&ssl=1\",\"contentUrl\":\"https:\\\/\\\/i0.wp.com\\\/www.gigaamedical.com\\\/wp-content\\\/uploads\\\/2024\\\/07\\\/GIGAA1.png?fit=2438%2C1240&ssl=1\",\"width\":2438,\"height\":1240,\"caption\":\"Gigaalaser Company ltd.\"},\"image\":{\"@id\":\"https:\\\/\\\/www.gigaamedical.com\\\/#\\\/schema\\\/logo\\\/image\\\/\"},\"sameAs\":[\"https:\\\/\\\/www.facebook.com\\\/gigaamedicallaser\",\"https:\\\/\\\/x.com\\\/gigaalaser\"]}]}<\/script>\n<!-- \/ Yoast SEO plugin. -->","yoast_head_json":{"title":"Kit avan\u00e7ado de pe\u00e7as de m\u00e3o para medicina dent\u00e1ria - GigaaMedical \u00e9 um fabricante l\u00edder mundial e OEM de sistemas laser m\u00e9dicos","robots":{"index":"index","follow":"follow","max-snippet":"max-snippet:-1","max-image-preview":"max-image-preview:large","max-video-preview":"max-video-preview:-1"},"canonical":"https:\/\/www.gigaamedical.com\/pt\/product\/kit-avancado-de-pecas-de-mao-para-medicina-dentaria\/","og_locale":"pt_PT","og_type":"article","og_title":"Advanced Dental handpiece kit - GigaaMedical is a leading global manufacturer and OEM of medical laser systems","og_description":"Advanced Dental handpiece kit (including fiber)  Temporomandibular Joint (TMJ)  Whitening","og_url":"https:\/\/www.gigaamedical.com\/pt\/product\/kit-avancado-de-pecas-de-mao-para-medicina-dentaria\/","og_site_name":"GigaaMedical is a leading global manufacturer and OEM of medical laser systems","article_publisher":"https:\/\/www.facebook.com\/gigaamedicallaser","article_modified_time":"2025-03-08T01:10:25+00:00","og_image":[{"width":383,"height":192,"url":"https:\/\/www.gigaamedical.com\/wp-content\/uploads\/2020\/08\/dentalhandpiece.png","type":"image\/png"}],"twitter_card":"summary_large_image","twitter_site":"@gigaalaser","schema":{"@context":"https:\/\/schema.org","@graph":[{"@type":"WebPage","@id":"https:\/\/www.gigaamedical.com\/product\/advanced-dental-handpiece-kit\/","url":"https:\/\/www.gigaamedical.com\/product\/advanced-dental-handpiece-kit\/","name":"Kit avan\u00e7ado de pe\u00e7as de m\u00e3o para medicina dent\u00e1ria - GigaaMedical \u00e9 um fabricante l\u00edder mundial e OEM de sistemas laser m\u00e9dicos","isPartOf":{"@id":"https:\/\/www.gigaamedical.com\/#website"},"primaryImageOfPage":{"@id":"https:\/\/www.gigaamedical.com\/product\/advanced-dental-handpiece-kit\/#primaryimage"},"image":{"@id":"https:\/\/www.gigaamedical.com\/product\/advanced-dental-handpiece-kit\/#primaryimage"},"thumbnailUrl":"https:\/\/i0.wp.com\/www.gigaamedical.com\/wp-content\/uploads\/2020\/08\/dentalhandpiece.png?fit=383%2C192&ssl=1","datePublished":"2023-05-18T09:18:21+00:00","dateModified":"2025-03-08T01:10:25+00:00","breadcrumb":{"@id":"https:\/\/www.gigaamedical.com\/product\/advanced-dental-handpiece-kit\/#breadcrumb"},"inLanguage":"pt-PT","potentialAction":[{"@type":"ReadAction","target":["https:\/\/www.gigaamedical.com\/product\/advanced-dental-handpiece-kit\/"]}]},{"@type":"ImageObject","inLanguage":"pt-PT","@id":"https:\/\/www.gigaamedical.com\/product\/advanced-dental-handpiece-kit\/#primaryimage","url":"https:\/\/i0.wp.com\/www.gigaamedical.com\/wp-content\/uploads\/2020\/08\/dentalhandpiece.png?fit=383%2C192&ssl=1","contentUrl":"https:\/\/i0.wp.com\/www.gigaamedical.com\/wp-content\/uploads\/2020\/08\/dentalhandpiece.png?fit=383%2C192&ssl=1","width":383,"height":192},{"@type":"BreadcrumbList","@id":"https:\/\/www.gigaamedical.com\/product\/advanced-dental-handpiece-kit\/#breadcrumb","itemListElement":[{"@type":"ListItem","position":1,"name":"\u9996\u9875","item":"https:\/\/www.gigaamedical.com\/"},{"@type":"ListItem","position":2,"name":"Shop","item":"https:\/\/www.gigaamedical.com\/shop\/"},{"@type":"ListItem","position":3,"name":"Advanced Dental handpiece kit"}]},{"@type":"WebSite","@id":"https:\/\/www.gigaamedical.com\/#website","url":"https:\/\/www.gigaamedical.com\/","name":"GigaaMedicalLaser","description":"Sistema laser m\u00e9dico profissional para a sua sa\u00fade","publisher":{"@id":"https:\/\/www.gigaamedical.com\/#organization"},"alternateName":"GigaaLaser","potentialAction":[{"@type":"SearchAction","target":{"@type":"EntryPoint","urlTemplate":"https:\/\/www.gigaamedical.com\/?s={search_term_string}"},"query-input":{"@type":"PropertyValueSpecification","valueRequired":true,"valueName":"search_term_string"}}],"inLanguage":"pt-PT"},{"@type":"Organization","@id":"https:\/\/www.gigaamedical.com\/#organization","name":"Gigaalaser Company ltd.","alternateName":"Gigaalaser","url":"https:\/\/www.gigaamedical.com\/","logo":{"@type":"ImageObject","inLanguage":"pt-PT","@id":"https:\/\/www.gigaamedical.com\/#\/schema\/logo\/image\/","url":"https:\/\/i0.wp.com\/www.gigaamedical.com\/wp-content\/uploads\/2024\/07\/GIGAA1.png?fit=2438%2C1240&ssl=1","contentUrl":"https:\/\/i0.wp.com\/www.gigaamedical.com\/wp-content\/uploads\/2024\/07\/GIGAA1.png?fit=2438%2C1240&ssl=1","width":2438,"height":1240,"caption":"Gigaalaser Company ltd."},"image":{"@id":"https:\/\/www.gigaamedical.com\/#\/schema\/logo\/image\/"},"sameAs":["https:\/\/www.facebook.com\/gigaamedicallaser","https:\/\/x.com\/gigaalaser"]}]}},"jetpack_sharing_enabled":true,"_links":{"self":[{"href":"https:\/\/www.gigaamedical.com\/pt\/wp-json\/wp\/v2\/product\/8638","targetHints":{"allow":["GET"]}}],"collection":[{"href":"https:\/\/www.gigaamedical.com\/pt\/wp-json\/wp\/v2\/product"}],"about":[{"href":"https:\/\/www.gigaamedical.com\/pt\/wp-json\/wp\/v2\/types\/product"}],"replies":[{"embeddable":true,"href":"https:\/\/www.gigaamedical.com\/pt\/wp-json\/wp\/v2\/comments?post=8638"}],"wp:featuredmedia":[{"embeddable":true,"href":"https:\/\/www.gigaamedical.com\/pt\/wp-json\/wp\/v2\/media\/274"}],"wp:attachment":[{"href":"https:\/\/www.gigaamedical.com\/pt\/wp-json\/wp\/v2\/media?parent=8638"}],"wp:term":[{"taxonomy":"product_brand","embeddable":true,"href":"https:\/\/www.gigaamedical.com\/pt\/wp-json\/wp\/v2\/product_brand?post=8638"},{"taxonomy":"product_cat","embeddable":true,"href":"https:\/\/www.gigaamedical.com\/pt\/wp-json\/wp\/v2\/product_cat?post=8638"},{"taxonomy":"product_tag","embeddable":true,"href":"https:\/\/www.gigaamedical.com\/pt\/wp-json\/wp\/v2\/product_tag?post=8638"}],"curies":[{"name":"wp","href":"https:\/\/api.w.org\/{rel}","templated":true}]}}