{"id":2996,"date":"2021-11-17T15:16:21","date_gmt":"2021-11-17T07:16:21","guid":{"rendered":"https:\/\/www.gigaalaser.com\/?page_id=2996"},"modified":"2024-03-16T22:33:51","modified_gmt":"2024-03-16T14:33:51","slug":"velasii-8g","status":"publish","type":"page","link":"https:\/\/www.gigaamedical.com\/pt\/velasii-8g\/","title":{"rendered":"VELASII-8G"},"content":{"rendered":"<h2 class=\"wp-block-heading\" id=\"introduction\">INTRODU\u00c7\u00c3O<\/h2>\n\n\n\n<p class=\"wp-block-paragraph\">Utilizar um semicondutor de alta pot\u00eancia a 808 nm para \"bombear\", num sentido \u00f3tico, um cristal que produz luz com um comprimento de onda de 1064 nm. Esta luz \u00e9, por sua vez, projectada sobre um cristal de duplica\u00e7\u00e3o (LBOtriborato de l\u00edtio) para \"reduzir para metade\" o comprimento de onda de 1064 nm e obter uma luz verde de 532 nm. Este novo sistema de divis\u00e3o do valor do comprimento de onda permite ao operador controlar a sa\u00edda da luz verde utilizando impulsos muito curtos.<\/p>\n\n\n\n<figure class=\"wp-block-image size-full\"><img data-recalc-dims=\"1\" loading=\"lazy\" decoding=\"async\" width=\"614\" height=\"381\" src=\"https:\/\/i0.wp.com\/www.gigaamedical.com\/wp-content\/uploads\/2024\/03\/20240316223147.png?resize=614%2C381&#038;ssl=1\" alt=\"\" class=\"wp-image-11312\" srcset=\"https:\/\/i0.wp.com\/www.gigaamedical.com\/wp-content\/uploads\/2024\/03\/20240316223147.png?w=614&amp;ssl=1 614w, https:\/\/i0.wp.com\/www.gigaamedical.com\/wp-content\/uploads\/2024\/03\/20240316223147.png?resize=300%2C186&amp;ssl=1 300w, https:\/\/i0.wp.com\/www.gigaamedical.com\/wp-content\/uploads\/2024\/03\/20240316223147.png?resize=600%2C372&amp;ssl=1 600w\" sizes=\"auto, (max-width: 614px) 100vw, 614px\" \/><\/figure>\n\n\n\n<div class=\"wp-block-columns is-layout-flex wp-container-core-columns-is-layout-8f761849 wp-block-columns-is-layout-flex\">\n<div class=\"wp-block-column is-layout-flow wp-block-column-is-layout-flow\">\n<h3 class=\"wp-block-heading\" id=\"powerful-and-effective\">Poderoso e eficaz<\/h3>\n\n\n\n<ul class=\"wp-block-list\">\n<li>3w\/4w\/ 5w\/ 8w de pot\u00eancia de pico \u00e0 escolha<\/li>\n\n\n\n<li>Pulsos muito curtos e intensos<\/li>\n\n\n\n<li>Tratamentos eficazes, prote\u00e7\u00e3o da epiderme<\/li>\n\n\n\n<li>Muito est\u00e1vel e fi\u00e1vel, com uma longa vida \u00fatil<\/li>\n<\/ul>\n\n\n\n<p class=\"wp-block-paragraph\"><\/p>\n<\/div>\n\n\n\n<div class=\"wp-block-column is-layout-flow wp-block-column-is-layout-flow\">\n<p class=\"wp-block-paragraph\">Transport\u00e1vel e econ\u00f3mico<\/p>\n\n\n\n<ul class=\"wp-block-list\">\n<li>Design f\u00e1cil de utilizar, menu intuitivo<\/li>\n\n\n\n<li>Dispositivo compacto, tecnologia est\u00e1vel<\/li>\n\n\n\n<li>Mala de transporte para o dispositivo e acess\u00f3rios<\/li>\n\n\n\n<li>Tecnologia Plug &amp; Play: n\u00e3o \u00e9 necess\u00e1rio t\u00e9cnico<\/li>\n\n\n\n<li>Baixos custos de funcionamento<\/li>\n<\/ul>\n<\/div>\n<\/div>\n\n\n\n<h2 class=\"wp-block-heading\" id=\"applications\">Aplica\u00e7\u00f5es<\/h2>\n\n\n\n<div class=\"wp-block-columns is-layout-flex wp-container-core-columns-is-layout-8f761849 wp-block-columns-is-layout-flex\">\n<div class=\"wp-block-column is-layout-flow wp-block-column-is-layout-flow\">\n<h3 class=\"wp-block-heading\" id=\"vascular-lesions\">Les\u00f5es vasculares<\/h3>\n\n\n\n<p class=\"wp-block-paragraph\">Veias de aranha<br>Telangiectasia<br>Neovasculariza\u00e7\u00e3o<br>Ros\u00e1cea<br>Lago Venoso<br>PWS<br>Angiomas senis, estrelados e cereja<\/p>\n<\/div>\n\n\n\n<div class=\"wp-block-column is-layout-flow wp-block-column-is-layout-flow\">\n<h3 class=\"wp-block-heading\" id=\"pigmented-lesions\">Les\u00f5es pigmentadas<\/h3>\n\n\n\n<p class=\"wp-block-paragraph\"> Lentigines<br>Dermatose Papulose Negra<br>Sardas<br>Les\u00f5es hiperquerat\u00f3ticas<br>Civette Poikiloderma<br>Estrias vermelhas<\/p>\n<\/div>\n\n\n\n<div class=\"wp-block-column is-layout-flow wp-block-column-is-layout-flow\">\n<h3 class=\"wp-block-heading\" id=\"cutaneous-lesions\">Les\u00f5es cut\u00e2neas<\/h3>\n\n\n\n<p class=\"wp-block-paragraph\">Cicatrizes<br>Verrucas<br>Queratoses<br>Acne inflamat\u00f3ria<\/p>\n<\/div>\n<\/div>","protected":false},"excerpt":{"rendered":"<p>INTRODUCTION Use high power semiconductor at 808nm to \u201cpump\u201d in an optical sense a crystal that produces light of a wavelength of 1064 nm. Such light is in the turn casted upon a duplicating crystal (LBOtriborate lithium) to \u201chalve\u201d the wavelength of 1064 nm and obtain green light of 532 nm. Such a novel system [&#8230;]\n","protected":false},"author":1,"featured_media":0,"parent":0,"menu_order":0,"comment_status":"closed","ping_status":"closed","template":"","meta":{"_crdt_document":"","inline_featured_image":false,"footnotes":""},"class_list":["post-2996","page","type-page","status-publish","hentry"],"yoast_head":"<!-- This site is optimized with the Yoast SEO plugin v27.3 - https:\/\/yoast.com\/product\/yoast-seo-wordpress\/ -->\n<title>VELASII-8G - GigaaMedical is a leading global manufacturer and OEM of medical laser systems<\/title>\n<meta name=\"robots\" content=\"index, follow, max-snippet:-1, max-image-preview:large, max-video-preview:-1\" \/>\n<link rel=\"canonical\" href=\"https:\/\/www.gigaamedical.com\/pt\/velasii-8g\/\" \/>\n<meta property=\"og:locale\" content=\"pt_PT\" \/>\n<meta property=\"og:type\" content=\"article\" \/>\n<meta property=\"og:title\" content=\"VELASII-8G - GigaaMedical is a leading global manufacturer and OEM of medical laser systems\" \/>\n<meta property=\"og:description\" content=\"INTRODUCTION Use high power semiconductor at 808nm to \u201cpump\u201d in an optical sense a crystal that produces light of a wavelength of 1064 nm. Such light is in the turn casted upon a duplicating crystal (LBOtriborate lithium) to \u201chalve\u201d the wavelength of 1064 nm and obtain green light of 532 nm. Such a novel system [...]\" \/>\n<meta property=\"og:url\" content=\"https:\/\/www.gigaamedical.com\/pt\/velasii-8g\/\" \/>\n<meta property=\"og:site_name\" content=\"GigaaMedical is a leading global manufacturer and OEM of medical laser systems\" \/>\n<meta property=\"article:publisher\" content=\"https:\/\/www.facebook.com\/gigaamedicallaser\" \/>\n<meta property=\"article:modified_time\" content=\"2024-03-16T14:33:51+00:00\" \/>\n<meta property=\"og:image\" content=\"https:\/\/www.gigaamedical.com\/wp-content\/uploads\/2024\/03\/20240316223147.png\" \/>\n<meta name=\"twitter:card\" content=\"summary_large_image\" \/>\n<meta name=\"twitter:site\" content=\"@gigaalaser\" \/>\n<meta name=\"twitter:label1\" content=\"Tempo estimado de leitura\" \/>\n\t<meta name=\"twitter:data1\" content=\"1 minuto\" \/>\n<script type=\"application\/ld+json\" class=\"yoast-schema-graph\">{\"@context\":\"https:\\\/\\\/schema.org\",\"@graph\":[{\"@type\":\"WebPage\",\"@id\":\"https:\\\/\\\/www.gigaamedical.com\\\/velasii-8g\\\/\",\"url\":\"https:\\\/\\\/www.gigaamedical.com\\\/velasii-8g\\\/\",\"name\":\"VELASII-8G - GigaaMedical is a leading global manufacturer and OEM of medical laser systems\",\"isPartOf\":{\"@id\":\"https:\\\/\\\/www.gigaamedical.com\\\/#website\"},\"primaryImageOfPage\":{\"@id\":\"https:\\\/\\\/www.gigaamedical.com\\\/velasii-8g\\\/#primaryimage\"},\"image\":{\"@id\":\"https:\\\/\\\/www.gigaamedical.com\\\/velasii-8g\\\/#primaryimage\"},\"thumbnailUrl\":\"https:\\\/\\\/www.gigaamedical.com\\\/wp-content\\\/uploads\\\/2024\\\/03\\\/20240316223147.png\",\"datePublished\":\"2021-11-17T07:16:21+00:00\",\"dateModified\":\"2024-03-16T14:33:51+00:00\",\"breadcrumb\":{\"@id\":\"https:\\\/\\\/www.gigaamedical.com\\\/velasii-8g\\\/#breadcrumb\"},\"inLanguage\":\"pt-PT\",\"potentialAction\":[{\"@type\":\"ReadAction\",\"target\":[\"https:\\\/\\\/www.gigaamedical.com\\\/velasii-8g\\\/\"]}]},{\"@type\":\"ImageObject\",\"inLanguage\":\"pt-PT\",\"@id\":\"https:\\\/\\\/www.gigaamedical.com\\\/velasii-8g\\\/#primaryimage\",\"url\":\"https:\\\/\\\/www.gigaamedical.com\\\/wp-content\\\/uploads\\\/2024\\\/03\\\/20240316223147.png\",\"contentUrl\":\"https:\\\/\\\/www.gigaamedical.com\\\/wp-content\\\/uploads\\\/2024\\\/03\\\/20240316223147.png\"},{\"@type\":\"BreadcrumbList\",\"@id\":\"https:\\\/\\\/www.gigaamedical.com\\\/velasii-8g\\\/#breadcrumb\",\"itemListElement\":[{\"@type\":\"ListItem\",\"position\":1,\"name\":\"\u9996\u9875\",\"item\":\"https:\\\/\\\/www.gigaamedical.com\\\/\"},{\"@type\":\"ListItem\",\"position\":2,\"name\":\"VELASII-8G\"}]},{\"@type\":\"WebSite\",\"@id\":\"https:\\\/\\\/www.gigaamedical.com\\\/#website\",\"url\":\"https:\\\/\\\/www.gigaamedical.com\\\/\",\"name\":\"GigaaMedicalLaser\",\"description\":\"Professional medical laser system for your health\",\"publisher\":{\"@id\":\"https:\\\/\\\/www.gigaamedical.com\\\/#organization\"},\"alternateName\":\"GigaaLaser\",\"potentialAction\":[{\"@type\":\"SearchAction\",\"target\":{\"@type\":\"EntryPoint\",\"urlTemplate\":\"https:\\\/\\\/www.gigaamedical.com\\\/?s={search_term_string}\"},\"query-input\":{\"@type\":\"PropertyValueSpecification\",\"valueRequired\":true,\"valueName\":\"search_term_string\"}}],\"inLanguage\":\"pt-PT\"},{\"@type\":\"Organization\",\"@id\":\"https:\\\/\\\/www.gigaamedical.com\\\/#organization\",\"name\":\"Gigaalaser Company ltd.\",\"alternateName\":\"Gigaalaser\",\"url\":\"https:\\\/\\\/www.gigaamedical.com\\\/\",\"logo\":{\"@type\":\"ImageObject\",\"inLanguage\":\"pt-PT\",\"@id\":\"https:\\\/\\\/www.gigaamedical.com\\\/#\\\/schema\\\/logo\\\/image\\\/\",\"url\":\"https:\\\/\\\/i0.wp.com\\\/www.gigaamedical.com\\\/wp-content\\\/uploads\\\/2024\\\/07\\\/GIGAA1.png?fit=2438%2C1240&ssl=1\",\"contentUrl\":\"https:\\\/\\\/i0.wp.com\\\/www.gigaamedical.com\\\/wp-content\\\/uploads\\\/2024\\\/07\\\/GIGAA1.png?fit=2438%2C1240&ssl=1\",\"width\":2438,\"height\":1240,\"caption\":\"Gigaalaser Company ltd.\"},\"image\":{\"@id\":\"https:\\\/\\\/www.gigaamedical.com\\\/#\\\/schema\\\/logo\\\/image\\\/\"},\"sameAs\":[\"https:\\\/\\\/www.facebook.com\\\/gigaamedicallaser\",\"https:\\\/\\\/x.com\\\/gigaalaser\"]}]}<\/script>\n<!-- \/ Yoast SEO plugin. -->","yoast_head_json":{"title":"VELASII-8G - GigaaMedical \u00e9 um fabricante l\u00edder mundial e OEM de sistemas laser m\u00e9dicos","robots":{"index":"index","follow":"follow","max-snippet":"max-snippet:-1","max-image-preview":"max-image-preview:large","max-video-preview":"max-video-preview:-1"},"canonical":"https:\/\/www.gigaamedical.com\/pt\/velasii-8g\/","og_locale":"pt_PT","og_type":"article","og_title":"VELASII-8G - GigaaMedical is a leading global manufacturer and OEM of medical laser systems","og_description":"INTRODUCTION Use high power semiconductor at 808nm to \u201cpump\u201d in an optical sense a crystal that produces light of a wavelength of 1064 nm. Such light is in the turn casted upon a duplicating crystal (LBOtriborate lithium) to \u201chalve\u201d the wavelength of 1064 nm and obtain green light of 532 nm. Such a novel system [...]","og_url":"https:\/\/www.gigaamedical.com\/pt\/velasii-8g\/","og_site_name":"GigaaMedical is a leading global manufacturer and OEM of medical laser systems","article_publisher":"https:\/\/www.facebook.com\/gigaamedicallaser","article_modified_time":"2024-03-16T14:33:51+00:00","og_image":[{"url":"https:\/\/www.gigaamedical.com\/wp-content\/uploads\/2024\/03\/20240316223147.png","type":"","width":"","height":""}],"twitter_card":"summary_large_image","twitter_site":"@gigaalaser","twitter_misc":{"Tempo estimado de leitura":"1 minuto"},"schema":{"@context":"https:\/\/schema.org","@graph":[{"@type":"WebPage","@id":"https:\/\/www.gigaamedical.com\/velasii-8g\/","url":"https:\/\/www.gigaamedical.com\/velasii-8g\/","name":"VELASII-8G - GigaaMedical \u00e9 um fabricante l\u00edder mundial e OEM de sistemas laser m\u00e9dicos","isPartOf":{"@id":"https:\/\/www.gigaamedical.com\/#website"},"primaryImageOfPage":{"@id":"https:\/\/www.gigaamedical.com\/velasii-8g\/#primaryimage"},"image":{"@id":"https:\/\/www.gigaamedical.com\/velasii-8g\/#primaryimage"},"thumbnailUrl":"https:\/\/www.gigaamedical.com\/wp-content\/uploads\/2024\/03\/20240316223147.png","datePublished":"2021-11-17T07:16:21+00:00","dateModified":"2024-03-16T14:33:51+00:00","breadcrumb":{"@id":"https:\/\/www.gigaamedical.com\/velasii-8g\/#breadcrumb"},"inLanguage":"pt-PT","potentialAction":[{"@type":"ReadAction","target":["https:\/\/www.gigaamedical.com\/velasii-8g\/"]}]},{"@type":"ImageObject","inLanguage":"pt-PT","@id":"https:\/\/www.gigaamedical.com\/velasii-8g\/#primaryimage","url":"https:\/\/www.gigaamedical.com\/wp-content\/uploads\/2024\/03\/20240316223147.png","contentUrl":"https:\/\/www.gigaamedical.com\/wp-content\/uploads\/2024\/03\/20240316223147.png"},{"@type":"BreadcrumbList","@id":"https:\/\/www.gigaamedical.com\/velasii-8g\/#breadcrumb","itemListElement":[{"@type":"ListItem","position":1,"name":"\u9996\u9875","item":"https:\/\/www.gigaamedical.com\/"},{"@type":"ListItem","position":2,"name":"VELASII-8G"}]},{"@type":"WebSite","@id":"https:\/\/www.gigaamedical.com\/#website","url":"https:\/\/www.gigaamedical.com\/","name":"GigaaMedicalLaser","description":"Sistema laser m\u00e9dico profissional para a sua sa\u00fade","publisher":{"@id":"https:\/\/www.gigaamedical.com\/#organization"},"alternateName":"GigaaLaser","potentialAction":[{"@type":"SearchAction","target":{"@type":"EntryPoint","urlTemplate":"https:\/\/www.gigaamedical.com\/?s={search_term_string}"},"query-input":{"@type":"PropertyValueSpecification","valueRequired":true,"valueName":"search_term_string"}}],"inLanguage":"pt-PT"},{"@type":"Organization","@id":"https:\/\/www.gigaamedical.com\/#organization","name":"Gigaalaser Company ltd.","alternateName":"Gigaalaser","url":"https:\/\/www.gigaamedical.com\/","logo":{"@type":"ImageObject","inLanguage":"pt-PT","@id":"https:\/\/www.gigaamedical.com\/#\/schema\/logo\/image\/","url":"https:\/\/i0.wp.com\/www.gigaamedical.com\/wp-content\/uploads\/2024\/07\/GIGAA1.png?fit=2438%2C1240&ssl=1","contentUrl":"https:\/\/i0.wp.com\/www.gigaamedical.com\/wp-content\/uploads\/2024\/07\/GIGAA1.png?fit=2438%2C1240&ssl=1","width":2438,"height":1240,"caption":"Gigaalaser Company ltd."},"image":{"@id":"https:\/\/www.gigaamedical.com\/#\/schema\/logo\/image\/"},"sameAs":["https:\/\/www.facebook.com\/gigaamedicallaser","https:\/\/x.com\/gigaalaser"]}]}},"jetpack_sharing_enabled":true,"_links":{"self":[{"href":"https:\/\/www.gigaamedical.com\/pt\/wp-json\/wp\/v2\/pages\/2996","targetHints":{"allow":["GET"]}}],"collection":[{"href":"https:\/\/www.gigaamedical.com\/pt\/wp-json\/wp\/v2\/pages"}],"about":[{"href":"https:\/\/www.gigaamedical.com\/pt\/wp-json\/wp\/v2\/types\/page"}],"author":[{"embeddable":true,"href":"https:\/\/www.gigaamedical.com\/pt\/wp-json\/wp\/v2\/users\/1"}],"replies":[{"embeddable":true,"href":"https:\/\/www.gigaamedical.com\/pt\/wp-json\/wp\/v2\/comments?post=2996"}],"version-history":[{"count":0,"href":"https:\/\/www.gigaamedical.com\/pt\/wp-json\/wp\/v2\/pages\/2996\/revisions"}],"wp:attachment":[{"href":"https:\/\/www.gigaamedical.com\/pt\/wp-json\/wp\/v2\/media?parent=2996"}],"curies":[{"name":"wp","href":"https:\/\/api.w.org\/{rel}","templated":true}]}}