{"id":18882,"date":"2025-04-12T10:52:22","date_gmt":"2025-04-12T02:52:22","guid":{"rendered":"https:\/\/www.gigaamedical.com\/?page_id=18882"},"modified":"2025-04-12T11:30:13","modified_gmt":"2025-04-12T03:30:13","slug":"velas2-30ab","status":"publish","type":"page","link":"https:\/\/www.gigaamedical.com\/pt\/velas2-30ab\/","title":{"rendered":"VELAS\u2161-30AB"},"content":{"rendered":"<div class=\"banner has-hover\" id=\"banner-30263473\">\n          <div class=\"banner-inner fill\">\n        <div class=\"banner-bg fill\" >\n            <img loading=\"lazy\" decoding=\"async\" width=\"1020\" height=\"572\" src=\"https:\/\/i0.wp.com\/www.gigaamedical.com\/wp-content\/uploads\/2025\/04\/velas-mdr.png?fit=1020%2C572&amp;ssl=1\" class=\"bg attachment-large size-large\" alt=\"\" \/>                                    \n                    <\/div>\n\t\t\n        <div class=\"banner-layers container\">\n            <div class=\"fill banner-link\"><\/div>            \n\n   <div id=\"text-box-165874993\" class=\"text-box banner-layer x50 md-x50 lg-x50 y15 md-y10 lg-y10 res-text\">\n                                <div class=\"text-box-content text dark\">\n              \n              <div class=\"text-inner text-center\">\n                  \n\n\t<div id=\"text-2823229072\" class=\"text\">\n\t\t\n\n<h3 class=\"uppercase\">VELAS\u2161-30AB<\/h3>\n<p class=\"uppercase\">Sistemas m\u00e9dicos de laser de d\u00edodo<\/p>\n\t\t\n<style>\n#text-2823229072 {\n  font-size: 2rem;\n  text-align: left;\n  color: rgb(0,0,0);\n}\n#text-2823229072 > * {\n  color: rgb(0,0,0);\n}\n@media (min-width:550px) {\n  #text-2823229072 {\n    text-align: center;\n  }\n}\n<\/style>\n\t<\/div>\n\t\n\n              <\/div>\n           <\/div>\n                            \n<style>\n#text-box-165874993 {\n  width: 60%;\n}\n#text-box-165874993 .text-box-content {\n  font-size: 100%;\n}\n<\/style>\n    <\/div>\n \n\n        <\/div>\n      <\/div>\n\n            \n<style>\n#banner-30263473 {\n  padding-top: 500px;\n  background-color: rgb(255,255,255);\n}\n<\/style>\n  <\/div>\n\n\n<h2>Indica\u00e7\u00f5es cl\u00ednicas<\/h2>\n<div>A utiliza\u00e7\u00e3o prevista do \"VELAS\u2161-30AB\" \u00e9 cortar, excisar, vaporizar e coagular tecidos. As aplica\u00e7\u00f5es espec\u00edficas incluem: procedimentos cir\u00fargicos, tais como cirurgia geral, terapia laser endovenosa (EVLT) e interven\u00e7\u00f5es no ouvido\/nariz\/garganta (ENT).\u00a0<\/div>\n<div>O m\u00e9dico deve estar ciente das aplica\u00e7\u00f5es cl\u00ednicas do laser quando a terapia exacta do laser de d\u00edodo em cada caso cl\u00ednico n\u00e3o pode ser claramente conhecida.<\/div>\n<h3>Proibida a aplica\u00e7\u00e3o em\uff1a<\/h3>\n<div>Os pacientes que t\u00eam problemas card\u00edacos, psicose, doen\u00e7as hipertensivas ou qualquer paciente que tenha sido provado n\u00e3o s\u00e3o adequados para a terapia de laser.\u00a0<\/div>\n<h3>Contra-indica\u00e7\u00f5es:<\/h3>\n<ul>\n<li>Doentes que tenham utilizado isotretino\u00edna (Accutane) nos \u00faltimos 6-12 meses.<\/li>\n<li>Doentes que tomam medicamentos conhecidos por aumentar a sensibilidade \u00e0 luz solar.<\/li>\n<li>Doentes com problemas card\u00edacos.<\/li>\n<li>Doentes com psicose.<\/li>\n<li>Doentes com doen\u00e7as hipertensivas.<\/li>\n<li>Os pacientes que comprovadamente n\u00e3o s\u00e3o adequados para a terapia de laser.<\/li>\n<\/ul>\n<div class=\"accordion\">\n\n\t<div id=\"accordion-1660216642\" class=\"accordion-item\">\n\t\t<a id=\"accordion-1660216642-label\" class=\"accordion-title plain active\" href=\"#accordion-item-general-overview\" aria-expanded=\"true\" aria-controls=\"accordion-1660216642-content\">\n\t\t\t<button class=\"toggle\" aria-label=\"Alternar\"><i class=\"icon-angle-down\" aria-hidden=\"true\"><\/i><\/button>\n\t\t\t<span>Vis\u00e3o geral<\/span>\n\t\t<\/a>\n\t\t<div id=\"accordion-1660216642-content\" class=\"accordion-inner\" style=\"display: block;\" aria-labelledby=\"accordion-1660216642-label\">\n\t\t\t\n\n<h3>O \"VELAS\u2161-30AB\" \u00e9 composto por tr\u00eas componentes principais<\/h3>\n<p>(1) Dispositivo principal;<br \/>(2) Interruptor de p\u00e9;<br \/>(3) Acess\u00f3rios: incluem conetor de interbloqueio remoto, fus\u00edvel, chave, cabo de alimenta\u00e7\u00e3o, \u00f3culos de prote\u00e7\u00e3o, fibra e etc. <br \/>O sistema laser \u00e9 constitu\u00eddo pelo m\u00f3dulo laser de d\u00edodo acoplado a fibra, pela fonte de alimenta\u00e7\u00e3o, pelo painel de controlo, pelo obturador de seguran\u00e7a e pelo sistema de controlo inform\u00e1tico incorporado.<\/p>\n\n\t\t<\/div>\n\t<\/div>\n\t\n\t<div id=\"accordion-2517726466\" class=\"accordion-item\">\n\t\t<a id=\"accordion-2517726466-label\" class=\"accordion-title plain\" href=\"#accordion-item-specifications\" aria-expanded=\"false\" aria-controls=\"accordion-2517726466-content\">\n\t\t\t<button class=\"toggle\" aria-label=\"Alternar\"><i class=\"icon-angle-down\" aria-hidden=\"true\"><\/i><\/button>\n\t\t\t<span>Especifica\u00e7\u00f5es<\/span>\n\t\t<\/a>\n\t\t<div id=\"accordion-2517726466-content\" class=\"accordion-inner\" aria-labelledby=\"accordion-2517726466-label\">\n\t\t\t\n\n<h2>Especifica\u00e7\u00f5es<\/h2>\n<table>\n<tbody>\n<tr>\n<td width=\"291\">\n<p><strong>Tipo de laser<\/strong><\/p>\n<\/td>\n<td width=\"291\">\n<p>Laser de d\u00edodo GaAlAs<\/p>\n<\/td>\n<\/tr>\n<tr>\n<td width=\"291\">\n<p><strong>Modelo<\/strong><\/p>\n<\/td>\n<td width=\"291\">\n<p>VELAS\u2161-30AB<\/p>\n<\/td>\n<\/tr>\n<tr>\n<td width=\"291\">\n<p><strong>Comprimento de onda<\/strong><\/p>\n<\/td>\n<td width=\"291\">\n<p>810nm\u00b110nm;<\/p>\n<p>980nm\u00b110nm<\/p>\n<\/td>\n<\/tr>\n<tr>\n<td width=\"291\">\n<p><strong>Pot\u00eancia de sa\u00edda<\/strong><\/p>\n<\/td>\n<td width=\"291\">\n<p>810nm: 0,5-15W (\u00b110%), passo de ajuste:0,1W<\/p>\n<p>980nm: 0,5-15W (\u00b110%), passo de ajuste:0,1W<\/p>\n<p>810nm+980nm: 1W-30W (\u00b110%), passo de ajuste:0,1W<\/p>\n<\/td>\n<\/tr>\n<tr>\n<td width=\"291\">\n<p><strong><em>S<\/em><\/strong><strong>t de Pot\u00eancia de sa\u00edda<\/strong><\/p>\n<\/td>\n<td width=\"291\">\n<p>\u226410%<\/p>\n<\/td>\n<\/tr>\n<tr>\n<td width=\"291\">\n<p><strong><em>R<\/em><\/strong><strong>p de Pot\u00eancia de sa\u00edda<\/strong><\/p>\n<\/td>\n<td width=\"291\">\n<p>\u226410%<\/p>\n<\/td>\n<\/tr>\n<tr>\n<td width=\"291\">\n<p><strong>Modo de funcionamento<\/strong><\/p>\n<\/td>\n<td width=\"291\">\n<p>CW, Pulso<\/p>\n<\/td>\n<\/tr>\n<tr>\n<td width=\"291\">\n<p><strong>Diverg\u00eancia do feixe<\/strong><\/p>\n<\/td>\n<td width=\"291\">\n<p>Feixe de trabalho: \u226425\u00b0<\/p>\n<p>Feixe de mira: \u226425\u00b0<\/p>\n<\/td>\n<\/tr>\n<tr>\n<td width=\"291\">\n<p><strong>Largura do impulso<\/strong><\/p>\n<\/td>\n<td width=\"291\">\n<p>10\u03bcs-10s<\/p>\n<\/td>\n<\/tr>\n<tr>\n<td width=\"291\">\n<p><strong>Taxa de repeti\u00e7\u00e3o de impulsos<\/strong><\/p>\n<\/td>\n<td width=\"291\">\n<p>1Hz-50 KHz<\/p>\n<\/td>\n<\/tr>\n<tr>\n<td width=\"291\">\n<p><strong>Sistemas de aplica\u00e7\u00e3o<\/strong><\/p>\n<\/td>\n<td width=\"291\">\n<p>Di\u00e2metro do n\u00facleo da fibra \u2265400\u03bcm<\/p>\n<p>NA \u22650,22<\/p>\n<p>Com conetor SMA905<\/p>\n<p>Antes de utilizar deve esterilizar<\/p>\n<\/td>\n<\/tr>\n<tr>\n<td width=\"291\">\n<p><strong>Sistema de transmiss\u00e3o<\/strong><\/p>\n<\/td>\n<td width=\"291\">\n<p>contacto: fibras de 400\u03bcm, 600\u03bcm e 800\u03bcm com conetor SMA905;<\/p>\n<p>Sem contacto: fibras e pontas<\/p>\n<\/td>\n<\/tr>\n<tr>\n<td width=\"291\">\n<p><strong>Feixe de mira<\/strong><\/p>\n<\/td>\n<td width=\"291\">\n<p>Laser de d\u00edodo de 650nm, pot\u00eancia\u22645mW, luminosidade ajust\u00e1vel.<\/p>\n<\/td>\n<\/tr>\n<tr>\n<td width=\"291\">\n<p><strong>Interface de funcionamento<\/strong><\/p>\n<\/td>\n<td width=\"291\">\n<p>Ecr\u00e3 t\u00e1til LCD a cores<\/p>\n<\/td>\n<\/tr>\n<tr>\n<td width=\"291\">\n<p><strong>Alimenta\u00e7\u00e3o el\u00e9ctrica<\/strong><\/p>\n<\/td>\n<td width=\"291\">\n<p>~100-240V, 50-60Hz, 350VA<\/p>\n<\/td>\n<\/tr>\n<tr>\n<td width=\"291\">\n<p><strong>Classe Laser<\/strong><\/p>\n<\/td>\n<td width=\"291\">\n<p>4<\/p>\n<\/td>\n<\/tr>\n<tr>\n<td width=\"291\">\n<p><strong>Classifica\u00e7\u00e3o de seguran\u00e7a<\/strong><\/p>\n<\/td>\n<td width=\"291\">\n<p>Classe\u2160Tipo B<\/p>\n<\/td>\n<\/tr>\n<tr>\n<td width=\"291\">\n<p><strong>Arrefecimento<\/strong><\/p>\n<\/td>\n<td width=\"291\">\n<p>Ar<\/p>\n<\/td>\n<\/tr>\n<tr>\n<td width=\"291\">\n<p><strong>FUS\u00cdVEL<\/strong><\/p>\n<\/td>\n<td width=\"291\">\n<p>F5AH250V<\/p>\n<\/td>\n<\/tr>\n<tr>\n<td width=\"291\">\n<p><strong>Dimens\u00f5es<\/strong><\/p>\n<\/td>\n<td width=\"291\">\n<p>400(W)*385(L)*200(H)mm<\/p>\n<\/td>\n<\/tr>\n<tr>\n<td width=\"291\">\n<p><strong>Peso<\/strong><\/p>\n<\/td>\n<td width=\"291\">\n<p>12,9 kg<\/p>\n<\/td>\n<\/tr>\n<tr>\n<td width=\"291\">\n<p><strong>N\u00edvel de impermeabilidade<\/strong><\/p>\n<\/td>\n<td width=\"291\">\n<p>IPX1<\/p>\n<\/td>\n<\/tr>\n<tr>\n<td width=\"291\">\n<p><strong>N\u00edvel de impermeabilidade do pedal<\/strong><\/p>\n<\/td>\n<td width=\"291\">\n<p>IPX8<\/p>\n<\/td>\n<\/tr>\n<tr>\n<td width=\"291\">\n<p><strong>Ambiente operacional<\/strong><\/p>\n<\/td>\n<td width=\"291\">\n<p>A temperatura \u00e9 de 5 \u2103 ~ 40 \u2103, a umidade relativa n\u00e3o \u00e9 mais do que 80% e a press\u00e3o atmosf\u00e9rica \u00e9 de 860hPa ~ 1060hPa.<\/p>\n<\/td>\n<\/tr>\n<tr>\n<td width=\"291\">\n<p><strong>Ambiente de armazenamento<\/strong><\/p>\n<\/td>\n<td width=\"291\">\n<p>A temperatura \u00e9 de -20 \u2103 ~ 50 \u2103, a umidade relativa \u00e9 inferior a 80% e a press\u00e3o atmosf\u00e9rica \u00e9 de 500hPa ~ 1060hPa.<\/p>\n<\/td>\n<\/tr>\n<\/tbody>\n<\/table>\n\n\t\t<\/div>\n\t<\/div>\n\t\n\t<div id=\"accordion-537818803\" class=\"accordion-item\">\n\t\t<a id=\"accordion-537818803-label\" class=\"accordion-title plain\" href=\"#accordion-item-safety-related-information\" aria-expanded=\"false\" aria-controls=\"accordion-537818803-content\">\n\t\t\t<button class=\"toggle\" aria-label=\"Alternar\"><i class=\"icon-angle-down\" aria-hidden=\"true\"><\/i><\/button>\n\t\t\t<span>informa\u00e7\u00f5es relacionadas com a seguran\u00e7a<\/span>\n\t\t<\/a>\n\t\t<div id=\"accordion-537818803-content\" class=\"accordion-inner\" aria-labelledby=\"accordion-537818803-label\">\n\t\t\t\n\n<p style=\"text-align: center;\"><strong>Radia\u00e7\u00e3o laser vis\u00edvel e invis\u00edvel<\/strong><strong>n<\/strong><\/p>\n<p style=\"text-align: center;\"><strong>Evitar a exposi\u00e7\u00e3o dos olhos ou da pele t<\/strong><strong>o<\/strong><\/p>\n<p style=\"text-align: center;\"><strong>Radia\u00e7\u00e3o direta ou dispersa<\/strong><strong>n<\/strong><\/p>\n<p style=\"text-align: center;\"><strong>PRODUTO LASER DE CLASSE 4 <\/strong><\/p>\n<p style=\"text-align: center;\"><strong>DIODO LASER 810nm e\/ou 980 nm+\/-10nm Max.30W<\/strong><\/p>\n<p style=\"text-align: center;\"><strong>DIODO LASER 650nm +\/-10nm Max.3mw<\/strong><\/p>\n<p style=\"text-align: center;\"><strong>EN\/IEC 60825-1:2014<\/strong><\/p>\n<p style=\"text-align: center;\"><strong>EN 60601-2-22:2020\/IEC 60601-2-22:2019<\/strong><\/p>\n<p><strong><em>AVISO: Utilize sempre \u00f3culos de prote\u00e7\u00e3o quando utilizar esta unidade. <\/em><\/strong><\/p>\n<p>A pot\u00eancia \u00f3tica emitida por este sistema pode causar les\u00f5es oculares graves ou outros ferimentos. Utilize sempre \u00f3culos de prote\u00e7\u00e3o quando utilizar esta unidade. Tenha muito cuidado para evitar ferimentos.<\/p>\n<p>Este equipamento destina-se a ser utilizado apenas por m\u00e9dicos ou cientistas com forma\u00e7\u00e3o espec\u00edfica e s\u00f3 deve ser utilizado por pessoal qualificado que se tenha familiarizado com os par\u00e2metros de funcionamento deste produto antes da sua utiliza\u00e7\u00e3o.<\/p>\n<p>O \"VELAS\u2161-30AB\" \u00e9 um laser de classe 4 de acordo com as Diretivas EN\/IEC 60825-1:2014.<\/p>\n<p>Um laser de classe 4 \u00e9 perigoso para os olhos, tanto devido ao feixe direto como \u00e0 reflex\u00e3o difusa do feixe. Apresenta tamb\u00e9m riscos significativos para a pele e para o fogo.<\/p>\n<p>\u00a0\u00a0 <strong><sup>Perigo!<\/sup><\/strong><\/p>\n<p><strong>N\u00e3o utilizar a unidade perto de anest\u00e9sicos inflam\u00e1veis ou outras subst\u00e2ncias inflam\u00e1veis.<\/strong><\/p>\n<p>Evitar a exposi\u00e7\u00e3o dos olhos ou da pele \u00e0 radia\u00e7\u00e3o direta ou dispersa. Tomar todas as precau\u00e7\u00f5es necess\u00e1rias nas \u00e1reas em que o laser est\u00e1 a ser utilizado.<\/p>\n<p>A luz infravermelha pr\u00f3xima (810nm\/980nm) do \"VELAS\u2161-30AB\" passa atrav\u00e9s dos componentes transparentes do olho e \u00e9 focada na retina na parte de tr\u00e1s do olho. Isto pode causar uma queimadura na retina por terapia acciphysical.<\/p>\n<p>Apenas os \u00f3culos de prote\u00e7\u00e3o concebidos para prote\u00e7\u00e3o contra a radia\u00e7\u00e3o laser de d\u00edodo cw com um comprimento de onda de 810nm\/980nm +\/-10nm com uma densidade \u00f3tica de <strong>OD <\/strong><strong>4 <\/strong>devem ser utilizados. Os \u00f3culos n\u00e3o concebidos de acordo com esta especifica\u00e7\u00e3o n\u00e3o s\u00e3o adequados para prote\u00e7\u00e3o dos olhos. Os \u00f3culos adequados est\u00e3o dispon\u00edveis no seu <em>Gigaalaser<\/em> representante.<\/p>\n<p>A dist\u00e2ncia nominal de perigo ocular (NOHD) \u00e9 de 6 m a partir da extremidade distal da fibra.<\/p>\n<p>\u00a0\u00a0 <strong><sup>Aten\u00e7\u00e3o!<\/sup><\/strong><\/p>\n<p><strong>N\u00e3o olhar fixamente para o feixe de mira nem observar diretamente o feixe de mira atrav\u00e9s de instrumentos \u00f3pticos. Evitar a exposi\u00e7\u00e3o direta ao feixe de mira. <\/strong><\/p>\n<p>Evite colocar material refletor, como metal e vidro, no feixe.<\/p>\n<p>\u00a0\u00a0 <strong><sup>Aten\u00e7\u00e3o!<\/sup><\/strong><\/p>\n<p><strong>A irradia\u00e7\u00e3o da terapia acad\u00e9mica para outros tecidos que n\u00e3o o tecido alvo pode resultar em queimaduras provocadas pelo laser.<\/strong><\/p>\n<p>\u00a0\u00a0 <strong><sup>Aten\u00e7\u00e3o!<\/sup><\/strong><\/p>\n<p><strong>O \"VELAS<\/strong><strong>\u2161<\/strong><strong>-30AB<\/strong><strong>\"<\/strong><strong> s\u00f3 deve ser utilizado em combina\u00e7\u00e3o com um pedal e com os sistemas de aplica\u00e7\u00e3o e de distribui\u00e7\u00e3o de luz especificados, anexos ao dispositivo.<\/strong><\/p>\n<p>\u00a0\u00a0 <strong><sup>Aten\u00e7\u00e3o!<\/sup><\/strong><\/p>\n<p><strong>Evitar tocar simultaneamente no doente e no interrutor de p\u00e9 \/ contacto da porta \/ tomada do conetor de servi\u00e7o.<\/strong><\/p>\n<p>\u00a0\u00a0 <strong><sup>NOTA:<\/sup><\/strong><\/p>\n<p><strong>Deve ser mantida uma dist\u00e2ncia m\u00ednima de 25 cm entre as ranhuras de ventila\u00e7\u00e3o e as paredes.<\/strong><\/p>\n<p>Para evitar o risco de choque el\u00e9trico, n\u00e3o retire a tampa. Toda a manuten\u00e7\u00e3o deve ser efectuada pela Gigaalaser ou por pessoal qualificado autorizado pela Gigaalaser. Ap\u00f3s o fim do per\u00edodo de garantia, a manuten\u00e7\u00e3o tamb\u00e9m pode ser efectuada por pessoas suficientemente qualificadas.<\/p>\n<p>O equipamento deve ser inspeccionado e mantido regularmente de acordo com as instru\u00e7\u00f5es fornecidas na sec\u00e7\u00e3o de manuten\u00e7\u00e3o do presente manual.<\/p>\n<p>Separe a unidade da fonte de alimenta\u00e7\u00e3o antes de a limpar e desinfetar.<\/p>\n<p>\u00a0\u00a0 <strong><sup>Aten\u00e7\u00e3o!<\/sup><\/strong><\/p>\n<p><strong>A utiliza\u00e7\u00e3o de controlos ou ajustes ou a realiza\u00e7\u00e3o de procedimentos diferentes dos especificados neste manual pode resultar numa exposi\u00e7\u00e3o perigosa a radia\u00e7\u00f5es.<\/strong><\/p>\n<p>\u00a0\u00a0 <strong><sup>NOTA!<\/sup><\/strong><\/p>\n<p><strong>Os equipamentos laser que n\u00e3o estejam a ser utilizados devem ser protegidos contra uma utiliza\u00e7\u00e3o n\u00e3o qualificada, retirando a chave do interrutor de chave.<\/strong><\/p>\n<p>Qualquer mau funcionamento ou deteriora\u00e7\u00e3o das carater\u00edsticas e\/ou do desempenho de um dispositivo, ou inadequa\u00e7\u00e3o da rotulagem ou das instru\u00e7\u00f5es de utiliza\u00e7\u00e3o, deve ser confirmado previamente atrav\u00e9s de contacto connosco.<\/p>\n<p>Em condi\u00e7\u00f5es ambientais razoavelmente previs\u00edveis, se o produto falhar devido \u00e0 exposi\u00e7\u00e3o a campos magn\u00e9ticos, influ\u00eancias el\u00e9ctricas externas, descarga eletrost\u00e1tica, press\u00e3o ou altera\u00e7\u00f5es de press\u00e3o, acelera\u00e7\u00e3o, fontes de calor, etc., contacte-nos para confirmar primeiro.<\/p>\n<p>\u00a0<\/p>\n<p>Para obter informa\u00e7\u00f5es mais detalhadas, consulte o manual ou contacte-nos.<\/p>\n<p>Empresa: Gigaalaser Company Ltd.<\/p>\n<p>Endere\u00e7o: B15-8F Wuhan Hi-tech Medical device park, Gaoxin Road #818, East Lake New Technology Development Zone (Pilot Free Trade Zone Wuhan Area), Wuhan Hubei, 430206, China\u00a0<\/p>\n<p>Tel: +86-27-65317650<\/p>\n<p>Correio eletr\u00f3nico: info@gigaamedical.com<\/p>\n\n\t\t<\/div>\n\t<\/div>\n\t\n\n<\/div>","protected":false},"excerpt":{"rendered":"","protected":false},"author":1,"featured_media":0,"parent":0,"menu_order":0,"comment_status":"closed","ping_status":"closed","template":"","meta":{"_crdt_document":"","inline_featured_image":false,"footnotes":""},"class_list":["post-18882","page","type-page","status-publish","hentry"],"yoast_head":"<!-- This site is optimized with the Yoast SEO plugin v27.4 - https:\/\/yoast.com\/product\/yoast-seo-wordpress\/ -->\n<title>VELAS\u2161-30AB - GigaaMedical is a leading global manufacturer and OEM of medical laser systems<\/title>\n<meta name=\"robots\" content=\"index, follow, max-snippet:-1, max-image-preview:large, max-video-preview:-1\" \/>\n<link rel=\"canonical\" href=\"https:\/\/www.gigaamedical.com\/pt\/velas2-30ab\/\" \/>\n<meta property=\"og:locale\" content=\"pt_PT\" \/>\n<meta property=\"og:type\" content=\"article\" \/>\n<meta property=\"og:title\" content=\"VELAS\u2161-30AB - GigaaMedical is a leading global manufacturer and OEM of medical laser systems\" \/>\n<meta property=\"og:url\" content=\"https:\/\/www.gigaamedical.com\/pt\/velas2-30ab\/\" \/>\n<meta property=\"og:site_name\" content=\"GigaaMedical is a leading global manufacturer and OEM of medical laser systems\" \/>\n<meta property=\"article:publisher\" content=\"https:\/\/www.facebook.com\/gigaamedicallaser\" \/>\n<meta property=\"article:modified_time\" content=\"2025-04-12T03:30:13+00:00\" \/>\n<meta property=\"og:image\" content=\"https:\/\/i0.wp.com\/www.gigaamedical.com\/wp-content\/uploads\/2024\/07\/GIGAA1.png?fit=2438%2C1240&ssl=1\" \/>\n\t<meta property=\"og:image:width\" content=\"2438\" \/>\n\t<meta property=\"og:image:height\" content=\"1240\" \/>\n\t<meta property=\"og:image:type\" content=\"image\/png\" \/>\n<meta name=\"twitter:card\" content=\"summary_large_image\" \/>\n<meta name=\"twitter:site\" content=\"@gigaalaser\" \/>\n<script type=\"application\/ld+json\" class=\"yoast-schema-graph\">{\"@context\":\"https:\\\/\\\/schema.org\",\"@graph\":[{\"@type\":\"WebPage\",\"@id\":\"https:\\\/\\\/www.gigaamedical.com\\\/velas2-30ab\\\/\",\"url\":\"https:\\\/\\\/www.gigaamedical.com\\\/velas2-30ab\\\/\",\"name\":\"VELAS\u2161-30AB - GigaaMedical is a leading global manufacturer and OEM of medical laser systems\",\"isPartOf\":{\"@id\":\"https:\\\/\\\/www.gigaamedical.com\\\/#website\"},\"datePublished\":\"2025-04-12T02:52:22+00:00\",\"dateModified\":\"2025-04-12T03:30:13+00:00\",\"breadcrumb\":{\"@id\":\"https:\\\/\\\/www.gigaamedical.com\\\/velas2-30ab\\\/#breadcrumb\"},\"inLanguage\":\"pt-PT\",\"potentialAction\":[{\"@type\":\"ReadAction\",\"target\":[\"https:\\\/\\\/www.gigaamedical.com\\\/velas2-30ab\\\/\"]}]},{\"@type\":\"BreadcrumbList\",\"@id\":\"https:\\\/\\\/www.gigaamedical.com\\\/velas2-30ab\\\/#breadcrumb\",\"itemListElement\":[{\"@type\":\"ListItem\",\"position\":1,\"name\":\"\u9996\u9875\",\"item\":\"https:\\\/\\\/www.gigaamedical.com\\\/\"},{\"@type\":\"ListItem\",\"position\":2,\"name\":\"VELAS\u2161-30AB\"}]},{\"@type\":\"WebSite\",\"@id\":\"https:\\\/\\\/www.gigaamedical.com\\\/#website\",\"url\":\"https:\\\/\\\/www.gigaamedical.com\\\/\",\"name\":\"GigaaMedicalLaser\",\"description\":\"Professional medical laser system for your health\",\"publisher\":{\"@id\":\"https:\\\/\\\/www.gigaamedical.com\\\/#organization\"},\"alternateName\":\"GigaaLaser\",\"potentialAction\":[{\"@type\":\"SearchAction\",\"target\":{\"@type\":\"EntryPoint\",\"urlTemplate\":\"https:\\\/\\\/www.gigaamedical.com\\\/?s={search_term_string}\"},\"query-input\":{\"@type\":\"PropertyValueSpecification\",\"valueRequired\":true,\"valueName\":\"search_term_string\"}}],\"inLanguage\":\"pt-PT\"},{\"@type\":\"Organization\",\"@id\":\"https:\\\/\\\/www.gigaamedical.com\\\/#organization\",\"name\":\"Gigaalaser Company ltd.\",\"alternateName\":\"Gigaalaser\",\"url\":\"https:\\\/\\\/www.gigaamedical.com\\\/\",\"logo\":{\"@type\":\"ImageObject\",\"inLanguage\":\"pt-PT\",\"@id\":\"https:\\\/\\\/www.gigaamedical.com\\\/#\\\/schema\\\/logo\\\/image\\\/\",\"url\":\"https:\\\/\\\/i0.wp.com\\\/www.gigaamedical.com\\\/wp-content\\\/uploads\\\/2024\\\/07\\\/GIGAA1.png?fit=2438%2C1240&ssl=1\",\"contentUrl\":\"https:\\\/\\\/i0.wp.com\\\/www.gigaamedical.com\\\/wp-content\\\/uploads\\\/2024\\\/07\\\/GIGAA1.png?fit=2438%2C1240&ssl=1\",\"width\":2438,\"height\":1240,\"caption\":\"Gigaalaser Company ltd.\"},\"image\":{\"@id\":\"https:\\\/\\\/www.gigaamedical.com\\\/#\\\/schema\\\/logo\\\/image\\\/\"},\"sameAs\":[\"https:\\\/\\\/www.facebook.com\\\/gigaamedicallaser\",\"https:\\\/\\\/x.com\\\/gigaalaser\"]}]}<\/script>\n<!-- \/ Yoast SEO plugin. -->","yoast_head_json":{"title":"VELAS\u2161-30AB - GigaaMedical \u00e9 um fabricante l\u00edder global e OEM de sistemas de laser m\u00e9dico","robots":{"index":"index","follow":"follow","max-snippet":"max-snippet:-1","max-image-preview":"max-image-preview:large","max-video-preview":"max-video-preview:-1"},"canonical":"https:\/\/www.gigaamedical.com\/pt\/velas2-30ab\/","og_locale":"pt_PT","og_type":"article","og_title":"VELAS\u2161-30AB - GigaaMedical is a leading global manufacturer and OEM of medical laser systems","og_url":"https:\/\/www.gigaamedical.com\/pt\/velas2-30ab\/","og_site_name":"GigaaMedical is a leading global manufacturer and OEM of medical laser systems","article_publisher":"https:\/\/www.facebook.com\/gigaamedicallaser","article_modified_time":"2025-04-12T03:30:13+00:00","og_image":[{"width":2438,"height":1240,"url":"https:\/\/i0.wp.com\/www.gigaamedical.com\/wp-content\/uploads\/2024\/07\/GIGAA1.png?fit=2438%2C1240&ssl=1","type":"image\/png"}],"twitter_card":"summary_large_image","twitter_site":"@gigaalaser","schema":{"@context":"https:\/\/schema.org","@graph":[{"@type":"WebPage","@id":"https:\/\/www.gigaamedical.com\/velas2-30ab\/","url":"https:\/\/www.gigaamedical.com\/velas2-30ab\/","name":"VELAS\u2161-30AB - GigaaMedical \u00e9 um fabricante l\u00edder global e OEM de sistemas de laser m\u00e9dico","isPartOf":{"@id":"https:\/\/www.gigaamedical.com\/#website"},"datePublished":"2025-04-12T02:52:22+00:00","dateModified":"2025-04-12T03:30:13+00:00","breadcrumb":{"@id":"https:\/\/www.gigaamedical.com\/velas2-30ab\/#breadcrumb"},"inLanguage":"pt-PT","potentialAction":[{"@type":"ReadAction","target":["https:\/\/www.gigaamedical.com\/velas2-30ab\/"]}]},{"@type":"BreadcrumbList","@id":"https:\/\/www.gigaamedical.com\/velas2-30ab\/#breadcrumb","itemListElement":[{"@type":"ListItem","position":1,"name":"\u9996\u9875","item":"https:\/\/www.gigaamedical.com\/"},{"@type":"ListItem","position":2,"name":"VELAS\u2161-30AB"}]},{"@type":"WebSite","@id":"https:\/\/www.gigaamedical.com\/#website","url":"https:\/\/www.gigaamedical.com\/","name":"GigaaMedicalLaser","description":"Sistema laser m\u00e9dico profissional para a sua sa\u00fade","publisher":{"@id":"https:\/\/www.gigaamedical.com\/#organization"},"alternateName":"GigaaLaser","potentialAction":[{"@type":"SearchAction","target":{"@type":"EntryPoint","urlTemplate":"https:\/\/www.gigaamedical.com\/?s={search_term_string}"},"query-input":{"@type":"PropertyValueSpecification","valueRequired":true,"valueName":"search_term_string"}}],"inLanguage":"pt-PT"},{"@type":"Organization","@id":"https:\/\/www.gigaamedical.com\/#organization","name":"Gigaalaser Company ltd.","alternateName":"Gigaalaser","url":"https:\/\/www.gigaamedical.com\/","logo":{"@type":"ImageObject","inLanguage":"pt-PT","@id":"https:\/\/www.gigaamedical.com\/#\/schema\/logo\/image\/","url":"https:\/\/i0.wp.com\/www.gigaamedical.com\/wp-content\/uploads\/2024\/07\/GIGAA1.png?fit=2438%2C1240&ssl=1","contentUrl":"https:\/\/i0.wp.com\/www.gigaamedical.com\/wp-content\/uploads\/2024\/07\/GIGAA1.png?fit=2438%2C1240&ssl=1","width":2438,"height":1240,"caption":"Gigaalaser Company ltd."},"image":{"@id":"https:\/\/www.gigaamedical.com\/#\/schema\/logo\/image\/"},"sameAs":["https:\/\/www.facebook.com\/gigaamedicallaser","https:\/\/x.com\/gigaalaser"]}]}},"jetpack_sharing_enabled":true,"_links":{"self":[{"href":"https:\/\/www.gigaamedical.com\/pt\/wp-json\/wp\/v2\/pages\/18882","targetHints":{"allow":["GET"]}}],"collection":[{"href":"https:\/\/www.gigaamedical.com\/pt\/wp-json\/wp\/v2\/pages"}],"about":[{"href":"https:\/\/www.gigaamedical.com\/pt\/wp-json\/wp\/v2\/types\/page"}],"author":[{"embeddable":true,"href":"https:\/\/www.gigaamedical.com\/pt\/wp-json\/wp\/v2\/users\/1"}],"replies":[{"embeddable":true,"href":"https:\/\/www.gigaamedical.com\/pt\/wp-json\/wp\/v2\/comments?post=18882"}],"version-history":[{"count":0,"href":"https:\/\/www.gigaamedical.com\/pt\/wp-json\/wp\/v2\/pages\/18882\/revisions"}],"wp:attachment":[{"href":"https:\/\/www.gigaamedical.com\/pt\/wp-json\/wp\/v2\/media?parent=18882"}],"curies":[{"name":"wp","href":"https:\/\/api.w.org\/{rel}","templated":true}]}}