{"id":2873,"date":"2021-11-01T15:50:35","date_gmt":"2021-11-01T07:50:35","guid":{"rendered":"https:\/\/www.gigaalaser.com\/?post_type=product&#038;p=2873"},"modified":"2021-11-01T16:38:25","modified_gmt":"2021-11-01T08:38:25","slug":"lunettes-de-protection-pour-1470nm","status":"publish","type":"product","link":"https:\/\/www.gigaamedical.com\/fr\/product\/safety-goggles-for-1470nm\/","title":{"rendered":"Lunettes de s\u00e9curit\u00e9 pour 1470nm"},"content":{"rendered":"<p>Nos lunettes laser 701 Pi5 Gunmetal gray sont con\u00e7ues dans un souci de qualit\u00e9 et de personnalisation. La monture 701 a une forme universelle avec des branches pliables et un design qui s'ajuste sur la monture. Les 7 options de couleurs diff\u00e9rentes vous permettent de cr\u00e9er votre propre syst\u00e8me d'organisation.<\/p>\n<ul>\n<li>Adaptation universelle<\/li>\n<li>Possibilit\u00e9 d'attacher des sangles de t\u00eate pour plus de s\u00e9curit\u00e9.<\/li>\n<li>Plusieurs couleurs de cadre possibles : Blanc, bronze, bleu, vert, violet, rouge et z\u00e8bre.<\/li>\n<\/ul>\n<p><strong>Sp\u00e9cialit\u00e9 \/ Applications :<\/strong>\u00a0Resurfa\u00e7age au laser<\/p>\n<p><strong>Type de laser :<\/strong>\u00a0Nd:YAG, fractionn\u00e9<\/p>\n<h2>Informations compl\u00e9mentaires<\/h2>\n<table class=\"woocommerce-product-attributes shop_attributes\">\n<tbody>\n<tr class=\"woocommerce-product-attributes-item woocommerce-product-attributes-item--attribute_pa_color\">\n<th class=\"woocommerce-product-attributes-item__label\">Couleur<\/th>\n<td class=\"woocommerce-product-attributes-item__value\">Vert<\/td>\n<\/tr>\n<tr class=\"woocommerce-product-attributes-item woocommerce-product-attributes-item--attribute_pa_material\">\n<th class=\"woocommerce-product-attributes-item__label\">Mat\u00e9riau<\/th>\n<td class=\"woocommerce-product-attributes-item__value\">Polym\u00e8re<\/td>\n<\/tr>\n<tr class=\"woocommerce-product-attributes-item woocommerce-product-attributes-item--attribute_pa_wavelength\">\n<th class=\"woocommerce-product-attributes-item__label\">Longueur d'onde<\/th>\n<td class=\"woocommerce-product-attributes-item__value\">1140nm, 1600nm, 1700nm, 1750nm, 470nm, 870nm, 190nm, 600nm, 800nm, 830nm, 840nm<\/td>\n<\/tr>\n<\/tbody>\n<\/table>","protected":false},"excerpt":{"rendered":"<p class=\"product_title entry-title\">Lunettes Pi5 Laser, monture 701G<\/p>\n<p>Mat\u00e9riau :<br \/>\nPolycarbonate (vert fonc\u00e9)<\/p>\n<p>Sp\u00e9cifications :<br \/>\n190-470nm (OD 5)<br \/>\n600-800nm (OD 1)<br \/>\n800-1750nm (OD 5)<br \/>\n830-1700nm (OD 6)<br \/>\n840-1600nm (OD 7)<br \/>\n870-1140nm (OD 8)<\/p>\n<p>VLT :<br \/>\n9%<\/p>","protected":false},"featured_media":2874,"comment_status":"closed","ping_status":"closed","template":"","meta":{"_crdt_document":"","inline_featured_image":false},"product_brand":[],"product_cat":[77],"product_tag":[],"class_list":{"0":"post-2873","1":"product","2":"type-product","3":"status-publish","4":"has-post-thumbnail","6":"product_cat-safety-goggles","8":"first","9":"instock","10":"shipping-taxable","11":"purchasable","12":"product-type-simple"},"yoast_head":"<!-- This site is optimized with the Yoast SEO plugin v27.5 - https:\/\/yoast.com\/product\/yoast-seo-wordpress\/ -->\n<title>Safety goggles for 1470nm - GigaaMedical is a leading global manufacturer and OEM of medical laser systems<\/title>\n<meta name=\"robots\" content=\"index, follow, max-snippet:-1, max-image-preview:large, max-video-preview:-1\" \/>\n<link rel=\"canonical\" href=\"https:\/\/www.gigaamedical.com\/fr\/product\/lunettes-de-protection-pour-1470nm\/\" \/>\n<meta property=\"og:locale\" content=\"fr_FR\" \/>\n<meta property=\"og:type\" content=\"article\" \/>\n<meta property=\"og:title\" content=\"Safety goggles for 1470nm - GigaaMedical is a leading global manufacturer and OEM of medical laser systems\" \/>\n<meta property=\"og:description\" content=\"Pi5 Laser Glasses, 701G Frame Material: Polycarbonate (Dark Green)  Specifications: 190-470nm (OD 5) 600-800nm (OD 1) 800-1750nm (OD 5) 830-1700nm (OD 6) 840-1600nm (OD 7) 870-1140nm (OD 8)  VLT: 9%\" \/>\n<meta property=\"og:url\" content=\"https:\/\/www.gigaamedical.com\/fr\/product\/lunettes-de-protection-pour-1470nm\/\" \/>\n<meta property=\"og:site_name\" content=\"GigaaMedical is a leading global manufacturer and OEM of medical laser systems\" \/>\n<meta property=\"article:publisher\" content=\"https:\/\/www.facebook.com\/gigaamedicallaser\" \/>\n<meta property=\"article:modified_time\" content=\"2021-11-01T08:38:25+00:00\" \/>\n<meta property=\"og:image\" content=\"https:\/\/i0.wp.com\/www.gigaamedical.com\/wp-content\/uploads\/2021\/11\/701-gunmetal-frame-Pi5-Lens.jpg?fit=500%2C500&ssl=1\" \/>\n\t<meta property=\"og:image:width\" content=\"500\" \/>\n\t<meta property=\"og:image:height\" content=\"500\" \/>\n\t<meta property=\"og:image:type\" content=\"image\/jpeg\" \/>\n<meta name=\"twitter:card\" content=\"summary_large_image\" \/>\n<meta name=\"twitter:site\" content=\"@gigaalaser\" \/>\n<script type=\"application\/ld+json\" class=\"yoast-schema-graph\">{\"@context\":\"https:\\\/\\\/schema.org\",\"@graph\":[{\"@type\":\"WebPage\",\"@id\":\"https:\\\/\\\/www.gigaamedical.com\\\/product\\\/safety-goggles-for-1470nm\\\/\",\"url\":\"https:\\\/\\\/www.gigaamedical.com\\\/product\\\/safety-goggles-for-1470nm\\\/\",\"name\":\"Safety goggles for 1470nm - GigaaMedical is a leading global manufacturer and OEM of medical laser systems\",\"isPartOf\":{\"@id\":\"https:\\\/\\\/www.gigaamedical.com\\\/#website\"},\"primaryImageOfPage\":{\"@id\":\"https:\\\/\\\/www.gigaamedical.com\\\/product\\\/safety-goggles-for-1470nm\\\/#primaryimage\"},\"image\":{\"@id\":\"https:\\\/\\\/www.gigaamedical.com\\\/product\\\/safety-goggles-for-1470nm\\\/#primaryimage\"},\"thumbnailUrl\":\"https:\\\/\\\/i0.wp.com\\\/www.gigaamedical.com\\\/wp-content\\\/uploads\\\/2021\\\/11\\\/701-gunmetal-frame-Pi5-Lens.jpg?fit=500%2C500&ssl=1\",\"datePublished\":\"2021-11-01T07:50:35+00:00\",\"dateModified\":\"2021-11-01T08:38:25+00:00\",\"breadcrumb\":{\"@id\":\"https:\\\/\\\/www.gigaamedical.com\\\/product\\\/safety-goggles-for-1470nm\\\/#breadcrumb\"},\"inLanguage\":\"fr-FR\",\"potentialAction\":[{\"@type\":\"ReadAction\",\"target\":[\"https:\\\/\\\/www.gigaamedical.com\\\/product\\\/safety-goggles-for-1470nm\\\/\"]}]},{\"@type\":\"ImageObject\",\"inLanguage\":\"fr-FR\",\"@id\":\"https:\\\/\\\/www.gigaamedical.com\\\/product\\\/safety-goggles-for-1470nm\\\/#primaryimage\",\"url\":\"https:\\\/\\\/i0.wp.com\\\/www.gigaamedical.com\\\/wp-content\\\/uploads\\\/2021\\\/11\\\/701-gunmetal-frame-Pi5-Lens.jpg?fit=500%2C500&ssl=1\",\"contentUrl\":\"https:\\\/\\\/i0.wp.com\\\/www.gigaamedical.com\\\/wp-content\\\/uploads\\\/2021\\\/11\\\/701-gunmetal-frame-Pi5-Lens.jpg?fit=500%2C500&ssl=1\",\"width\":500,\"height\":500},{\"@type\":\"BreadcrumbList\",\"@id\":\"https:\\\/\\\/www.gigaamedical.com\\\/product\\\/safety-goggles-for-1470nm\\\/#breadcrumb\",\"itemListElement\":[{\"@type\":\"ListItem\",\"position\":1,\"name\":\"\u9996\u9875\",\"item\":\"https:\\\/\\\/www.gigaamedical.com\\\/\"},{\"@type\":\"ListItem\",\"position\":2,\"name\":\"Shop\",\"item\":\"https:\\\/\\\/www.gigaamedical.com\\\/shop\\\/\"},{\"@type\":\"ListItem\",\"position\":3,\"name\":\"Safety goggles for 1470nm\"}]},{\"@type\":\"WebSite\",\"@id\":\"https:\\\/\\\/www.gigaamedical.com\\\/#website\",\"url\":\"https:\\\/\\\/www.gigaamedical.com\\\/\",\"name\":\"GigaaMedicalLaser\",\"description\":\"Professional medical laser system for your health\",\"publisher\":{\"@id\":\"https:\\\/\\\/www.gigaamedical.com\\\/#organization\"},\"alternateName\":\"GigaaLaser\",\"potentialAction\":[{\"@type\":\"SearchAction\",\"target\":{\"@type\":\"EntryPoint\",\"urlTemplate\":\"https:\\\/\\\/www.gigaamedical.com\\\/?s={search_term_string}\"},\"query-input\":{\"@type\":\"PropertyValueSpecification\",\"valueRequired\":true,\"valueName\":\"search_term_string\"}}],\"inLanguage\":\"fr-FR\"},{\"@type\":\"Organization\",\"@id\":\"https:\\\/\\\/www.gigaamedical.com\\\/#organization\",\"name\":\"Gigaalaser Company ltd.\",\"alternateName\":\"Gigaalaser\",\"url\":\"https:\\\/\\\/www.gigaamedical.com\\\/\",\"logo\":{\"@type\":\"ImageObject\",\"inLanguage\":\"fr-FR\",\"@id\":\"https:\\\/\\\/www.gigaamedical.com\\\/#\\\/schema\\\/logo\\\/image\\\/\",\"url\":\"https:\\\/\\\/i0.wp.com\\\/www.gigaamedical.com\\\/wp-content\\\/uploads\\\/2024\\\/07\\\/GIGAA1.png?fit=2438%2C1240&ssl=1\",\"contentUrl\":\"https:\\\/\\\/i0.wp.com\\\/www.gigaamedical.com\\\/wp-content\\\/uploads\\\/2024\\\/07\\\/GIGAA1.png?fit=2438%2C1240&ssl=1\",\"width\":2438,\"height\":1240,\"caption\":\"Gigaalaser Company ltd.\"},\"image\":{\"@id\":\"https:\\\/\\\/www.gigaamedical.com\\\/#\\\/schema\\\/logo\\\/image\\\/\"},\"sameAs\":[\"https:\\\/\\\/www.facebook.com\\\/gigaamedicallaser\",\"https:\\\/\\\/x.com\\\/gigaalaser\"]}]}<\/script>\n<!-- \/ Yoast SEO plugin. -->","yoast_head_json":{"title":"Lunettes de protection pour 1470nm - GigaaMedical est un fabricant leader mondial et OEM de syst\u00e8mes laser m\u00e9dicaux.","robots":{"index":"index","follow":"follow","max-snippet":"max-snippet:-1","max-image-preview":"max-image-preview:large","max-video-preview":"max-video-preview:-1"},"canonical":"https:\/\/www.gigaamedical.com\/fr\/product\/lunettes-de-protection-pour-1470nm\/","og_locale":"fr_FR","og_type":"article","og_title":"Safety goggles for 1470nm - GigaaMedical is a leading global manufacturer and OEM of medical laser systems","og_description":"Pi5 Laser Glasses, 701G Frame Material: Polycarbonate (Dark Green)  Specifications: 190-470nm (OD 5) 600-800nm (OD 1) 800-1750nm (OD 5) 830-1700nm (OD 6) 840-1600nm (OD 7) 870-1140nm (OD 8)  VLT: 9%","og_url":"https:\/\/www.gigaamedical.com\/fr\/product\/lunettes-de-protection-pour-1470nm\/","og_site_name":"GigaaMedical is a leading global manufacturer and OEM of medical laser systems","article_publisher":"https:\/\/www.facebook.com\/gigaamedicallaser","article_modified_time":"2021-11-01T08:38:25+00:00","og_image":[{"width":500,"height":500,"url":"https:\/\/i0.wp.com\/www.gigaamedical.com\/wp-content\/uploads\/2021\/11\/701-gunmetal-frame-Pi5-Lens.jpg?fit=500%2C500&ssl=1","type":"image\/jpeg"}],"twitter_card":"summary_large_image","twitter_site":"@gigaalaser","schema":{"@context":"https:\/\/schema.org","@graph":[{"@type":"WebPage","@id":"https:\/\/www.gigaamedical.com\/product\/safety-goggles-for-1470nm\/","url":"https:\/\/www.gigaamedical.com\/product\/safety-goggles-for-1470nm\/","name":"Lunettes de protection pour 1470nm - GigaaMedical est un fabricant leader mondial et OEM de syst\u00e8mes laser m\u00e9dicaux.","isPartOf":{"@id":"https:\/\/www.gigaamedical.com\/#website"},"primaryImageOfPage":{"@id":"https:\/\/www.gigaamedical.com\/product\/safety-goggles-for-1470nm\/#primaryimage"},"image":{"@id":"https:\/\/www.gigaamedical.com\/product\/safety-goggles-for-1470nm\/#primaryimage"},"thumbnailUrl":"https:\/\/i0.wp.com\/www.gigaamedical.com\/wp-content\/uploads\/2021\/11\/701-gunmetal-frame-Pi5-Lens.jpg?fit=500%2C500&ssl=1","datePublished":"2021-11-01T07:50:35+00:00","dateModified":"2021-11-01T08:38:25+00:00","breadcrumb":{"@id":"https:\/\/www.gigaamedical.com\/product\/safety-goggles-for-1470nm\/#breadcrumb"},"inLanguage":"fr-FR","potentialAction":[{"@type":"ReadAction","target":["https:\/\/www.gigaamedical.com\/product\/safety-goggles-for-1470nm\/"]}]},{"@type":"ImageObject","inLanguage":"fr-FR","@id":"https:\/\/www.gigaamedical.com\/product\/safety-goggles-for-1470nm\/#primaryimage","url":"https:\/\/i0.wp.com\/www.gigaamedical.com\/wp-content\/uploads\/2021\/11\/701-gunmetal-frame-Pi5-Lens.jpg?fit=500%2C500&ssl=1","contentUrl":"https:\/\/i0.wp.com\/www.gigaamedical.com\/wp-content\/uploads\/2021\/11\/701-gunmetal-frame-Pi5-Lens.jpg?fit=500%2C500&ssl=1","width":500,"height":500},{"@type":"BreadcrumbList","@id":"https:\/\/www.gigaamedical.com\/product\/safety-goggles-for-1470nm\/#breadcrumb","itemListElement":[{"@type":"ListItem","position":1,"name":"\u9996\u9875","item":"https:\/\/www.gigaamedical.com\/"},{"@type":"ListItem","position":2,"name":"Shop","item":"https:\/\/www.gigaamedical.com\/shop\/"},{"@type":"ListItem","position":3,"name":"Safety goggles for 1470nm"}]},{"@type":"WebSite","@id":"https:\/\/www.gigaamedical.com\/#website","url":"https:\/\/www.gigaamedical.com\/","name":"GigaaMedicalLaser","description":"Un syst\u00e8me laser m\u00e9dical professionnel pour votre sant\u00e9","publisher":{"@id":"https:\/\/www.gigaamedical.com\/#organization"},"alternateName":"GigaaLaser","potentialAction":[{"@type":"SearchAction","target":{"@type":"EntryPoint","urlTemplate":"https:\/\/www.gigaamedical.com\/?s={search_term_string}"},"query-input":{"@type":"PropertyValueSpecification","valueRequired":true,"valueName":"search_term_string"}}],"inLanguage":"fr-FR"},{"@type":"Organization","@id":"https:\/\/www.gigaamedical.com\/#organization","name":"Gigaalaser Company ltd.","alternateName":"Gigaalaser","url":"https:\/\/www.gigaamedical.com\/","logo":{"@type":"ImageObject","inLanguage":"fr-FR","@id":"https:\/\/www.gigaamedical.com\/#\/schema\/logo\/image\/","url":"https:\/\/i0.wp.com\/www.gigaamedical.com\/wp-content\/uploads\/2024\/07\/GIGAA1.png?fit=2438%2C1240&ssl=1","contentUrl":"https:\/\/i0.wp.com\/www.gigaamedical.com\/wp-content\/uploads\/2024\/07\/GIGAA1.png?fit=2438%2C1240&ssl=1","width":2438,"height":1240,"caption":"Gigaalaser Company ltd."},"image":{"@id":"https:\/\/www.gigaamedical.com\/#\/schema\/logo\/image\/"},"sameAs":["https:\/\/www.facebook.com\/gigaamedicallaser","https:\/\/x.com\/gigaalaser"]}]}},"jetpack_sharing_enabled":true,"_links":{"self":[{"href":"https:\/\/www.gigaamedical.com\/fr\/wp-json\/wp\/v2\/product\/2873","targetHints":{"allow":["GET"]}}],"collection":[{"href":"https:\/\/www.gigaamedical.com\/fr\/wp-json\/wp\/v2\/product"}],"about":[{"href":"https:\/\/www.gigaamedical.com\/fr\/wp-json\/wp\/v2\/types\/product"}],"replies":[{"embeddable":true,"href":"https:\/\/www.gigaamedical.com\/fr\/wp-json\/wp\/v2\/comments?post=2873"}],"wp:featuredmedia":[{"embeddable":true,"href":"https:\/\/www.gigaamedical.com\/fr\/wp-json\/wp\/v2\/media\/2874"}],"wp:attachment":[{"href":"https:\/\/www.gigaamedical.com\/fr\/wp-json\/wp\/v2\/media?parent=2873"}],"wp:term":[{"taxonomy":"product_brand","embeddable":true,"href":"https:\/\/www.gigaamedical.com\/fr\/wp-json\/wp\/v2\/product_brand?post=2873"},{"taxonomy":"product_cat","embeddable":true,"href":"https:\/\/www.gigaamedical.com\/fr\/wp-json\/wp\/v2\/product_cat?post=2873"},{"taxonomy":"product_tag","embeddable":true,"href":"https:\/\/www.gigaamedical.com\/fr\/wp-json\/wp\/v2\/product_tag?post=2873"}],"curies":[{"name":"wp","href":"https:\/\/api.w.org\/{rel}","templated":true}]}}