{"id":2791,"date":"2021-10-22T12:29:55","date_gmt":"2021-10-22T04:29:55","guid":{"rendered":"https:\/\/www.gigaalaser.com\/?post_type=product&#038;p=2791"},"modified":"2023-10-10T13:21:05","modified_gmt":"2023-10-10T05:21:05","slug":"kit-de-lunettes-de-protection-veterinaire","status":"publish","type":"product","link":"https:\/\/www.gigaamedical.com\/fr\/product\/veterinary-safety-goggles-kit\/","title":{"rendered":"Lunettes de protection v\u00e9t\u00e9rinaire Kit"},"content":{"rendered":"<p><img data-recalc-dims=\"1\" loading=\"lazy\" decoding=\"async\" class=\"alignnone size-large wp-image-2132\" src=\"https:\/\/i0.wp.com\/www.gigaalaser.com\/wp-content\/uploads\/2021\/07\/666527-1024x816.jpg?resize=1020%2C813&#038;ssl=1\" alt=\"\" width=\"1020\" height=\"813\" srcset=\"https:\/\/i0.wp.com\/www.gigaamedical.com\/wp-content\/uploads\/2021\/07\/666527.jpg?resize=1024%2C816&amp;ssl=1 1024w, https:\/\/i0.wp.com\/www.gigaamedical.com\/wp-content\/uploads\/2021\/07\/666527.jpg?resize=600%2C478&amp;ssl=1 600w, https:\/\/i0.wp.com\/www.gigaamedical.com\/wp-content\/uploads\/2021\/07\/666527.jpg?resize=300%2C239&amp;ssl=1 300w, https:\/\/i0.wp.com\/www.gigaamedical.com\/wp-content\/uploads\/2021\/07\/666527.jpg?resize=768%2C612&amp;ssl=1 768w, https:\/\/i0.wp.com\/www.gigaamedical.com\/wp-content\/uploads\/2021\/07\/666527.jpg?resize=732%2C583&amp;ssl=1 732w, https:\/\/i0.wp.com\/www.gigaamedical.com\/wp-content\/uploads\/2021\/07\/666527.jpg?resize=1140%2C908&amp;ssl=1 1140w, https:\/\/i0.wp.com\/www.gigaamedical.com\/wp-content\/uploads\/2021\/07\/666527.jpg?resize=24%2C19&amp;ssl=1 24w, https:\/\/i0.wp.com\/www.gigaamedical.com\/wp-content\/uploads\/2021\/07\/666527.jpg?resize=36%2C29&amp;ssl=1 36w, https:\/\/i0.wp.com\/www.gigaamedical.com\/wp-content\/uploads\/2021\/07\/666527.jpg?resize=48%2C38&amp;ssl=1 48w, https:\/\/i0.wp.com\/www.gigaamedical.com\/wp-content\/uploads\/2021\/07\/666527.jpg?w=1288&amp;ssl=1 1288w\" sizes=\"auto, (max-width: 1020px) 100vw, 1020px\" \/><\/p>\n<p>Con\u00e7u pour prot\u00e9ger les yeux des animaux de l'exposition au laser pendant la th\u00e9rapie laser. Le kit comprend trois tailles pour s'adapter \u00e0 la plupart des animaux, du petit chat au grand chien.<\/p>","protected":false},"excerpt":{"rendered":"<p>Cat\u00e9gorie : Lunettes v\u00e9t\u00e9rinaires<br \/>\nDensit\u00e9 optique : 630 - 660nm OD4+<br \/>\n200-470nm OD4+<br \/>\n800 - 1100nm OD4+<br \/>\nLB-Rating : 630 - 660nm DIR LB4 200-470nm LB4 800 - 1100nm DIR LB4<br \/>\nConformit\u00e9 : CE EN207<\/p>","protected":false},"featured_media":2132,"comment_status":"closed","ping_status":"closed","template":"","meta":{"_crdt_document":"","inline_featured_image":false},"product_brand":[],"product_cat":[76],"product_tag":[],"class_list":{"0":"post-2791","1":"product","2":"type-product","3":"status-publish","4":"has-post-thumbnail","6":"product_cat-veterinary","8":"first","9":"instock","10":"shipping-taxable","11":"purchasable","12":"product-type-simple"},"yoast_head":"<!-- This site is optimized with the Yoast SEO plugin v27.4 - https:\/\/yoast.com\/product\/yoast-seo-wordpress\/ -->\n<title>Veterinary safety goggles Kit - GigaaMedical is a leading global manufacturer and OEM of medical laser systems<\/title>\n<meta name=\"robots\" content=\"index, follow, max-snippet:-1, max-image-preview:large, max-video-preview:-1\" \/>\n<link rel=\"canonical\" href=\"https:\/\/www.gigaamedical.com\/fr\/product\/kit-de-lunettes-de-protection-veterinaire\/\" \/>\n<meta property=\"og:locale\" content=\"fr_FR\" \/>\n<meta property=\"og:type\" content=\"article\" \/>\n<meta property=\"og:title\" content=\"Veterinary safety goggles Kit - GigaaMedical is a leading global manufacturer and OEM of medical laser systems\" \/>\n<meta property=\"og:description\" content=\"Category: Veterinary Eyewear Optical Density : 630 \u2013 660nm OD4+ 200-470nm OD4+ 800 \u2013 1100nm OD4+ LB-Rating : 630 \u2013 660nm DIR LB4 200-470nm LB4 800 \u2013 1100nm DIR LB4 According : CE EN207\" \/>\n<meta property=\"og:url\" content=\"https:\/\/www.gigaamedical.com\/fr\/product\/kit-de-lunettes-de-protection-veterinaire\/\" \/>\n<meta property=\"og:site_name\" content=\"GigaaMedical is a leading global manufacturer and OEM of medical laser systems\" \/>\n<meta property=\"article:publisher\" content=\"https:\/\/www.facebook.com\/gigaamedicallaser\" \/>\n<meta property=\"article:modified_time\" content=\"2023-10-10T05:21:05+00:00\" \/>\n<meta property=\"og:image\" content=\"https:\/\/i0.wp.com\/www.gigaamedical.com\/wp-content\/uploads\/2021\/07\/666527.jpg?fit=1288%2C1026&ssl=1\" \/>\n\t<meta property=\"og:image:width\" content=\"1288\" \/>\n\t<meta property=\"og:image:height\" content=\"1026\" \/>\n\t<meta property=\"og:image:type\" content=\"image\/jpeg\" \/>\n<meta name=\"twitter:card\" content=\"summary_large_image\" \/>\n<meta name=\"twitter:site\" content=\"@gigaalaser\" \/>\n<script type=\"application\/ld+json\" class=\"yoast-schema-graph\">{\"@context\":\"https:\\\/\\\/schema.org\",\"@graph\":[{\"@type\":\"WebPage\",\"@id\":\"https:\\\/\\\/www.gigaamedical.com\\\/product\\\/veterinary-safety-goggles-kit\\\/\",\"url\":\"https:\\\/\\\/www.gigaamedical.com\\\/product\\\/veterinary-safety-goggles-kit\\\/\",\"name\":\"Veterinary safety goggles Kit - GigaaMedical is a leading global manufacturer and OEM of medical laser systems\",\"isPartOf\":{\"@id\":\"https:\\\/\\\/www.gigaamedical.com\\\/#website\"},\"primaryImageOfPage\":{\"@id\":\"https:\\\/\\\/www.gigaamedical.com\\\/product\\\/veterinary-safety-goggles-kit\\\/#primaryimage\"},\"image\":{\"@id\":\"https:\\\/\\\/www.gigaamedical.com\\\/product\\\/veterinary-safety-goggles-kit\\\/#primaryimage\"},\"thumbnailUrl\":\"https:\\\/\\\/i0.wp.com\\\/www.gigaamedical.com\\\/wp-content\\\/uploads\\\/2021\\\/07\\\/666527.jpg?fit=1288%2C1026&ssl=1\",\"datePublished\":\"2021-10-22T04:29:55+00:00\",\"dateModified\":\"2023-10-10T05:21:05+00:00\",\"breadcrumb\":{\"@id\":\"https:\\\/\\\/www.gigaamedical.com\\\/product\\\/veterinary-safety-goggles-kit\\\/#breadcrumb\"},\"inLanguage\":\"fr-FR\",\"potentialAction\":[{\"@type\":\"ReadAction\",\"target\":[\"https:\\\/\\\/www.gigaamedical.com\\\/product\\\/veterinary-safety-goggles-kit\\\/\"]}]},{\"@type\":\"ImageObject\",\"inLanguage\":\"fr-FR\",\"@id\":\"https:\\\/\\\/www.gigaamedical.com\\\/product\\\/veterinary-safety-goggles-kit\\\/#primaryimage\",\"url\":\"https:\\\/\\\/i0.wp.com\\\/www.gigaamedical.com\\\/wp-content\\\/uploads\\\/2021\\\/07\\\/666527.jpg?fit=1288%2C1026&ssl=1\",\"contentUrl\":\"https:\\\/\\\/i0.wp.com\\\/www.gigaamedical.com\\\/wp-content\\\/uploads\\\/2021\\\/07\\\/666527.jpg?fit=1288%2C1026&ssl=1\",\"width\":1288,\"height\":1026},{\"@type\":\"BreadcrumbList\",\"@id\":\"https:\\\/\\\/www.gigaamedical.com\\\/product\\\/veterinary-safety-goggles-kit\\\/#breadcrumb\",\"itemListElement\":[{\"@type\":\"ListItem\",\"position\":1,\"name\":\"\u9996\u9875\",\"item\":\"https:\\\/\\\/www.gigaamedical.com\\\/\"},{\"@type\":\"ListItem\",\"position\":2,\"name\":\"Shop\",\"item\":\"https:\\\/\\\/www.gigaamedical.com\\\/shop\\\/\"},{\"@type\":\"ListItem\",\"position\":3,\"name\":\"Veterinary safety goggles Kit\"}]},{\"@type\":\"WebSite\",\"@id\":\"https:\\\/\\\/www.gigaamedical.com\\\/#website\",\"url\":\"https:\\\/\\\/www.gigaamedical.com\\\/\",\"name\":\"GigaaMedicalLaser\",\"description\":\"Professional medical laser system for your health\",\"publisher\":{\"@id\":\"https:\\\/\\\/www.gigaamedical.com\\\/#organization\"},\"alternateName\":\"GigaaLaser\",\"potentialAction\":[{\"@type\":\"SearchAction\",\"target\":{\"@type\":\"EntryPoint\",\"urlTemplate\":\"https:\\\/\\\/www.gigaamedical.com\\\/?s={search_term_string}\"},\"query-input\":{\"@type\":\"PropertyValueSpecification\",\"valueRequired\":true,\"valueName\":\"search_term_string\"}}],\"inLanguage\":\"fr-FR\"},{\"@type\":\"Organization\",\"@id\":\"https:\\\/\\\/www.gigaamedical.com\\\/#organization\",\"name\":\"Gigaalaser Company ltd.\",\"alternateName\":\"Gigaalaser\",\"url\":\"https:\\\/\\\/www.gigaamedical.com\\\/\",\"logo\":{\"@type\":\"ImageObject\",\"inLanguage\":\"fr-FR\",\"@id\":\"https:\\\/\\\/www.gigaamedical.com\\\/#\\\/schema\\\/logo\\\/image\\\/\",\"url\":\"https:\\\/\\\/i0.wp.com\\\/www.gigaamedical.com\\\/wp-content\\\/uploads\\\/2024\\\/07\\\/GIGAA1.png?fit=2438%2C1240&ssl=1\",\"contentUrl\":\"https:\\\/\\\/i0.wp.com\\\/www.gigaamedical.com\\\/wp-content\\\/uploads\\\/2024\\\/07\\\/GIGAA1.png?fit=2438%2C1240&ssl=1\",\"width\":2438,\"height\":1240,\"caption\":\"Gigaalaser Company ltd.\"},\"image\":{\"@id\":\"https:\\\/\\\/www.gigaamedical.com\\\/#\\\/schema\\\/logo\\\/image\\\/\"},\"sameAs\":[\"https:\\\/\\\/www.facebook.com\\\/gigaamedicallaser\",\"https:\\\/\\\/x.com\\\/gigaalaser\"]}]}<\/script>\n<!-- \/ Yoast SEO plugin. -->","yoast_head_json":{"title":"Lunettes de protection v\u00e9t\u00e9rinaire Kit - GigaaMedical est un fabricant mondial de premier plan et OEM de syst\u00e8mes laser m\u00e9dicaux.","robots":{"index":"index","follow":"follow","max-snippet":"max-snippet:-1","max-image-preview":"max-image-preview:large","max-video-preview":"max-video-preview:-1"},"canonical":"https:\/\/www.gigaamedical.com\/fr\/product\/kit-de-lunettes-de-protection-veterinaire\/","og_locale":"fr_FR","og_type":"article","og_title":"Veterinary safety goggles Kit - GigaaMedical is a leading global manufacturer and OEM of medical laser systems","og_description":"Category: Veterinary Eyewear Optical Density : 630 \u2013 660nm OD4+ 200-470nm OD4+ 800 \u2013 1100nm OD4+ LB-Rating : 630 \u2013 660nm DIR LB4 200-470nm LB4 800 \u2013 1100nm DIR LB4 According : CE EN207","og_url":"https:\/\/www.gigaamedical.com\/fr\/product\/kit-de-lunettes-de-protection-veterinaire\/","og_site_name":"GigaaMedical is a leading global manufacturer and OEM of medical laser systems","article_publisher":"https:\/\/www.facebook.com\/gigaamedicallaser","article_modified_time":"2023-10-10T05:21:05+00:00","og_image":[{"width":1288,"height":1026,"url":"https:\/\/i0.wp.com\/www.gigaamedical.com\/wp-content\/uploads\/2021\/07\/666527.jpg?fit=1288%2C1026&ssl=1","type":"image\/jpeg"}],"twitter_card":"summary_large_image","twitter_site":"@gigaalaser","schema":{"@context":"https:\/\/schema.org","@graph":[{"@type":"WebPage","@id":"https:\/\/www.gigaamedical.com\/product\/veterinary-safety-goggles-kit\/","url":"https:\/\/www.gigaamedical.com\/product\/veterinary-safety-goggles-kit\/","name":"Lunettes de protection v\u00e9t\u00e9rinaire Kit - GigaaMedical est un fabricant mondial de premier plan et OEM de syst\u00e8mes laser m\u00e9dicaux.","isPartOf":{"@id":"https:\/\/www.gigaamedical.com\/#website"},"primaryImageOfPage":{"@id":"https:\/\/www.gigaamedical.com\/product\/veterinary-safety-goggles-kit\/#primaryimage"},"image":{"@id":"https:\/\/www.gigaamedical.com\/product\/veterinary-safety-goggles-kit\/#primaryimage"},"thumbnailUrl":"https:\/\/i0.wp.com\/www.gigaamedical.com\/wp-content\/uploads\/2021\/07\/666527.jpg?fit=1288%2C1026&ssl=1","datePublished":"2021-10-22T04:29:55+00:00","dateModified":"2023-10-10T05:21:05+00:00","breadcrumb":{"@id":"https:\/\/www.gigaamedical.com\/product\/veterinary-safety-goggles-kit\/#breadcrumb"},"inLanguage":"fr-FR","potentialAction":[{"@type":"ReadAction","target":["https:\/\/www.gigaamedical.com\/product\/veterinary-safety-goggles-kit\/"]}]},{"@type":"ImageObject","inLanguage":"fr-FR","@id":"https:\/\/www.gigaamedical.com\/product\/veterinary-safety-goggles-kit\/#primaryimage","url":"https:\/\/i0.wp.com\/www.gigaamedical.com\/wp-content\/uploads\/2021\/07\/666527.jpg?fit=1288%2C1026&ssl=1","contentUrl":"https:\/\/i0.wp.com\/www.gigaamedical.com\/wp-content\/uploads\/2021\/07\/666527.jpg?fit=1288%2C1026&ssl=1","width":1288,"height":1026},{"@type":"BreadcrumbList","@id":"https:\/\/www.gigaamedical.com\/product\/veterinary-safety-goggles-kit\/#breadcrumb","itemListElement":[{"@type":"ListItem","position":1,"name":"\u9996\u9875","item":"https:\/\/www.gigaamedical.com\/"},{"@type":"ListItem","position":2,"name":"Shop","item":"https:\/\/www.gigaamedical.com\/shop\/"},{"@type":"ListItem","position":3,"name":"Veterinary safety goggles Kit"}]},{"@type":"WebSite","@id":"https:\/\/www.gigaamedical.com\/#website","url":"https:\/\/www.gigaamedical.com\/","name":"GigaaMedicalLaser","description":"Un syst\u00e8me laser m\u00e9dical professionnel pour votre sant\u00e9","publisher":{"@id":"https:\/\/www.gigaamedical.com\/#organization"},"alternateName":"GigaaLaser","potentialAction":[{"@type":"SearchAction","target":{"@type":"EntryPoint","urlTemplate":"https:\/\/www.gigaamedical.com\/?s={search_term_string}"},"query-input":{"@type":"PropertyValueSpecification","valueRequired":true,"valueName":"search_term_string"}}],"inLanguage":"fr-FR"},{"@type":"Organization","@id":"https:\/\/www.gigaamedical.com\/#organization","name":"Gigaalaser Company ltd.","alternateName":"Gigaalaser","url":"https:\/\/www.gigaamedical.com\/","logo":{"@type":"ImageObject","inLanguage":"fr-FR","@id":"https:\/\/www.gigaamedical.com\/#\/schema\/logo\/image\/","url":"https:\/\/i0.wp.com\/www.gigaamedical.com\/wp-content\/uploads\/2024\/07\/GIGAA1.png?fit=2438%2C1240&ssl=1","contentUrl":"https:\/\/i0.wp.com\/www.gigaamedical.com\/wp-content\/uploads\/2024\/07\/GIGAA1.png?fit=2438%2C1240&ssl=1","width":2438,"height":1240,"caption":"Gigaalaser Company ltd."},"image":{"@id":"https:\/\/www.gigaamedical.com\/#\/schema\/logo\/image\/"},"sameAs":["https:\/\/www.facebook.com\/gigaamedicallaser","https:\/\/x.com\/gigaalaser"]}]}},"jetpack_sharing_enabled":true,"_links":{"self":[{"href":"https:\/\/www.gigaamedical.com\/fr\/wp-json\/wp\/v2\/product\/2791","targetHints":{"allow":["GET"]}}],"collection":[{"href":"https:\/\/www.gigaamedical.com\/fr\/wp-json\/wp\/v2\/product"}],"about":[{"href":"https:\/\/www.gigaamedical.com\/fr\/wp-json\/wp\/v2\/types\/product"}],"replies":[{"embeddable":true,"href":"https:\/\/www.gigaamedical.com\/fr\/wp-json\/wp\/v2\/comments?post=2791"}],"wp:featuredmedia":[{"embeddable":true,"href":"https:\/\/www.gigaamedical.com\/fr\/wp-json\/wp\/v2\/media\/2132"}],"wp:attachment":[{"href":"https:\/\/www.gigaamedical.com\/fr\/wp-json\/wp\/v2\/media?parent=2791"}],"wp:term":[{"taxonomy":"product_brand","embeddable":true,"href":"https:\/\/www.gigaamedical.com\/fr\/wp-json\/wp\/v2\/product_brand?post=2791"},{"taxonomy":"product_cat","embeddable":true,"href":"https:\/\/www.gigaamedical.com\/fr\/wp-json\/wp\/v2\/product_cat?post=2791"},{"taxonomy":"product_tag","embeddable":true,"href":"https:\/\/www.gigaamedical.com\/fr\/wp-json\/wp\/v2\/product_tag?post=2791"}],"curies":[{"name":"wp","href":"https:\/\/api.w.org\/{rel}","templated":true}]}}