{"id":2996,"date":"2021-11-17T15:16:21","date_gmt":"2021-11-17T07:16:21","guid":{"rendered":"https:\/\/www.gigaalaser.com\/?page_id=2996"},"modified":"2024-03-16T22:33:51","modified_gmt":"2024-03-16T14:33:51","slug":"velasii-8g","status":"publish","type":"page","link":"https:\/\/www.gigaamedical.com\/fr\/velasii-8g\/","title":{"rendered":"VELASII-8G"},"content":{"rendered":"<h2 class=\"wp-block-heading\" id=\"introduction\">INTRODUCTION<\/h2>\n\n\n\n<p class=\"wp-block-paragraph\">Utiliser un semi-conducteur de haute puissance \u00e0 808 nm pour \"pomper\" dans un sens optique un cristal qui produit une lumi\u00e8re d'une longueur d'onde de 1064 nm. Cette lumi\u00e8re est \u00e0 son tour projet\u00e9e sur un cristal de duplication (LBOtriborate de lithium) pour \"diviser en deux\" la longueur d'onde de 1064 nm et obtenir une lumi\u00e8re verte de 532 nm. Ce nouveau syst\u00e8me de division de la valeur de la longueur d'onde permet \u00e0 l'op\u00e9rateur de contr\u00f4ler la sortie de la lumi\u00e8re verte en utilisant des impulsions tr\u00e8s courtes.<\/p>\n\n\n\n<figure class=\"wp-block-image size-full\"><img data-recalc-dims=\"1\" loading=\"lazy\" decoding=\"async\" width=\"614\" height=\"381\" src=\"https:\/\/i0.wp.com\/www.gigaamedical.com\/wp-content\/uploads\/2024\/03\/20240316223147.png?resize=614%2C381&#038;ssl=1\" alt=\"\" class=\"wp-image-11312\" srcset=\"https:\/\/i0.wp.com\/www.gigaamedical.com\/wp-content\/uploads\/2024\/03\/20240316223147.png?w=614&amp;ssl=1 614w, https:\/\/i0.wp.com\/www.gigaamedical.com\/wp-content\/uploads\/2024\/03\/20240316223147.png?resize=300%2C186&amp;ssl=1 300w, https:\/\/i0.wp.com\/www.gigaamedical.com\/wp-content\/uploads\/2024\/03\/20240316223147.png?resize=600%2C372&amp;ssl=1 600w\" sizes=\"auto, (max-width: 614px) 100vw, 614px\" \/><\/figure>\n\n\n\n<div class=\"wp-block-columns is-layout-flex wp-container-core-columns-is-layout-8f761849 wp-block-columns-is-layout-flex\">\n<div class=\"wp-block-column is-layout-flow wp-block-column-is-layout-flow\">\n<h3 class=\"wp-block-heading\" id=\"powerful-and-effective\">Puissant et efficace<\/h3>\n\n\n\n<ul class=\"wp-block-list\">\n<li>Puissance de cr\u00eate de 3w\/4w\/ 5w\/ 8w au choix<\/li>\n\n\n\n<li>Impulsions tr\u00e8s courtes et intenses<\/li>\n\n\n\n<li>Traitements efficaces, protection de l'\u00e9piderme<\/li>\n\n\n\n<li>Tr\u00e8s stable et fiable avec une longue dur\u00e9e de vie<\/li>\n<\/ul>\n\n\n\n<p class=\"wp-block-paragraph\"><\/p>\n<\/div>\n\n\n\n<div class=\"wp-block-column is-layout-flow wp-block-column-is-layout-flow\">\n<p class=\"wp-block-paragraph\">Transportable et \u00e9conomique<\/p>\n\n\n\n<ul class=\"wp-block-list\">\n<li>Conception facile \u00e0 utiliser, menu intuitif<\/li>\n\n\n\n<li>Dispositif compact, technologie stable<\/li>\n\n\n\n<li>Mallette de transport pour l'appareil et les accessoires<\/li>\n\n\n\n<li>Technologie \"plug &amp; play\" : aucun technicien n'est n\u00e9cessaire<\/li>\n\n\n\n<li>Faibles co\u00fbts d'exploitation<\/li>\n<\/ul>\n<\/div>\n<\/div>\n\n\n\n<h2 class=\"wp-block-heading\" id=\"applications\">Applications<\/h2>\n\n\n\n<div class=\"wp-block-columns is-layout-flex wp-container-core-columns-is-layout-8f761849 wp-block-columns-is-layout-flex\">\n<div class=\"wp-block-column is-layout-flow wp-block-column-is-layout-flow\">\n<h3 class=\"wp-block-heading\" id=\"vascular-lesions\">L\u00e9sions vasculaires<\/h3>\n\n\n\n<p class=\"wp-block-paragraph\">Veines d'araign\u00e9e<br>T\u00e9langiectasie<br>N\u00e9ovascularisation<br>Rosac\u00e9e<br>Lac veineux<br>PWS<br>Angiomes s\u00e9niles, stellaires et cerises<\/p>\n<\/div>\n\n\n\n<div class=\"wp-block-column is-layout-flow wp-block-column-is-layout-flow\">\n<h3 class=\"wp-block-heading\" id=\"pigmented-lesions\">L\u00e9sions pigment\u00e9es<\/h3>\n\n\n\n<p class=\"wp-block-paragraph\"> Lentigines<br>Dermatose Papulosis Nigra<br>Taches de rousseur<br>L\u00e9sions hyperk\u00e9ratosiques<br>Civette Poikiloderma<br>Vergetures rouges<\/p>\n<\/div>\n\n\n\n<div class=\"wp-block-column is-layout-flow wp-block-column-is-layout-flow\">\n<h3 class=\"wp-block-heading\" id=\"cutaneous-lesions\">L\u00e9sions cutan\u00e9es<\/h3>\n\n\n\n<p class=\"wp-block-paragraph\">Cicatrices<br>Verrucas<br>K\u00e9ratoses<br>Acn\u00e9 inflammatoire<\/p>\n<\/div>\n<\/div>","protected":false},"excerpt":{"rendered":"<p>INTRODUCTION Use high power semiconductor at 808nm to \u201cpump\u201d in an optical sense a crystal that produces light of a wavelength of 1064 nm. Such light is in the turn casted upon a duplicating crystal (LBOtriborate lithium) to \u201chalve\u201d the wavelength of 1064 nm and obtain green light of 532 nm. Such a novel system [&#8230;]\n","protected":false},"author":1,"featured_media":0,"parent":0,"menu_order":0,"comment_status":"closed","ping_status":"closed","template":"","meta":{"_crdt_document":"","inline_featured_image":false,"footnotes":""},"class_list":["post-2996","page","type-page","status-publish","hentry"],"yoast_head":"<!-- This site is optimized with the Yoast SEO plugin v27.3 - https:\/\/yoast.com\/product\/yoast-seo-wordpress\/ -->\n<title>VELASII-8G - GigaaMedical is a leading global manufacturer and OEM of medical laser systems<\/title>\n<meta name=\"robots\" content=\"index, follow, max-snippet:-1, max-image-preview:large, max-video-preview:-1\" \/>\n<link rel=\"canonical\" href=\"https:\/\/www.gigaamedical.com\/fr\/velasii-8g\/\" \/>\n<meta property=\"og:locale\" content=\"fr_FR\" \/>\n<meta property=\"og:type\" content=\"article\" \/>\n<meta property=\"og:title\" content=\"VELASII-8G - GigaaMedical is a leading global manufacturer and OEM of medical laser systems\" \/>\n<meta property=\"og:description\" content=\"INTRODUCTION Use high power semiconductor at 808nm to \u201cpump\u201d in an optical sense a crystal that produces light of a wavelength of 1064 nm. Such light is in the turn casted upon a duplicating crystal (LBOtriborate lithium) to \u201chalve\u201d the wavelength of 1064 nm and obtain green light of 532 nm. Such a novel system [...]\" \/>\n<meta property=\"og:url\" content=\"https:\/\/www.gigaamedical.com\/fr\/velasii-8g\/\" \/>\n<meta property=\"og:site_name\" content=\"GigaaMedical is a leading global manufacturer and OEM of medical laser systems\" \/>\n<meta property=\"article:publisher\" content=\"https:\/\/www.facebook.com\/gigaamedicallaser\" \/>\n<meta property=\"article:modified_time\" content=\"2024-03-16T14:33:51+00:00\" \/>\n<meta property=\"og:image\" content=\"https:\/\/www.gigaamedical.com\/wp-content\/uploads\/2024\/03\/20240316223147.png\" \/>\n<meta name=\"twitter:card\" content=\"summary_large_image\" \/>\n<meta name=\"twitter:site\" content=\"@gigaalaser\" \/>\n<meta name=\"twitter:label1\" content=\"Dur\u00e9e de lecture estim\u00e9e\" \/>\n\t<meta name=\"twitter:data1\" content=\"1 minute\" \/>\n<script type=\"application\/ld+json\" class=\"yoast-schema-graph\">{\"@context\":\"https:\\\/\\\/schema.org\",\"@graph\":[{\"@type\":\"WebPage\",\"@id\":\"https:\\\/\\\/www.gigaamedical.com\\\/velasii-8g\\\/\",\"url\":\"https:\\\/\\\/www.gigaamedical.com\\\/velasii-8g\\\/\",\"name\":\"VELASII-8G - GigaaMedical is a leading global manufacturer and OEM of medical laser systems\",\"isPartOf\":{\"@id\":\"https:\\\/\\\/www.gigaamedical.com\\\/#website\"},\"primaryImageOfPage\":{\"@id\":\"https:\\\/\\\/www.gigaamedical.com\\\/velasii-8g\\\/#primaryimage\"},\"image\":{\"@id\":\"https:\\\/\\\/www.gigaamedical.com\\\/velasii-8g\\\/#primaryimage\"},\"thumbnailUrl\":\"https:\\\/\\\/www.gigaamedical.com\\\/wp-content\\\/uploads\\\/2024\\\/03\\\/20240316223147.png\",\"datePublished\":\"2021-11-17T07:16:21+00:00\",\"dateModified\":\"2024-03-16T14:33:51+00:00\",\"breadcrumb\":{\"@id\":\"https:\\\/\\\/www.gigaamedical.com\\\/velasii-8g\\\/#breadcrumb\"},\"inLanguage\":\"fr-FR\",\"potentialAction\":[{\"@type\":\"ReadAction\",\"target\":[\"https:\\\/\\\/www.gigaamedical.com\\\/velasii-8g\\\/\"]}]},{\"@type\":\"ImageObject\",\"inLanguage\":\"fr-FR\",\"@id\":\"https:\\\/\\\/www.gigaamedical.com\\\/velasii-8g\\\/#primaryimage\",\"url\":\"https:\\\/\\\/www.gigaamedical.com\\\/wp-content\\\/uploads\\\/2024\\\/03\\\/20240316223147.png\",\"contentUrl\":\"https:\\\/\\\/www.gigaamedical.com\\\/wp-content\\\/uploads\\\/2024\\\/03\\\/20240316223147.png\"},{\"@type\":\"BreadcrumbList\",\"@id\":\"https:\\\/\\\/www.gigaamedical.com\\\/velasii-8g\\\/#breadcrumb\",\"itemListElement\":[{\"@type\":\"ListItem\",\"position\":1,\"name\":\"\u9996\u9875\",\"item\":\"https:\\\/\\\/www.gigaamedical.com\\\/\"},{\"@type\":\"ListItem\",\"position\":2,\"name\":\"VELASII-8G\"}]},{\"@type\":\"WebSite\",\"@id\":\"https:\\\/\\\/www.gigaamedical.com\\\/#website\",\"url\":\"https:\\\/\\\/www.gigaamedical.com\\\/\",\"name\":\"GigaaMedicalLaser\",\"description\":\"Professional medical laser system for your health\",\"publisher\":{\"@id\":\"https:\\\/\\\/www.gigaamedical.com\\\/#organization\"},\"alternateName\":\"GigaaLaser\",\"potentialAction\":[{\"@type\":\"SearchAction\",\"target\":{\"@type\":\"EntryPoint\",\"urlTemplate\":\"https:\\\/\\\/www.gigaamedical.com\\\/?s={search_term_string}\"},\"query-input\":{\"@type\":\"PropertyValueSpecification\",\"valueRequired\":true,\"valueName\":\"search_term_string\"}}],\"inLanguage\":\"fr-FR\"},{\"@type\":\"Organization\",\"@id\":\"https:\\\/\\\/www.gigaamedical.com\\\/#organization\",\"name\":\"Gigaalaser Company ltd.\",\"alternateName\":\"Gigaalaser\",\"url\":\"https:\\\/\\\/www.gigaamedical.com\\\/\",\"logo\":{\"@type\":\"ImageObject\",\"inLanguage\":\"fr-FR\",\"@id\":\"https:\\\/\\\/www.gigaamedical.com\\\/#\\\/schema\\\/logo\\\/image\\\/\",\"url\":\"https:\\\/\\\/i0.wp.com\\\/www.gigaamedical.com\\\/wp-content\\\/uploads\\\/2024\\\/07\\\/GIGAA1.png?fit=2438%2C1240&ssl=1\",\"contentUrl\":\"https:\\\/\\\/i0.wp.com\\\/www.gigaamedical.com\\\/wp-content\\\/uploads\\\/2024\\\/07\\\/GIGAA1.png?fit=2438%2C1240&ssl=1\",\"width\":2438,\"height\":1240,\"caption\":\"Gigaalaser Company ltd.\"},\"image\":{\"@id\":\"https:\\\/\\\/www.gigaamedical.com\\\/#\\\/schema\\\/logo\\\/image\\\/\"},\"sameAs\":[\"https:\\\/\\\/www.facebook.com\\\/gigaamedicallaser\",\"https:\\\/\\\/x.com\\\/gigaalaser\"]}]}<\/script>\n<!-- \/ Yoast SEO plugin. -->","yoast_head_json":{"title":"VELASII-8G - GigaaMedical est l'un des principaux fabricants mondiaux et OEM de syst\u00e8mes laser m\u00e9dicaux.","robots":{"index":"index","follow":"follow","max-snippet":"max-snippet:-1","max-image-preview":"max-image-preview:large","max-video-preview":"max-video-preview:-1"},"canonical":"https:\/\/www.gigaamedical.com\/fr\/velasii-8g\/","og_locale":"fr_FR","og_type":"article","og_title":"VELASII-8G - GigaaMedical is a leading global manufacturer and OEM of medical laser systems","og_description":"INTRODUCTION Use high power semiconductor at 808nm to \u201cpump\u201d in an optical sense a crystal that produces light of a wavelength of 1064 nm. Such light is in the turn casted upon a duplicating crystal (LBOtriborate lithium) to \u201chalve\u201d the wavelength of 1064 nm and obtain green light of 532 nm. Such a novel system [...]","og_url":"https:\/\/www.gigaamedical.com\/fr\/velasii-8g\/","og_site_name":"GigaaMedical is a leading global manufacturer and OEM of medical laser systems","article_publisher":"https:\/\/www.facebook.com\/gigaamedicallaser","article_modified_time":"2024-03-16T14:33:51+00:00","og_image":[{"url":"https:\/\/www.gigaamedical.com\/wp-content\/uploads\/2024\/03\/20240316223147.png","type":"","width":"","height":""}],"twitter_card":"summary_large_image","twitter_site":"@gigaalaser","twitter_misc":{"Dur\u00e9e de lecture estim\u00e9e":"1 minute"},"schema":{"@context":"https:\/\/schema.org","@graph":[{"@type":"WebPage","@id":"https:\/\/www.gigaamedical.com\/velasii-8g\/","url":"https:\/\/www.gigaamedical.com\/velasii-8g\/","name":"VELASII-8G - GigaaMedical est l'un des principaux fabricants mondiaux et OEM de syst\u00e8mes laser m\u00e9dicaux.","isPartOf":{"@id":"https:\/\/www.gigaamedical.com\/#website"},"primaryImageOfPage":{"@id":"https:\/\/www.gigaamedical.com\/velasii-8g\/#primaryimage"},"image":{"@id":"https:\/\/www.gigaamedical.com\/velasii-8g\/#primaryimage"},"thumbnailUrl":"https:\/\/www.gigaamedical.com\/wp-content\/uploads\/2024\/03\/20240316223147.png","datePublished":"2021-11-17T07:16:21+00:00","dateModified":"2024-03-16T14:33:51+00:00","breadcrumb":{"@id":"https:\/\/www.gigaamedical.com\/velasii-8g\/#breadcrumb"},"inLanguage":"fr-FR","potentialAction":[{"@type":"ReadAction","target":["https:\/\/www.gigaamedical.com\/velasii-8g\/"]}]},{"@type":"ImageObject","inLanguage":"fr-FR","@id":"https:\/\/www.gigaamedical.com\/velasii-8g\/#primaryimage","url":"https:\/\/www.gigaamedical.com\/wp-content\/uploads\/2024\/03\/20240316223147.png","contentUrl":"https:\/\/www.gigaamedical.com\/wp-content\/uploads\/2024\/03\/20240316223147.png"},{"@type":"BreadcrumbList","@id":"https:\/\/www.gigaamedical.com\/velasii-8g\/#breadcrumb","itemListElement":[{"@type":"ListItem","position":1,"name":"\u9996\u9875","item":"https:\/\/www.gigaamedical.com\/"},{"@type":"ListItem","position":2,"name":"VELASII-8G"}]},{"@type":"WebSite","@id":"https:\/\/www.gigaamedical.com\/#website","url":"https:\/\/www.gigaamedical.com\/","name":"GigaaMedicalLaser","description":"Un syst\u00e8me laser m\u00e9dical professionnel pour votre sant\u00e9","publisher":{"@id":"https:\/\/www.gigaamedical.com\/#organization"},"alternateName":"GigaaLaser","potentialAction":[{"@type":"SearchAction","target":{"@type":"EntryPoint","urlTemplate":"https:\/\/www.gigaamedical.com\/?s={search_term_string}"},"query-input":{"@type":"PropertyValueSpecification","valueRequired":true,"valueName":"search_term_string"}}],"inLanguage":"fr-FR"},{"@type":"Organization","@id":"https:\/\/www.gigaamedical.com\/#organization","name":"Gigaalaser Company ltd.","alternateName":"Gigaalaser","url":"https:\/\/www.gigaamedical.com\/","logo":{"@type":"ImageObject","inLanguage":"fr-FR","@id":"https:\/\/www.gigaamedical.com\/#\/schema\/logo\/image\/","url":"https:\/\/i0.wp.com\/www.gigaamedical.com\/wp-content\/uploads\/2024\/07\/GIGAA1.png?fit=2438%2C1240&ssl=1","contentUrl":"https:\/\/i0.wp.com\/www.gigaamedical.com\/wp-content\/uploads\/2024\/07\/GIGAA1.png?fit=2438%2C1240&ssl=1","width":2438,"height":1240,"caption":"Gigaalaser Company ltd."},"image":{"@id":"https:\/\/www.gigaamedical.com\/#\/schema\/logo\/image\/"},"sameAs":["https:\/\/www.facebook.com\/gigaamedicallaser","https:\/\/x.com\/gigaalaser"]}]}},"jetpack_sharing_enabled":true,"_links":{"self":[{"href":"https:\/\/www.gigaamedical.com\/fr\/wp-json\/wp\/v2\/pages\/2996","targetHints":{"allow":["GET"]}}],"collection":[{"href":"https:\/\/www.gigaamedical.com\/fr\/wp-json\/wp\/v2\/pages"}],"about":[{"href":"https:\/\/www.gigaamedical.com\/fr\/wp-json\/wp\/v2\/types\/page"}],"author":[{"embeddable":true,"href":"https:\/\/www.gigaamedical.com\/fr\/wp-json\/wp\/v2\/users\/1"}],"replies":[{"embeddable":true,"href":"https:\/\/www.gigaamedical.com\/fr\/wp-json\/wp\/v2\/comments?post=2996"}],"version-history":[{"count":0,"href":"https:\/\/www.gigaamedical.com\/fr\/wp-json\/wp\/v2\/pages\/2996\/revisions"}],"wp:attachment":[{"href":"https:\/\/www.gigaamedical.com\/fr\/wp-json\/wp\/v2\/media?parent=2996"}],"curies":[{"name":"wp","href":"https:\/\/api.w.org\/{rel}","templated":true}]}}