{"id":12480,"date":"2024-07-16T14:52:56","date_gmt":"2024-07-16T06:52:56","guid":{"rendered":"https:\/\/www.gigaamedical.com\/?page_id=12480"},"modified":"2024-07-16T17:38:52","modified_gmt":"2024-07-16T09:38:52","slug":"therapie-laser-du-plancher-pelvien-gigaa","status":"publish","type":"page","link":"https:\/\/www.gigaamedical.com\/fr\/gigaa-pelvic-floor-laser-therapy\/","title":{"rendered":"GIGAA Th\u00e9rapie Laser pour le Plancher Pelvien"},"content":{"rendered":"<div class=\"row\"  id=\"row-2082525386\">\n\n\n\t<div id=\"col-639550110\" class=\"col small-12 large-12\"  >\n\t\t\t\t<div class=\"col-inner\"  >\n\t\t\t\n\t\t\t\n\n<div class=\"row\"  id=\"row-1485716687\">\n\n\n\t<div id=\"col-339905371\" class=\"col small-12 large-12\"  >\n\t\t\t\t<div class=\"col-inner\"  >\n\t\t\t\n\t\t\t\n\n<h3>Qu'est-ce que les muscles du plancher pelvien ?<\/h3>\n<p>Les muscles du plancher pelvien sont situ\u00e9s entre le coccyx et le pubis, \u00e0 l'int\u00e9rieur du bassin. Ils soutiennent l'intestin et la vessie (ainsi que l'ut\u00e9rus et le vagin chez les femmes). Des bandes musculaires (sphincters) entourent l'ur\u00e8tre, le vagin et l'anus lorsqu'ils traversent le plancher pelvien.<\/p>\n<h3>Quelle est la fonction des muscles du plancher pelvien ?<\/h3>\n<p>Les muscles du plancher pelvien aident \u00e0 stabiliser le tronc tout en contribuant aux fonctions corporelles essentielles, comme faire caca, uriner et avoir des rapports sexuels. Ils peuvent s'affaiblir avec le temps en raison de blessures et m\u00eame du processus normal de vieillissement, ce qui entra\u00eene des probl\u00e8mes tels que l'incontinence ou le prolapsus des organes pelviens. L'exercice des muscles du plancher pelvien permet de lutter contre les effets n\u00e9gatifs d'un affaiblissement des muscles du plancher pelvien.<\/p>\n<div>L'utilisation des lasers pour traiter les probl\u00e8mes du plancher pelvien est devenue de plus en plus populaire ces derni\u00e8res ann\u00e9es, gr\u00e2ce \u00e0 de nouveaux protocoles de traitement s\u00fbrs, non invasifs, indolores et \u00e0 r\u00e9cup\u00e9ration rapide.<\/div>\n<h3>Pourquoi GIGAA Laser Pelvic Therapy (LPT) ?<\/h3>\n<div>Le tissu conjonctif des parois vaginales joue un r\u00f4le important dans le soutien des organes pelviens. Les sympt\u00f4mes de dysfonctionnement du plancher pelvien r\u00e9sultent principalement d'une laxit\u00e9 du vagin ou des ligaments qui le soutiennent, due \u00e0 l'\u00e2ge et \u00e0 l'accouchement par voie vaginale. Les proc\u00e9dures Gigaa LRT sont des proc\u00e9dures laser non invasives et non ablatives qui utilisent une technologie laser de pointe pour envoyer de l\u00e9g\u00e8res impulsions de chaleur aux parois vaginales, ce qui entra\u00eene un renforcement fonctionnel du tissu conjonctif \u00e0 l'int\u00e9rieur de la paroi vaginale, une augmentation globale de l'\u00e9paisseur de la paroi vaginale et une am\u00e9lioration fonctionnelle du tissu muqueux.<\/div>\n<ul>\n<li>Simple et s\u00fbr<\/li>\n<li>Indolore<\/li>\n<li>Pas d'invasivit\u00e9<\/li>\n<li>Temps de traitement et de r\u00e9cup\u00e9ration courts<\/li>\n<li>Taux de r\u00e9ussite \u00e9lev\u00e9<\/li>\n<li>Satisfaction des patients<\/li>\n<\/ul>\n<h3>Qu'est-ce que GIGAA LPT ?<\/h3>\n<div>Les proc\u00e9dures gyn\u00e9cologiques Gigaa LPT sont bas\u00e9es sur la d\u00e9couverte que la d\u00e9livrance d'une s\u00e9quence optimale d'impulsions de chaleur \u00e0 la muqueuse vaginale entra\u00eene le renforcement et le rajeunissement de la paroi vaginale. Gigaa LRT fonctionne \u00e0 l'infrarouge optimal de 1470nm qui co\u00efncide avec le pic d'absorption maximal du tissu muqueux. Cela garantit que la lumi\u00e8re laser est d\u00e9livr\u00e9e au tissu d'une mani\u00e8re superficielle contr\u00f4l\u00e9e sans risque d'affecter les structures plus profondes.<\/div>\n<div>\u00a0<\/div>\n<div>\u00a0<\/div>\n<div>Photobiomodulation\u00a0<\/div>\n<div>Stimule les mitochondries<\/div>\n<div>Diminue l'inflammation<\/div>\n<div>R\u00e9duit les influx nerveux douloureux<\/div>\n<div>\u00a0<\/div>\n<div>Photobiomodulation<\/div>\n<div>Augmenter la production d'ATP<\/div>\n<div>Augmente la lib\u00e9ration d'oxyde nitrique et d'oxyg\u00e8ne r\u00e9actif<\/div>\n<div>\u00a0<\/div>\n<div>D\u00e9livre de l'oxyg\u00e8ne<\/div>\n<div>Augmente le flux sanguin vers les tissus\u00a0<\/div>\n<div>\u00a0<\/div>\n<div>Apaise les muscles tendus<\/div>\n<div>Les muscles sont d\u00e9tendus gr\u00e2ce \u00e0 la lib\u00e9ration d'oxyde nitrique et \u00e0 l'effet d'un massage doux.<\/div>\n<div>\u00a0<\/div>\n<div>Favorise la cicatrisation<\/div>\n<div>Favorise le drainage des toxines lymphatiques nocives<\/div>\n<div>\u00a0<\/div>\n<div>Gu\u00e9rir de l'int\u00e9rieur<\/div>\n<div>Permet de d\u00e9tendre la musculature spastique du bassin.<\/div>\n\n\t\t<\/div>\n\t\t\t\t\t<\/div>\n\n\t\n\n<\/div>\n\n\t\t<\/div>\n\t\t\t\t\t<\/div>\n\n\t\n\n<\/div>","protected":false},"excerpt":{"rendered":"","protected":false},"author":1,"featured_media":12483,"parent":0,"menu_order":0,"comment_status":"closed","ping_status":"closed","template":"page-blank-featured.php","meta":{"_crdt_document":"","inline_featured_image":false,"footnotes":""},"class_list":["post-12480","page","type-page","status-publish","has-post-thumbnail","hentry"],"yoast_head":"<!-- This site is optimized with the Yoast SEO plugin v27.5 - https:\/\/yoast.com\/product\/yoast-seo-wordpress\/ -->\n<title>GIGAA Pelvic Floor Laser Therapy - GigaaMedical is a leading global manufacturer and OEM of medical laser systems<\/title>\n<meta name=\"robots\" content=\"index, follow, max-snippet:-1, max-image-preview:large, max-video-preview:-1\" \/>\n<link rel=\"canonical\" href=\"https:\/\/www.gigaamedical.com\/fr\/therapie-laser-du-plancher-pelvien-gigaa\/\" \/>\n<meta property=\"og:locale\" content=\"fr_FR\" \/>\n<meta property=\"og:type\" content=\"article\" \/>\n<meta property=\"og:title\" content=\"GIGAA Pelvic Floor Laser Therapy - GigaaMedical is a leading global manufacturer and OEM of medical laser systems\" \/>\n<meta property=\"og:url\" content=\"https:\/\/www.gigaamedical.com\/fr\/therapie-laser-du-plancher-pelvien-gigaa\/\" \/>\n<meta property=\"og:site_name\" content=\"GigaaMedical is a leading global manufacturer and OEM of medical laser systems\" \/>\n<meta property=\"article:publisher\" content=\"https:\/\/www.facebook.com\/gigaamedicallaser\" \/>\n<meta property=\"article:modified_time\" content=\"2024-07-16T09:38:52+00:00\" \/>\n<meta property=\"og:image\" content=\"https:\/\/i0.wp.com\/www.gigaamedical.com\/wp-content\/uploads\/2024\/07\/pelvic-pain_1000x650.webp?fit=1000%2C650&ssl=1\" \/>\n\t<meta property=\"og:image:width\" content=\"1000\" \/>\n\t<meta property=\"og:image:height\" content=\"650\" \/>\n\t<meta property=\"og:image:type\" content=\"image\/webp\" \/>\n<meta name=\"twitter:card\" content=\"summary_large_image\" \/>\n<meta name=\"twitter:site\" content=\"@gigaalaser\" \/>\n<meta name=\"twitter:label1\" content=\"Dur\u00e9e de lecture estim\u00e9e\" \/>\n\t<meta name=\"twitter:data1\" content=\"2 minutes\" \/>\n<script type=\"application\/ld+json\" class=\"yoast-schema-graph\">{\"@context\":\"https:\\\/\\\/schema.org\",\"@graph\":[{\"@type\":\"WebPage\",\"@id\":\"https:\\\/\\\/www.gigaamedical.com\\\/gigaa-pelvic-floor-laser-therapy\\\/\",\"url\":\"https:\\\/\\\/www.gigaamedical.com\\\/gigaa-pelvic-floor-laser-therapy\\\/\",\"name\":\"GIGAA Pelvic Floor Laser Therapy - GigaaMedical is a leading global manufacturer and OEM of medical laser systems\",\"isPartOf\":{\"@id\":\"https:\\\/\\\/www.gigaamedical.com\\\/#website\"},\"primaryImageOfPage\":{\"@id\":\"https:\\\/\\\/www.gigaamedical.com\\\/gigaa-pelvic-floor-laser-therapy\\\/#primaryimage\"},\"image\":{\"@id\":\"https:\\\/\\\/www.gigaamedical.com\\\/gigaa-pelvic-floor-laser-therapy\\\/#primaryimage\"},\"thumbnailUrl\":\"https:\\\/\\\/i0.wp.com\\\/www.gigaamedical.com\\\/wp-content\\\/uploads\\\/2024\\\/07\\\/pelvic-pain_1000x650.webp?fit=1000%2C650&ssl=1\",\"datePublished\":\"2024-07-16T06:52:56+00:00\",\"dateModified\":\"2024-07-16T09:38:52+00:00\",\"breadcrumb\":{\"@id\":\"https:\\\/\\\/www.gigaamedical.com\\\/gigaa-pelvic-floor-laser-therapy\\\/#breadcrumb\"},\"inLanguage\":\"fr-FR\",\"potentialAction\":[{\"@type\":\"ReadAction\",\"target\":[\"https:\\\/\\\/www.gigaamedical.com\\\/gigaa-pelvic-floor-laser-therapy\\\/\"]}]},{\"@type\":\"ImageObject\",\"inLanguage\":\"fr-FR\",\"@id\":\"https:\\\/\\\/www.gigaamedical.com\\\/gigaa-pelvic-floor-laser-therapy\\\/#primaryimage\",\"url\":\"https:\\\/\\\/i0.wp.com\\\/www.gigaamedical.com\\\/wp-content\\\/uploads\\\/2024\\\/07\\\/pelvic-pain_1000x650.webp?fit=1000%2C650&ssl=1\",\"contentUrl\":\"https:\\\/\\\/i0.wp.com\\\/www.gigaamedical.com\\\/wp-content\\\/uploads\\\/2024\\\/07\\\/pelvic-pain_1000x650.webp?fit=1000%2C650&ssl=1\",\"width\":1000,\"height\":650},{\"@type\":\"BreadcrumbList\",\"@id\":\"https:\\\/\\\/www.gigaamedical.com\\\/gigaa-pelvic-floor-laser-therapy\\\/#breadcrumb\",\"itemListElement\":[{\"@type\":\"ListItem\",\"position\":1,\"name\":\"\u9996\u9875\",\"item\":\"https:\\\/\\\/www.gigaamedical.com\\\/\"},{\"@type\":\"ListItem\",\"position\":2,\"name\":\"GIGAA Pelvic Floor Laser Therapy\"}]},{\"@type\":\"WebSite\",\"@id\":\"https:\\\/\\\/www.gigaamedical.com\\\/#website\",\"url\":\"https:\\\/\\\/www.gigaamedical.com\\\/\",\"name\":\"GigaaMedicalLaser\",\"description\":\"Professional medical laser system for your health\",\"publisher\":{\"@id\":\"https:\\\/\\\/www.gigaamedical.com\\\/#organization\"},\"alternateName\":\"GigaaLaser\",\"potentialAction\":[{\"@type\":\"SearchAction\",\"target\":{\"@type\":\"EntryPoint\",\"urlTemplate\":\"https:\\\/\\\/www.gigaamedical.com\\\/?s={search_term_string}\"},\"query-input\":{\"@type\":\"PropertyValueSpecification\",\"valueRequired\":true,\"valueName\":\"search_term_string\"}}],\"inLanguage\":\"fr-FR\"},{\"@type\":\"Organization\",\"@id\":\"https:\\\/\\\/www.gigaamedical.com\\\/#organization\",\"name\":\"Gigaalaser Company ltd.\",\"alternateName\":\"Gigaalaser\",\"url\":\"https:\\\/\\\/www.gigaamedical.com\\\/\",\"logo\":{\"@type\":\"ImageObject\",\"inLanguage\":\"fr-FR\",\"@id\":\"https:\\\/\\\/www.gigaamedical.com\\\/#\\\/schema\\\/logo\\\/image\\\/\",\"url\":\"https:\\\/\\\/i0.wp.com\\\/www.gigaamedical.com\\\/wp-content\\\/uploads\\\/2024\\\/07\\\/GIGAA1.png?fit=2438%2C1240&ssl=1\",\"contentUrl\":\"https:\\\/\\\/i0.wp.com\\\/www.gigaamedical.com\\\/wp-content\\\/uploads\\\/2024\\\/07\\\/GIGAA1.png?fit=2438%2C1240&ssl=1\",\"width\":2438,\"height\":1240,\"caption\":\"Gigaalaser Company ltd.\"},\"image\":{\"@id\":\"https:\\\/\\\/www.gigaamedical.com\\\/#\\\/schema\\\/logo\\\/image\\\/\"},\"sameAs\":[\"https:\\\/\\\/www.facebook.com\\\/gigaamedicallaser\",\"https:\\\/\\\/x.com\\\/gigaalaser\"]}]}<\/script>\n<!-- \/ Yoast SEO plugin. -->","yoast_head_json":{"title":"GIGAA Pelvic Floor Laser Therapy - GigaaMedical est l'un des principaux fabricants mondiaux et OEM de syst\u00e8mes laser m\u00e9dicaux.","robots":{"index":"index","follow":"follow","max-snippet":"max-snippet:-1","max-image-preview":"max-image-preview:large","max-video-preview":"max-video-preview:-1"},"canonical":"https:\/\/www.gigaamedical.com\/fr\/therapie-laser-du-plancher-pelvien-gigaa\/","og_locale":"fr_FR","og_type":"article","og_title":"GIGAA Pelvic Floor Laser Therapy - GigaaMedical is a leading global manufacturer and OEM of medical laser systems","og_url":"https:\/\/www.gigaamedical.com\/fr\/therapie-laser-du-plancher-pelvien-gigaa\/","og_site_name":"GigaaMedical is a leading global manufacturer and OEM of medical laser systems","article_publisher":"https:\/\/www.facebook.com\/gigaamedicallaser","article_modified_time":"2024-07-16T09:38:52+00:00","og_image":[{"width":1000,"height":650,"url":"https:\/\/i0.wp.com\/www.gigaamedical.com\/wp-content\/uploads\/2024\/07\/pelvic-pain_1000x650.webp?fit=1000%2C650&ssl=1","type":"image\/webp"}],"twitter_card":"summary_large_image","twitter_site":"@gigaalaser","twitter_misc":{"Dur\u00e9e de lecture estim\u00e9e":"2 minutes"},"schema":{"@context":"https:\/\/schema.org","@graph":[{"@type":"WebPage","@id":"https:\/\/www.gigaamedical.com\/gigaa-pelvic-floor-laser-therapy\/","url":"https:\/\/www.gigaamedical.com\/gigaa-pelvic-floor-laser-therapy\/","name":"GIGAA Pelvic Floor Laser Therapy - GigaaMedical est l'un des principaux fabricants mondiaux et OEM de syst\u00e8mes laser m\u00e9dicaux.","isPartOf":{"@id":"https:\/\/www.gigaamedical.com\/#website"},"primaryImageOfPage":{"@id":"https:\/\/www.gigaamedical.com\/gigaa-pelvic-floor-laser-therapy\/#primaryimage"},"image":{"@id":"https:\/\/www.gigaamedical.com\/gigaa-pelvic-floor-laser-therapy\/#primaryimage"},"thumbnailUrl":"https:\/\/i0.wp.com\/www.gigaamedical.com\/wp-content\/uploads\/2024\/07\/pelvic-pain_1000x650.webp?fit=1000%2C650&ssl=1","datePublished":"2024-07-16T06:52:56+00:00","dateModified":"2024-07-16T09:38:52+00:00","breadcrumb":{"@id":"https:\/\/www.gigaamedical.com\/gigaa-pelvic-floor-laser-therapy\/#breadcrumb"},"inLanguage":"fr-FR","potentialAction":[{"@type":"ReadAction","target":["https:\/\/www.gigaamedical.com\/gigaa-pelvic-floor-laser-therapy\/"]}]},{"@type":"ImageObject","inLanguage":"fr-FR","@id":"https:\/\/www.gigaamedical.com\/gigaa-pelvic-floor-laser-therapy\/#primaryimage","url":"https:\/\/i0.wp.com\/www.gigaamedical.com\/wp-content\/uploads\/2024\/07\/pelvic-pain_1000x650.webp?fit=1000%2C650&ssl=1","contentUrl":"https:\/\/i0.wp.com\/www.gigaamedical.com\/wp-content\/uploads\/2024\/07\/pelvic-pain_1000x650.webp?fit=1000%2C650&ssl=1","width":1000,"height":650},{"@type":"BreadcrumbList","@id":"https:\/\/www.gigaamedical.com\/gigaa-pelvic-floor-laser-therapy\/#breadcrumb","itemListElement":[{"@type":"ListItem","position":1,"name":"\u9996\u9875","item":"https:\/\/www.gigaamedical.com\/"},{"@type":"ListItem","position":2,"name":"GIGAA Pelvic Floor Laser Therapy"}]},{"@type":"WebSite","@id":"https:\/\/www.gigaamedical.com\/#website","url":"https:\/\/www.gigaamedical.com\/","name":"GigaaMedicalLaser","description":"Un syst\u00e8me laser m\u00e9dical professionnel pour votre sant\u00e9","publisher":{"@id":"https:\/\/www.gigaamedical.com\/#organization"},"alternateName":"GigaaLaser","potentialAction":[{"@type":"SearchAction","target":{"@type":"EntryPoint","urlTemplate":"https:\/\/www.gigaamedical.com\/?s={search_term_string}"},"query-input":{"@type":"PropertyValueSpecification","valueRequired":true,"valueName":"search_term_string"}}],"inLanguage":"fr-FR"},{"@type":"Organization","@id":"https:\/\/www.gigaamedical.com\/#organization","name":"Gigaalaser Company ltd.","alternateName":"Gigaalaser","url":"https:\/\/www.gigaamedical.com\/","logo":{"@type":"ImageObject","inLanguage":"fr-FR","@id":"https:\/\/www.gigaamedical.com\/#\/schema\/logo\/image\/","url":"https:\/\/i0.wp.com\/www.gigaamedical.com\/wp-content\/uploads\/2024\/07\/GIGAA1.png?fit=2438%2C1240&ssl=1","contentUrl":"https:\/\/i0.wp.com\/www.gigaamedical.com\/wp-content\/uploads\/2024\/07\/GIGAA1.png?fit=2438%2C1240&ssl=1","width":2438,"height":1240,"caption":"Gigaalaser Company ltd."},"image":{"@id":"https:\/\/www.gigaamedical.com\/#\/schema\/logo\/image\/"},"sameAs":["https:\/\/www.facebook.com\/gigaamedicallaser","https:\/\/x.com\/gigaalaser"]}]}},"jetpack_sharing_enabled":true,"_links":{"self":[{"href":"https:\/\/www.gigaamedical.com\/fr\/wp-json\/wp\/v2\/pages\/12480","targetHints":{"allow":["GET"]}}],"collection":[{"href":"https:\/\/www.gigaamedical.com\/fr\/wp-json\/wp\/v2\/pages"}],"about":[{"href":"https:\/\/www.gigaamedical.com\/fr\/wp-json\/wp\/v2\/types\/page"}],"author":[{"embeddable":true,"href":"https:\/\/www.gigaamedical.com\/fr\/wp-json\/wp\/v2\/users\/1"}],"replies":[{"embeddable":true,"href":"https:\/\/www.gigaamedical.com\/fr\/wp-json\/wp\/v2\/comments?post=12480"}],"version-history":[{"count":0,"href":"https:\/\/www.gigaamedical.com\/fr\/wp-json\/wp\/v2\/pages\/12480\/revisions"}],"wp:featuredmedia":[{"embeddable":true,"href":"https:\/\/www.gigaamedical.com\/fr\/wp-json\/wp\/v2\/media\/12483"}],"wp:attachment":[{"href":"https:\/\/www.gigaamedical.com\/fr\/wp-json\/wp\/v2\/media?parent=12480"}],"curies":[{"name":"wp","href":"https:\/\/api.w.org\/{rel}","templated":true}]}}