{"id":9069,"date":"2023-06-15T10:22:11","date_gmt":"2023-06-15T02:22:11","guid":{"rendered":"https:\/\/www.gigaalaser.com\/?post_type=product&#038;p=9069"},"modified":"2023-10-10T13:21:57","modified_gmt":"2023-10-10T05:21:57","slug":"fibra-desnuda","status":"publish","type":"product","link":"https:\/\/www.gigaamedical.com\/es\/product\/bare-fiber\/","title":{"rendered":"Fibra desnuda"},"content":{"rendered":"<p>OE est\u00e9ril, doble envase<br \/>\nVentajas:<br \/>\nFibra IR, bajo OH<br \/>\naccesorios (pelador, cuchilla) disponibles<\/p>\n<p><strong>ESPECIFICACIONES:<\/strong><br \/>\n+ Longitud de la fibra: 3 m<br \/>\n+ Est\u00e9ril (ETO)<br \/>\n+ Doble envase est\u00e9ril<br \/>\n+ OH bajo o alto; NA 0,22<br \/>\n+ Tipo: 200-800um 1000um<br \/>\n+ conector F-SMA 905<\/p>\n<p><strong>CAMPOS DE APLICACI\u00d3N:<\/strong><br \/>\n+ Artroscopia<br \/>\n+ Cirug\u00eda<br \/>\n+ ENT<br \/>\n+ Odontolog\u00eda<br \/>\n+ Aplicaciones endovasculares<\/p>\n<p>Origen: China\/Alemania<\/p>","protected":false},"excerpt":{"rendered":"<p>OE est\u00e9ril, doble envase Ventajas: Fibra IR, bajo OH accesorios (stripper, cleaver) disponibles ESPECIFICACIONES: + Longitud de la fibra: 3m + Est\u00e9ril (ETO) + Doble embalaje est\u00e9ril + OH bajo o alto; NA 0,22 + Tipo: 200-800um 1000um + Conector F-SMA 905 CAMPOS DE APLICACI\u00d3N: + Artroscopia + Cirug\u00eda + ORL + Odontolog\u00eda + Aplicaciones endovasculares Origen: China\/Alemania<\/p>","protected":false},"featured_media":5060,"comment_status":"closed","ping_status":"closed","template":"","meta":{"_crdt_document":"","inline_featured_image":false},"product_brand":[],"product_cat":[85,84,87,76],"product_tag":[],"class_list":{"0":"post-9069","1":"product","2":"type-product","3":"status-publish","4":"has-post-thumbnail","6":"product_cat-dentistry","7":"product_cat-dermatology","8":"product_cat-vein","9":"product_cat-veterinary","11":"first","12":"instock","13":"shipping-taxable","14":"purchasable","15":"product-type-simple"},"yoast_head":"<!-- This site is optimized with the Yoast SEO plugin v27.4 - https:\/\/yoast.com\/product\/yoast-seo-wordpress\/ -->\n<title>Bare Fiber - GigaaMedical is a leading global manufacturer and OEM of medical laser systems<\/title>\n<meta name=\"robots\" content=\"index, follow, max-snippet:-1, max-image-preview:large, max-video-preview:-1\" \/>\n<link rel=\"canonical\" href=\"https:\/\/www.gigaamedical.com\/es\/product\/fibra-desnuda\/\" \/>\n<meta property=\"og:locale\" content=\"es_ES\" \/>\n<meta property=\"og:type\" content=\"article\" \/>\n<meta property=\"og:title\" content=\"Bare Fiber - GigaaMedical is a leading global manufacturer and OEM of medical laser systems\" \/>\n<meta property=\"og:description\" content=\"Sterile EO, double packed Advantages: IR-Fiber, low OH accessories (stripper, cleaver) available SPECIFICATIONS: + Fiber length: 3m + Sterile (ETO) + Double sterile packaging + Low or high OH; NA 0.22 + Type: 200-800um 1000um + F-SMA 905 connector FIELDS OF APPLICATION: + Arthroscopy + Surgery + ENT + Dentistry + Endovascular applications Origin: China\/Germany\" \/>\n<meta property=\"og:url\" content=\"https:\/\/www.gigaamedical.com\/es\/product\/fibra-desnuda\/\" \/>\n<meta property=\"og:site_name\" content=\"GigaaMedical is a leading global manufacturer and OEM of medical laser systems\" \/>\n<meta property=\"article:publisher\" content=\"https:\/\/www.facebook.com\/gigaamedicallaser\" \/>\n<meta property=\"article:modified_time\" content=\"2023-10-10T05:21:57+00:00\" \/>\n<meta property=\"og:image\" content=\"https:\/\/i0.wp.com\/www.gigaamedical.com\/wp-content\/uploads\/2022\/05\/fiber1.jpg?fit=800%2C637&ssl=1\" \/>\n\t<meta property=\"og:image:width\" content=\"800\" \/>\n\t<meta property=\"og:image:height\" content=\"637\" \/>\n\t<meta property=\"og:image:type\" content=\"image\/jpeg\" \/>\n<meta name=\"twitter:card\" content=\"summary_large_image\" \/>\n<meta name=\"twitter:site\" content=\"@gigaalaser\" \/>\n<script type=\"application\/ld+json\" class=\"yoast-schema-graph\">{\"@context\":\"https:\\\/\\\/schema.org\",\"@graph\":[{\"@type\":\"WebPage\",\"@id\":\"https:\\\/\\\/www.gigaamedical.com\\\/product\\\/bare-fiber\\\/\",\"url\":\"https:\\\/\\\/www.gigaamedical.com\\\/product\\\/bare-fiber\\\/\",\"name\":\"Bare Fiber - GigaaMedical is a leading global manufacturer and OEM of medical laser systems\",\"isPartOf\":{\"@id\":\"https:\\\/\\\/www.gigaamedical.com\\\/#website\"},\"primaryImageOfPage\":{\"@id\":\"https:\\\/\\\/www.gigaamedical.com\\\/product\\\/bare-fiber\\\/#primaryimage\"},\"image\":{\"@id\":\"https:\\\/\\\/www.gigaamedical.com\\\/product\\\/bare-fiber\\\/#primaryimage\"},\"thumbnailUrl\":\"https:\\\/\\\/i0.wp.com\\\/www.gigaamedical.com\\\/wp-content\\\/uploads\\\/2022\\\/05\\\/fiber1.jpg?fit=800%2C637&ssl=1\",\"datePublished\":\"2023-06-15T02:22:11+00:00\",\"dateModified\":\"2023-10-10T05:21:57+00:00\",\"breadcrumb\":{\"@id\":\"https:\\\/\\\/www.gigaamedical.com\\\/product\\\/bare-fiber\\\/#breadcrumb\"},\"inLanguage\":\"es\",\"potentialAction\":[{\"@type\":\"ReadAction\",\"target\":[\"https:\\\/\\\/www.gigaamedical.com\\\/product\\\/bare-fiber\\\/\"]}]},{\"@type\":\"ImageObject\",\"inLanguage\":\"es\",\"@id\":\"https:\\\/\\\/www.gigaamedical.com\\\/product\\\/bare-fiber\\\/#primaryimage\",\"url\":\"https:\\\/\\\/i0.wp.com\\\/www.gigaamedical.com\\\/wp-content\\\/uploads\\\/2022\\\/05\\\/fiber1.jpg?fit=800%2C637&ssl=1\",\"contentUrl\":\"https:\\\/\\\/i0.wp.com\\\/www.gigaamedical.com\\\/wp-content\\\/uploads\\\/2022\\\/05\\\/fiber1.jpg?fit=800%2C637&ssl=1\",\"width\":800,\"height\":637},{\"@type\":\"BreadcrumbList\",\"@id\":\"https:\\\/\\\/www.gigaamedical.com\\\/product\\\/bare-fiber\\\/#breadcrumb\",\"itemListElement\":[{\"@type\":\"ListItem\",\"position\":1,\"name\":\"\u9996\u9875\",\"item\":\"https:\\\/\\\/www.gigaamedical.com\\\/\"},{\"@type\":\"ListItem\",\"position\":2,\"name\":\"Shop\",\"item\":\"https:\\\/\\\/www.gigaamedical.com\\\/shop\\\/\"},{\"@type\":\"ListItem\",\"position\":3,\"name\":\"Bare Fiber\"}]},{\"@type\":\"WebSite\",\"@id\":\"https:\\\/\\\/www.gigaamedical.com\\\/#website\",\"url\":\"https:\\\/\\\/www.gigaamedical.com\\\/\",\"name\":\"GigaaMedicalLaser\",\"description\":\"Professional medical laser system for your health\",\"publisher\":{\"@id\":\"https:\\\/\\\/www.gigaamedical.com\\\/#organization\"},\"alternateName\":\"GigaaLaser\",\"potentialAction\":[{\"@type\":\"SearchAction\",\"target\":{\"@type\":\"EntryPoint\",\"urlTemplate\":\"https:\\\/\\\/www.gigaamedical.com\\\/?s={search_term_string}\"},\"query-input\":{\"@type\":\"PropertyValueSpecification\",\"valueRequired\":true,\"valueName\":\"search_term_string\"}}],\"inLanguage\":\"es\"},{\"@type\":\"Organization\",\"@id\":\"https:\\\/\\\/www.gigaamedical.com\\\/#organization\",\"name\":\"Gigaalaser Company ltd.\",\"alternateName\":\"Gigaalaser\",\"url\":\"https:\\\/\\\/www.gigaamedical.com\\\/\",\"logo\":{\"@type\":\"ImageObject\",\"inLanguage\":\"es\",\"@id\":\"https:\\\/\\\/www.gigaamedical.com\\\/#\\\/schema\\\/logo\\\/image\\\/\",\"url\":\"https:\\\/\\\/i0.wp.com\\\/www.gigaamedical.com\\\/wp-content\\\/uploads\\\/2024\\\/07\\\/GIGAA1.png?fit=2438%2C1240&ssl=1\",\"contentUrl\":\"https:\\\/\\\/i0.wp.com\\\/www.gigaamedical.com\\\/wp-content\\\/uploads\\\/2024\\\/07\\\/GIGAA1.png?fit=2438%2C1240&ssl=1\",\"width\":2438,\"height\":1240,\"caption\":\"Gigaalaser Company ltd.\"},\"image\":{\"@id\":\"https:\\\/\\\/www.gigaamedical.com\\\/#\\\/schema\\\/logo\\\/image\\\/\"},\"sameAs\":[\"https:\\\/\\\/www.facebook.com\\\/gigaamedicallaser\",\"https:\\\/\\\/x.com\\\/gigaalaser\"]}]}<\/script>\n<!-- \/ Yoast SEO plugin. -->","yoast_head_json":{"title":"Fibra desnuda - GigaaMedical es uno de los principales fabricantes mundiales y OEM de sistemas l\u00e1ser m\u00e9dicos.","robots":{"index":"index","follow":"follow","max-snippet":"max-snippet:-1","max-image-preview":"max-image-preview:large","max-video-preview":"max-video-preview:-1"},"canonical":"https:\/\/www.gigaamedical.com\/es\/product\/fibra-desnuda\/","og_locale":"es_ES","og_type":"article","og_title":"Bare Fiber - GigaaMedical is a leading global manufacturer and OEM of medical laser systems","og_description":"Sterile EO, double packed Advantages: IR-Fiber, low OH accessories (stripper, cleaver) available SPECIFICATIONS: + Fiber length: 3m + Sterile (ETO) + Double sterile packaging + Low or high OH; NA 0.22 + Type: 200-800um 1000um + F-SMA 905 connector FIELDS OF APPLICATION: + Arthroscopy + Surgery + ENT + Dentistry + Endovascular applications Origin: China\/Germany","og_url":"https:\/\/www.gigaamedical.com\/es\/product\/fibra-desnuda\/","og_site_name":"GigaaMedical is a leading global manufacturer and OEM of medical laser systems","article_publisher":"https:\/\/www.facebook.com\/gigaamedicallaser","article_modified_time":"2023-10-10T05:21:57+00:00","og_image":[{"width":800,"height":637,"url":"https:\/\/i0.wp.com\/www.gigaamedical.com\/wp-content\/uploads\/2022\/05\/fiber1.jpg?fit=800%2C637&ssl=1","type":"image\/jpeg"}],"twitter_card":"summary_large_image","twitter_site":"@gigaalaser","schema":{"@context":"https:\/\/schema.org","@graph":[{"@type":"WebPage","@id":"https:\/\/www.gigaamedical.com\/product\/bare-fiber\/","url":"https:\/\/www.gigaamedical.com\/product\/bare-fiber\/","name":"Fibra desnuda - GigaaMedical es uno de los principales fabricantes mundiales y OEM de sistemas l\u00e1ser m\u00e9dicos.","isPartOf":{"@id":"https:\/\/www.gigaamedical.com\/#website"},"primaryImageOfPage":{"@id":"https:\/\/www.gigaamedical.com\/product\/bare-fiber\/#primaryimage"},"image":{"@id":"https:\/\/www.gigaamedical.com\/product\/bare-fiber\/#primaryimage"},"thumbnailUrl":"https:\/\/i0.wp.com\/www.gigaamedical.com\/wp-content\/uploads\/2022\/05\/fiber1.jpg?fit=800%2C637&ssl=1","datePublished":"2023-06-15T02:22:11+00:00","dateModified":"2023-10-10T05:21:57+00:00","breadcrumb":{"@id":"https:\/\/www.gigaamedical.com\/product\/bare-fiber\/#breadcrumb"},"inLanguage":"es","potentialAction":[{"@type":"ReadAction","target":["https:\/\/www.gigaamedical.com\/product\/bare-fiber\/"]}]},{"@type":"ImageObject","inLanguage":"es","@id":"https:\/\/www.gigaamedical.com\/product\/bare-fiber\/#primaryimage","url":"https:\/\/i0.wp.com\/www.gigaamedical.com\/wp-content\/uploads\/2022\/05\/fiber1.jpg?fit=800%2C637&ssl=1","contentUrl":"https:\/\/i0.wp.com\/www.gigaamedical.com\/wp-content\/uploads\/2022\/05\/fiber1.jpg?fit=800%2C637&ssl=1","width":800,"height":637},{"@type":"BreadcrumbList","@id":"https:\/\/www.gigaamedical.com\/product\/bare-fiber\/#breadcrumb","itemListElement":[{"@type":"ListItem","position":1,"name":"\u9996\u9875","item":"https:\/\/www.gigaamedical.com\/"},{"@type":"ListItem","position":2,"name":"Shop","item":"https:\/\/www.gigaamedical.com\/shop\/"},{"@type":"ListItem","position":3,"name":"Bare Fiber"}]},{"@type":"WebSite","@id":"https:\/\/www.gigaamedical.com\/#website","url":"https:\/\/www.gigaamedical.com\/","name":"GigaaMedicalLaser","description":"Sistema l\u00e1ser m\u00e9dico profesional para su salud","publisher":{"@id":"https:\/\/www.gigaamedical.com\/#organization"},"alternateName":"GigaaLaser","potentialAction":[{"@type":"SearchAction","target":{"@type":"EntryPoint","urlTemplate":"https:\/\/www.gigaamedical.com\/?s={search_term_string}"},"query-input":{"@type":"PropertyValueSpecification","valueRequired":true,"valueName":"search_term_string"}}],"inLanguage":"es"},{"@type":"Organization","@id":"https:\/\/www.gigaamedical.com\/#organization","name":"Empresa Gigaalaser ltd.","alternateName":"Gigaalaser","url":"https:\/\/www.gigaamedical.com\/","logo":{"@type":"ImageObject","inLanguage":"es","@id":"https:\/\/www.gigaamedical.com\/#\/schema\/logo\/image\/","url":"https:\/\/i0.wp.com\/www.gigaamedical.com\/wp-content\/uploads\/2024\/07\/GIGAA1.png?fit=2438%2C1240&ssl=1","contentUrl":"https:\/\/i0.wp.com\/www.gigaamedical.com\/wp-content\/uploads\/2024\/07\/GIGAA1.png?fit=2438%2C1240&ssl=1","width":2438,"height":1240,"caption":"Gigaalaser Company ltd."},"image":{"@id":"https:\/\/www.gigaamedical.com\/#\/schema\/logo\/image\/"},"sameAs":["https:\/\/www.facebook.com\/gigaamedicallaser","https:\/\/x.com\/gigaalaser"]}]}},"jetpack_sharing_enabled":true,"_links":{"self":[{"href":"https:\/\/www.gigaamedical.com\/es\/wp-json\/wp\/v2\/product\/9069","targetHints":{"allow":["GET"]}}],"collection":[{"href":"https:\/\/www.gigaamedical.com\/es\/wp-json\/wp\/v2\/product"}],"about":[{"href":"https:\/\/www.gigaamedical.com\/es\/wp-json\/wp\/v2\/types\/product"}],"replies":[{"embeddable":true,"href":"https:\/\/www.gigaamedical.com\/es\/wp-json\/wp\/v2\/comments?post=9069"}],"wp:featuredmedia":[{"embeddable":true,"href":"https:\/\/www.gigaamedical.com\/es\/wp-json\/wp\/v2\/media\/5060"}],"wp:attachment":[{"href":"https:\/\/www.gigaamedical.com\/es\/wp-json\/wp\/v2\/media?parent=9069"}],"wp:term":[{"taxonomy":"product_brand","embeddable":true,"href":"https:\/\/www.gigaamedical.com\/es\/wp-json\/wp\/v2\/product_brand?post=9069"},{"taxonomy":"product_cat","embeddable":true,"href":"https:\/\/www.gigaamedical.com\/es\/wp-json\/wp\/v2\/product_cat?post=9069"},{"taxonomy":"product_tag","embeddable":true,"href":"https:\/\/www.gigaamedical.com\/es\/wp-json\/wp\/v2\/product_tag?post=9069"}],"curies":[{"name":"wp","href":"https:\/\/api.w.org\/{rel}","templated":true}]}}