{"id":9006,"date":"2023-06-13T10:58:40","date_gmt":"2023-06-13T02:58:40","guid":{"rendered":"https:\/\/www.gigaalaser.com\/?post_type=product&#038;p=9006"},"modified":"2023-06-13T11:01:10","modified_gmt":"2023-06-13T03:01:10","slug":"cateter-de-angiografia-esteril-de-un-solo-uso","status":"publish","type":"product","link":"https:\/\/www.gigaamedical.com\/es\/product\/sterile-angiography-catheter-for-single-use\/","title":{"rendered":"Cat\u00e9ter est\u00e9ril para angiograf\u00eda de un solo uso"},"content":{"rendered":"<p>Cat\u00e9ter est\u00e9ril para angiograf\u00eda de un solo uso<\/p>\n<p>4F<\/p>\n<p>CM: 84,5 cm<br \/>\nSH:0<br \/>\nGW:038\u2033(0. 97mm)<br \/>\nPSI:1200psi (8274KPa)<\/p>","protected":false},"excerpt":{"rendered":"<p>Sterile angiography catheter for single use 4F CM: 84.5cm SH:0 GW:038&#8243;(0. 97mm) PSI:1200psi (8274KPa)<\/p>","protected":false},"featured_media":9010,"comment_status":"closed","ping_status":"closed","template":"","meta":{"_crdt_document":"","inline_featured_image":false},"product_brand":[],"product_cat":[87],"product_tag":[],"class_list":{"0":"post-9006","1":"product","2":"type-product","3":"status-publish","4":"has-post-thumbnail","6":"product_cat-vein","8":"first","9":"instock","10":"shipping-taxable","11":"purchasable","12":"product-type-simple"},"yoast_head":"<!-- This site is optimized with the Yoast SEO plugin v27.4 - https:\/\/yoast.com\/product\/yoast-seo-wordpress\/ -->\n<title>Sterile angiography catheter for single use - GigaaMedical is a leading global manufacturer and OEM of medical laser systems<\/title>\n<meta name=\"robots\" content=\"index, follow, max-snippet:-1, max-image-preview:large, max-video-preview:-1\" \/>\n<link rel=\"canonical\" href=\"https:\/\/www.gigaamedical.com\/es\/product\/cateter-de-angiografia-esteril-de-un-solo-uso\/\" \/>\n<meta property=\"og:locale\" content=\"es_ES\" \/>\n<meta property=\"og:type\" content=\"article\" \/>\n<meta property=\"og:title\" content=\"Sterile angiography catheter for single use - GigaaMedical is a leading global manufacturer and OEM of medical laser systems\" \/>\n<meta property=\"og:description\" content=\"Sterile angiography catheter for single use 4F CM: 84.5cm SH:0 GW:038&#8243;(0. 97mm) PSI:1200psi (8274KPa)\" \/>\n<meta property=\"og:url\" content=\"https:\/\/www.gigaamedical.com\/es\/product\/cateter-de-angiografia-esteril-de-un-solo-uso\/\" \/>\n<meta property=\"og:site_name\" content=\"GigaaMedical is a leading global manufacturer and OEM of medical laser systems\" \/>\n<meta property=\"article:publisher\" content=\"https:\/\/www.facebook.com\/gigaamedicallaser\" \/>\n<meta property=\"article:modified_time\" content=\"2023-06-13T03:01:10+00:00\" \/>\n<meta property=\"og:image\" content=\"https:\/\/i0.wp.com\/www.gigaamedical.com\/wp-content\/uploads\/2023\/06\/04508-1.png?fit=1110%2C779&ssl=1\" \/>\n\t<meta property=\"og:image:width\" content=\"1110\" \/>\n\t<meta property=\"og:image:height\" content=\"779\" \/>\n\t<meta property=\"og:image:type\" content=\"image\/png\" \/>\n<meta name=\"twitter:card\" content=\"summary_large_image\" \/>\n<meta name=\"twitter:site\" content=\"@gigaalaser\" \/>\n<script type=\"application\/ld+json\" class=\"yoast-schema-graph\">{\"@context\":\"https:\\\/\\\/schema.org\",\"@graph\":[{\"@type\":\"WebPage\",\"@id\":\"https:\\\/\\\/www.gigaamedical.com\\\/product\\\/sterile-angiography-catheter-for-single-use\\\/\",\"url\":\"https:\\\/\\\/www.gigaamedical.com\\\/product\\\/sterile-angiography-catheter-for-single-use\\\/\",\"name\":\"Sterile angiography catheter for single use - GigaaMedical is a leading global manufacturer and OEM of medical laser systems\",\"isPartOf\":{\"@id\":\"https:\\\/\\\/www.gigaamedical.com\\\/#website\"},\"primaryImageOfPage\":{\"@id\":\"https:\\\/\\\/www.gigaamedical.com\\\/product\\\/sterile-angiography-catheter-for-single-use\\\/#primaryimage\"},\"image\":{\"@id\":\"https:\\\/\\\/www.gigaamedical.com\\\/product\\\/sterile-angiography-catheter-for-single-use\\\/#primaryimage\"},\"thumbnailUrl\":\"https:\\\/\\\/i0.wp.com\\\/www.gigaamedical.com\\\/wp-content\\\/uploads\\\/2023\\\/06\\\/04508-1.png?fit=1110%2C779&ssl=1\",\"datePublished\":\"2023-06-13T02:58:40+00:00\",\"dateModified\":\"2023-06-13T03:01:10+00:00\",\"breadcrumb\":{\"@id\":\"https:\\\/\\\/www.gigaamedical.com\\\/product\\\/sterile-angiography-catheter-for-single-use\\\/#breadcrumb\"},\"inLanguage\":\"es\",\"potentialAction\":[{\"@type\":\"ReadAction\",\"target\":[\"https:\\\/\\\/www.gigaamedical.com\\\/product\\\/sterile-angiography-catheter-for-single-use\\\/\"]}]},{\"@type\":\"ImageObject\",\"inLanguage\":\"es\",\"@id\":\"https:\\\/\\\/www.gigaamedical.com\\\/product\\\/sterile-angiography-catheter-for-single-use\\\/#primaryimage\",\"url\":\"https:\\\/\\\/i0.wp.com\\\/www.gigaamedical.com\\\/wp-content\\\/uploads\\\/2023\\\/06\\\/04508-1.png?fit=1110%2C779&ssl=1\",\"contentUrl\":\"https:\\\/\\\/i0.wp.com\\\/www.gigaamedical.com\\\/wp-content\\\/uploads\\\/2023\\\/06\\\/04508-1.png?fit=1110%2C779&ssl=1\",\"width\":1110,\"height\":779},{\"@type\":\"BreadcrumbList\",\"@id\":\"https:\\\/\\\/www.gigaamedical.com\\\/product\\\/sterile-angiography-catheter-for-single-use\\\/#breadcrumb\",\"itemListElement\":[{\"@type\":\"ListItem\",\"position\":1,\"name\":\"\u9996\u9875\",\"item\":\"https:\\\/\\\/www.gigaamedical.com\\\/\"},{\"@type\":\"ListItem\",\"position\":2,\"name\":\"Shop\",\"item\":\"https:\\\/\\\/www.gigaamedical.com\\\/shop\\\/\"},{\"@type\":\"ListItem\",\"position\":3,\"name\":\"Sterile angiography catheter for single use\"}]},{\"@type\":\"WebSite\",\"@id\":\"https:\\\/\\\/www.gigaamedical.com\\\/#website\",\"url\":\"https:\\\/\\\/www.gigaamedical.com\\\/\",\"name\":\"GigaaMedicalLaser\",\"description\":\"Professional medical laser system for your health\",\"publisher\":{\"@id\":\"https:\\\/\\\/www.gigaamedical.com\\\/#organization\"},\"alternateName\":\"GigaaLaser\",\"potentialAction\":[{\"@type\":\"SearchAction\",\"target\":{\"@type\":\"EntryPoint\",\"urlTemplate\":\"https:\\\/\\\/www.gigaamedical.com\\\/?s={search_term_string}\"},\"query-input\":{\"@type\":\"PropertyValueSpecification\",\"valueRequired\":true,\"valueName\":\"search_term_string\"}}],\"inLanguage\":\"es\"},{\"@type\":\"Organization\",\"@id\":\"https:\\\/\\\/www.gigaamedical.com\\\/#organization\",\"name\":\"Gigaalaser Company ltd.\",\"alternateName\":\"Gigaalaser\",\"url\":\"https:\\\/\\\/www.gigaamedical.com\\\/\",\"logo\":{\"@type\":\"ImageObject\",\"inLanguage\":\"es\",\"@id\":\"https:\\\/\\\/www.gigaamedical.com\\\/#\\\/schema\\\/logo\\\/image\\\/\",\"url\":\"https:\\\/\\\/i0.wp.com\\\/www.gigaamedical.com\\\/wp-content\\\/uploads\\\/2024\\\/07\\\/GIGAA1.png?fit=2438%2C1240&ssl=1\",\"contentUrl\":\"https:\\\/\\\/i0.wp.com\\\/www.gigaamedical.com\\\/wp-content\\\/uploads\\\/2024\\\/07\\\/GIGAA1.png?fit=2438%2C1240&ssl=1\",\"width\":2438,\"height\":1240,\"caption\":\"Gigaalaser Company ltd.\"},\"image\":{\"@id\":\"https:\\\/\\\/www.gigaamedical.com\\\/#\\\/schema\\\/logo\\\/image\\\/\"},\"sameAs\":[\"https:\\\/\\\/www.facebook.com\\\/gigaamedicallaser\",\"https:\\\/\\\/x.com\\\/gigaalaser\"]}]}<\/script>\n<!-- \/ Yoast SEO plugin. -->","yoast_head_json":{"title":"Cat\u00e9ter est\u00e9ril para angiograf\u00eda de un solo uso - GigaaMedical es un fabricante l\u00edder mundial y OEM de sistemas l\u00e1ser m\u00e9dicos","robots":{"index":"index","follow":"follow","max-snippet":"max-snippet:-1","max-image-preview":"max-image-preview:large","max-video-preview":"max-video-preview:-1"},"canonical":"https:\/\/www.gigaamedical.com\/es\/product\/cateter-de-angiografia-esteril-de-un-solo-uso\/","og_locale":"es_ES","og_type":"article","og_title":"Sterile angiography catheter for single use - GigaaMedical is a leading global manufacturer and OEM of medical laser systems","og_description":"Sterile angiography catheter for single use 4F CM: 84.5cm SH:0 GW:038&#8243;(0. 97mm) PSI:1200psi (8274KPa)","og_url":"https:\/\/www.gigaamedical.com\/es\/product\/cateter-de-angiografia-esteril-de-un-solo-uso\/","og_site_name":"GigaaMedical is a leading global manufacturer and OEM of medical laser systems","article_publisher":"https:\/\/www.facebook.com\/gigaamedicallaser","article_modified_time":"2023-06-13T03:01:10+00:00","og_image":[{"width":1110,"height":779,"url":"https:\/\/i0.wp.com\/www.gigaamedical.com\/wp-content\/uploads\/2023\/06\/04508-1.png?fit=1110%2C779&ssl=1","type":"image\/png"}],"twitter_card":"summary_large_image","twitter_site":"@gigaalaser","schema":{"@context":"https:\/\/schema.org","@graph":[{"@type":"WebPage","@id":"https:\/\/www.gigaamedical.com\/product\/sterile-angiography-catheter-for-single-use\/","url":"https:\/\/www.gigaamedical.com\/product\/sterile-angiography-catheter-for-single-use\/","name":"Cat\u00e9ter est\u00e9ril para angiograf\u00eda de un solo uso - GigaaMedical es un fabricante l\u00edder mundial y OEM de sistemas l\u00e1ser m\u00e9dicos","isPartOf":{"@id":"https:\/\/www.gigaamedical.com\/#website"},"primaryImageOfPage":{"@id":"https:\/\/www.gigaamedical.com\/product\/sterile-angiography-catheter-for-single-use\/#primaryimage"},"image":{"@id":"https:\/\/www.gigaamedical.com\/product\/sterile-angiography-catheter-for-single-use\/#primaryimage"},"thumbnailUrl":"https:\/\/i0.wp.com\/www.gigaamedical.com\/wp-content\/uploads\/2023\/06\/04508-1.png?fit=1110%2C779&ssl=1","datePublished":"2023-06-13T02:58:40+00:00","dateModified":"2023-06-13T03:01:10+00:00","breadcrumb":{"@id":"https:\/\/www.gigaamedical.com\/product\/sterile-angiography-catheter-for-single-use\/#breadcrumb"},"inLanguage":"es","potentialAction":[{"@type":"ReadAction","target":["https:\/\/www.gigaamedical.com\/product\/sterile-angiography-catheter-for-single-use\/"]}]},{"@type":"ImageObject","inLanguage":"es","@id":"https:\/\/www.gigaamedical.com\/product\/sterile-angiography-catheter-for-single-use\/#primaryimage","url":"https:\/\/i0.wp.com\/www.gigaamedical.com\/wp-content\/uploads\/2023\/06\/04508-1.png?fit=1110%2C779&ssl=1","contentUrl":"https:\/\/i0.wp.com\/www.gigaamedical.com\/wp-content\/uploads\/2023\/06\/04508-1.png?fit=1110%2C779&ssl=1","width":1110,"height":779},{"@type":"BreadcrumbList","@id":"https:\/\/www.gigaamedical.com\/product\/sterile-angiography-catheter-for-single-use\/#breadcrumb","itemListElement":[{"@type":"ListItem","position":1,"name":"\u9996\u9875","item":"https:\/\/www.gigaamedical.com\/"},{"@type":"ListItem","position":2,"name":"Shop","item":"https:\/\/www.gigaamedical.com\/shop\/"},{"@type":"ListItem","position":3,"name":"Sterile angiography catheter for single use"}]},{"@type":"WebSite","@id":"https:\/\/www.gigaamedical.com\/#website","url":"https:\/\/www.gigaamedical.com\/","name":"GigaaMedicalLaser","description":"Sistema l\u00e1ser m\u00e9dico profesional para su salud","publisher":{"@id":"https:\/\/www.gigaamedical.com\/#organization"},"alternateName":"GigaaLaser","potentialAction":[{"@type":"SearchAction","target":{"@type":"EntryPoint","urlTemplate":"https:\/\/www.gigaamedical.com\/?s={search_term_string}"},"query-input":{"@type":"PropertyValueSpecification","valueRequired":true,"valueName":"search_term_string"}}],"inLanguage":"es"},{"@type":"Organization","@id":"https:\/\/www.gigaamedical.com\/#organization","name":"Empresa Gigaalaser ltd.","alternateName":"Gigaalaser","url":"https:\/\/www.gigaamedical.com\/","logo":{"@type":"ImageObject","inLanguage":"es","@id":"https:\/\/www.gigaamedical.com\/#\/schema\/logo\/image\/","url":"https:\/\/i0.wp.com\/www.gigaamedical.com\/wp-content\/uploads\/2024\/07\/GIGAA1.png?fit=2438%2C1240&ssl=1","contentUrl":"https:\/\/i0.wp.com\/www.gigaamedical.com\/wp-content\/uploads\/2024\/07\/GIGAA1.png?fit=2438%2C1240&ssl=1","width":2438,"height":1240,"caption":"Gigaalaser Company ltd."},"image":{"@id":"https:\/\/www.gigaamedical.com\/#\/schema\/logo\/image\/"},"sameAs":["https:\/\/www.facebook.com\/gigaamedicallaser","https:\/\/x.com\/gigaalaser"]}]}},"jetpack_sharing_enabled":true,"_links":{"self":[{"href":"https:\/\/www.gigaamedical.com\/es\/wp-json\/wp\/v2\/product\/9006","targetHints":{"allow":["GET"]}}],"collection":[{"href":"https:\/\/www.gigaamedical.com\/es\/wp-json\/wp\/v2\/product"}],"about":[{"href":"https:\/\/www.gigaamedical.com\/es\/wp-json\/wp\/v2\/types\/product"}],"replies":[{"embeddable":true,"href":"https:\/\/www.gigaamedical.com\/es\/wp-json\/wp\/v2\/comments?post=9006"}],"wp:featuredmedia":[{"embeddable":true,"href":"https:\/\/www.gigaamedical.com\/es\/wp-json\/wp\/v2\/media\/9010"}],"wp:attachment":[{"href":"https:\/\/www.gigaamedical.com\/es\/wp-json\/wp\/v2\/media?parent=9006"}],"wp:term":[{"taxonomy":"product_brand","embeddable":true,"href":"https:\/\/www.gigaamedical.com\/es\/wp-json\/wp\/v2\/product_brand?post=9006"},{"taxonomy":"product_cat","embeddable":true,"href":"https:\/\/www.gigaamedical.com\/es\/wp-json\/wp\/v2\/product_cat?post=9006"},{"taxonomy":"product_tag","embeddable":true,"href":"https:\/\/www.gigaamedical.com\/es\/wp-json\/wp\/v2\/product_tag?post=9006"}],"curies":[{"name":"wp","href":"https:\/\/api.w.org\/{rel}","templated":true}]}}