{"id":2930,"date":"2021-11-04T16:34:26","date_gmt":"2021-11-04T08:34:26","guid":{"rendered":"https:\/\/www.gigaalaser.com\/?post_type=product&#038;p=2930"},"modified":"2023-10-11T13:19:37","modified_gmt":"2023-10-11T05:19:37","slug":"pieza-de-mano-pm3-therapy","status":"publish","type":"product","link":"https:\/\/www.gigaamedical.com\/es\/product\/pm3-therapy-handpiece\/","title":{"rendered":"Pieza de mano de terapia PM3"},"content":{"rendered":"<p>Se proporciona una pieza de mano de terapia PM\u2162 especialmente dise\u00f1ada con caracter\u00edsticas personalizadas para tratamientos eficaces para el alivio del dolor, la reducci\u00f3n de la inflamaci\u00f3n y la curaci\u00f3n del tejido. Apagar y encender el haz de tratamiento l\u00e1ser es r\u00e1pido y f\u00e1cil con el interruptor de dedo incorporado.<\/p>","protected":false},"excerpt":{"rendered":"<p>Dise\u00f1o tipo T especial para tratamiento terap\u00e9utico<br \/>\n30 mm de di\u00e1metro para el tama\u00f1o del punto de tratamiento<br \/>\nGafas especiales para contacto directo con la piel<br \/>\nDistanciador opcional para el tratamiento con l\u00e1ser de alta potencia<\/p>\n<p><strong>CAMPOS DE APLICACI\u00d3N:<\/strong><br \/>\nPieza de mano terap\u00e9utica<\/p>","protected":false},"featured_media":836,"comment_status":"closed","ping_status":"closed","template":"","meta":{"_crdt_document":"","inline_featured_image":false},"product_brand":[],"product_cat":[79],"product_tag":[],"class_list":{"0":"post-2930","1":"product","2":"type-product","3":"status-publish","4":"has-post-thumbnail","6":"product_cat-therapy","8":"first","9":"instock","10":"shipping-taxable","11":"purchasable","12":"product-type-simple"},"yoast_head":"<!-- This site is optimized with the Yoast SEO plugin v27.5 - https:\/\/yoast.com\/product\/yoast-seo-wordpress\/ -->\n<title>PM3 Therapy handpiece - GigaaMedical is a leading global manufacturer and OEM of medical laser systems<\/title>\n<meta name=\"robots\" content=\"index, follow, max-snippet:-1, max-image-preview:large, max-video-preview:-1\" \/>\n<link rel=\"canonical\" href=\"https:\/\/www.gigaamedical.com\/es\/product\/pieza-de-mano-pm3-therapy\/\" \/>\n<meta property=\"og:locale\" content=\"es_ES\" \/>\n<meta property=\"og:type\" content=\"article\" \/>\n<meta property=\"og:title\" content=\"PM3 Therapy handpiece - GigaaMedical is a leading global manufacturer and OEM of medical laser systems\" \/>\n<meta property=\"og:description\" content=\"T-type design specially for therapy treatment 30mm in diameter for treatment spot size Special glasses for direct skin contact Optional spacer for high power laser treatment  FIELDS OF APPLICATION: Therapy handpiece\" \/>\n<meta property=\"og:url\" content=\"https:\/\/www.gigaamedical.com\/es\/product\/pieza-de-mano-pm3-therapy\/\" \/>\n<meta property=\"og:site_name\" content=\"GigaaMedical is a leading global manufacturer and OEM of medical laser systems\" \/>\n<meta property=\"article:publisher\" content=\"https:\/\/www.facebook.com\/gigaamedicallaser\" \/>\n<meta property=\"article:modified_time\" content=\"2023-10-11T05:19:37+00:00\" \/>\n<meta property=\"og:image\" content=\"https:\/\/i0.wp.com\/www.gigaamedical.com\/wp-content\/uploads\/2020\/08\/201602190940346084.jpg?fit=550%2C367&ssl=1\" \/>\n\t<meta property=\"og:image:width\" content=\"550\" \/>\n\t<meta property=\"og:image:height\" content=\"367\" \/>\n\t<meta property=\"og:image:type\" content=\"image\/jpeg\" \/>\n<meta name=\"twitter:card\" content=\"summary_large_image\" \/>\n<meta name=\"twitter:site\" content=\"@gigaalaser\" \/>\n<script type=\"application\/ld+json\" class=\"yoast-schema-graph\">{\"@context\":\"https:\\\/\\\/schema.org\",\"@graph\":[{\"@type\":\"WebPage\",\"@id\":\"https:\\\/\\\/www.gigaamedical.com\\\/product\\\/pm3-therapy-handpiece\\\/\",\"url\":\"https:\\\/\\\/www.gigaamedical.com\\\/product\\\/pm3-therapy-handpiece\\\/\",\"name\":\"PM3 Therapy handpiece - GigaaMedical is a leading global manufacturer and OEM of medical laser systems\",\"isPartOf\":{\"@id\":\"https:\\\/\\\/www.gigaamedical.com\\\/#website\"},\"primaryImageOfPage\":{\"@id\":\"https:\\\/\\\/www.gigaamedical.com\\\/product\\\/pm3-therapy-handpiece\\\/#primaryimage\"},\"image\":{\"@id\":\"https:\\\/\\\/www.gigaamedical.com\\\/product\\\/pm3-therapy-handpiece\\\/#primaryimage\"},\"thumbnailUrl\":\"https:\\\/\\\/i0.wp.com\\\/www.gigaamedical.com\\\/wp-content\\\/uploads\\\/2020\\\/08\\\/201602190940346084.jpg?fit=550%2C367&ssl=1\",\"datePublished\":\"2021-11-04T08:34:26+00:00\",\"dateModified\":\"2023-10-11T05:19:37+00:00\",\"breadcrumb\":{\"@id\":\"https:\\\/\\\/www.gigaamedical.com\\\/product\\\/pm3-therapy-handpiece\\\/#breadcrumb\"},\"inLanguage\":\"es\",\"potentialAction\":[{\"@type\":\"ReadAction\",\"target\":[\"https:\\\/\\\/www.gigaamedical.com\\\/product\\\/pm3-therapy-handpiece\\\/\"]}]},{\"@type\":\"ImageObject\",\"inLanguage\":\"es\",\"@id\":\"https:\\\/\\\/www.gigaamedical.com\\\/product\\\/pm3-therapy-handpiece\\\/#primaryimage\",\"url\":\"https:\\\/\\\/i0.wp.com\\\/www.gigaamedical.com\\\/wp-content\\\/uploads\\\/2020\\\/08\\\/201602190940346084.jpg?fit=550%2C367&ssl=1\",\"contentUrl\":\"https:\\\/\\\/i0.wp.com\\\/www.gigaamedical.com\\\/wp-content\\\/uploads\\\/2020\\\/08\\\/201602190940346084.jpg?fit=550%2C367&ssl=1\",\"width\":550,\"height\":367},{\"@type\":\"BreadcrumbList\",\"@id\":\"https:\\\/\\\/www.gigaamedical.com\\\/product\\\/pm3-therapy-handpiece\\\/#breadcrumb\",\"itemListElement\":[{\"@type\":\"ListItem\",\"position\":1,\"name\":\"\u9996\u9875\",\"item\":\"https:\\\/\\\/www.gigaamedical.com\\\/\"},{\"@type\":\"ListItem\",\"position\":2,\"name\":\"Shop\",\"item\":\"https:\\\/\\\/www.gigaamedical.com\\\/shop\\\/\"},{\"@type\":\"ListItem\",\"position\":3,\"name\":\"PM3 Therapy handpiece\"}]},{\"@type\":\"WebSite\",\"@id\":\"https:\\\/\\\/www.gigaamedical.com\\\/#website\",\"url\":\"https:\\\/\\\/www.gigaamedical.com\\\/\",\"name\":\"GigaaMedicalLaser\",\"description\":\"Professional medical laser system for your health\",\"publisher\":{\"@id\":\"https:\\\/\\\/www.gigaamedical.com\\\/#organization\"},\"alternateName\":\"GigaaLaser\",\"potentialAction\":[{\"@type\":\"SearchAction\",\"target\":{\"@type\":\"EntryPoint\",\"urlTemplate\":\"https:\\\/\\\/www.gigaamedical.com\\\/?s={search_term_string}\"},\"query-input\":{\"@type\":\"PropertyValueSpecification\",\"valueRequired\":true,\"valueName\":\"search_term_string\"}}],\"inLanguage\":\"es\"},{\"@type\":\"Organization\",\"@id\":\"https:\\\/\\\/www.gigaamedical.com\\\/#organization\",\"name\":\"Gigaalaser Company ltd.\",\"alternateName\":\"Gigaalaser\",\"url\":\"https:\\\/\\\/www.gigaamedical.com\\\/\",\"logo\":{\"@type\":\"ImageObject\",\"inLanguage\":\"es\",\"@id\":\"https:\\\/\\\/www.gigaamedical.com\\\/#\\\/schema\\\/logo\\\/image\\\/\",\"url\":\"https:\\\/\\\/i0.wp.com\\\/www.gigaamedical.com\\\/wp-content\\\/uploads\\\/2024\\\/07\\\/GIGAA1.png?fit=2438%2C1240&ssl=1\",\"contentUrl\":\"https:\\\/\\\/i0.wp.com\\\/www.gigaamedical.com\\\/wp-content\\\/uploads\\\/2024\\\/07\\\/GIGAA1.png?fit=2438%2C1240&ssl=1\",\"width\":2438,\"height\":1240,\"caption\":\"Gigaalaser Company ltd.\"},\"image\":{\"@id\":\"https:\\\/\\\/www.gigaamedical.com\\\/#\\\/schema\\\/logo\\\/image\\\/\"},\"sameAs\":[\"https:\\\/\\\/www.facebook.com\\\/gigaamedicallaser\",\"https:\\\/\\\/x.com\\\/gigaalaser\"]}]}<\/script>\n<!-- \/ Yoast SEO plugin. -->","yoast_head_json":{"title":"Pieza de mano de terapia PM3 - GigaaMedical es uno de los principales fabricantes mundiales y OEM de sistemas l\u00e1ser m\u00e9dicos","robots":{"index":"index","follow":"follow","max-snippet":"max-snippet:-1","max-image-preview":"max-image-preview:large","max-video-preview":"max-video-preview:-1"},"canonical":"https:\/\/www.gigaamedical.com\/es\/product\/pieza-de-mano-pm3-therapy\/","og_locale":"es_ES","og_type":"article","og_title":"PM3 Therapy handpiece - GigaaMedical is a leading global manufacturer and OEM of medical laser systems","og_description":"T-type design specially for therapy treatment 30mm in diameter for treatment spot size Special glasses for direct skin contact Optional spacer for high power laser treatment  FIELDS OF APPLICATION: Therapy handpiece","og_url":"https:\/\/www.gigaamedical.com\/es\/product\/pieza-de-mano-pm3-therapy\/","og_site_name":"GigaaMedical is a leading global manufacturer and OEM of medical laser systems","article_publisher":"https:\/\/www.facebook.com\/gigaamedicallaser","article_modified_time":"2023-10-11T05:19:37+00:00","og_image":[{"width":550,"height":367,"url":"https:\/\/i0.wp.com\/www.gigaamedical.com\/wp-content\/uploads\/2020\/08\/201602190940346084.jpg?fit=550%2C367&ssl=1","type":"image\/jpeg"}],"twitter_card":"summary_large_image","twitter_site":"@gigaalaser","schema":{"@context":"https:\/\/schema.org","@graph":[{"@type":"WebPage","@id":"https:\/\/www.gigaamedical.com\/product\/pm3-therapy-handpiece\/","url":"https:\/\/www.gigaamedical.com\/product\/pm3-therapy-handpiece\/","name":"Pieza de mano de terapia PM3 - GigaaMedical es uno de los principales fabricantes mundiales y OEM de sistemas l\u00e1ser m\u00e9dicos","isPartOf":{"@id":"https:\/\/www.gigaamedical.com\/#website"},"primaryImageOfPage":{"@id":"https:\/\/www.gigaamedical.com\/product\/pm3-therapy-handpiece\/#primaryimage"},"image":{"@id":"https:\/\/www.gigaamedical.com\/product\/pm3-therapy-handpiece\/#primaryimage"},"thumbnailUrl":"https:\/\/i0.wp.com\/www.gigaamedical.com\/wp-content\/uploads\/2020\/08\/201602190940346084.jpg?fit=550%2C367&ssl=1","datePublished":"2021-11-04T08:34:26+00:00","dateModified":"2023-10-11T05:19:37+00:00","breadcrumb":{"@id":"https:\/\/www.gigaamedical.com\/product\/pm3-therapy-handpiece\/#breadcrumb"},"inLanguage":"es","potentialAction":[{"@type":"ReadAction","target":["https:\/\/www.gigaamedical.com\/product\/pm3-therapy-handpiece\/"]}]},{"@type":"ImageObject","inLanguage":"es","@id":"https:\/\/www.gigaamedical.com\/product\/pm3-therapy-handpiece\/#primaryimage","url":"https:\/\/i0.wp.com\/www.gigaamedical.com\/wp-content\/uploads\/2020\/08\/201602190940346084.jpg?fit=550%2C367&ssl=1","contentUrl":"https:\/\/i0.wp.com\/www.gigaamedical.com\/wp-content\/uploads\/2020\/08\/201602190940346084.jpg?fit=550%2C367&ssl=1","width":550,"height":367},{"@type":"BreadcrumbList","@id":"https:\/\/www.gigaamedical.com\/product\/pm3-therapy-handpiece\/#breadcrumb","itemListElement":[{"@type":"ListItem","position":1,"name":"\u9996\u9875","item":"https:\/\/www.gigaamedical.com\/"},{"@type":"ListItem","position":2,"name":"Shop","item":"https:\/\/www.gigaamedical.com\/shop\/"},{"@type":"ListItem","position":3,"name":"PM3 Therapy handpiece"}]},{"@type":"WebSite","@id":"https:\/\/www.gigaamedical.com\/#website","url":"https:\/\/www.gigaamedical.com\/","name":"GigaaMedicalLaser","description":"Sistema l\u00e1ser m\u00e9dico profesional para su salud","publisher":{"@id":"https:\/\/www.gigaamedical.com\/#organization"},"alternateName":"GigaaLaser","potentialAction":[{"@type":"SearchAction","target":{"@type":"EntryPoint","urlTemplate":"https:\/\/www.gigaamedical.com\/?s={search_term_string}"},"query-input":{"@type":"PropertyValueSpecification","valueRequired":true,"valueName":"search_term_string"}}],"inLanguage":"es"},{"@type":"Organization","@id":"https:\/\/www.gigaamedical.com\/#organization","name":"Empresa Gigaalaser ltd.","alternateName":"Gigaalaser","url":"https:\/\/www.gigaamedical.com\/","logo":{"@type":"ImageObject","inLanguage":"es","@id":"https:\/\/www.gigaamedical.com\/#\/schema\/logo\/image\/","url":"https:\/\/i0.wp.com\/www.gigaamedical.com\/wp-content\/uploads\/2024\/07\/GIGAA1.png?fit=2438%2C1240&ssl=1","contentUrl":"https:\/\/i0.wp.com\/www.gigaamedical.com\/wp-content\/uploads\/2024\/07\/GIGAA1.png?fit=2438%2C1240&ssl=1","width":2438,"height":1240,"caption":"Gigaalaser Company ltd."},"image":{"@id":"https:\/\/www.gigaamedical.com\/#\/schema\/logo\/image\/"},"sameAs":["https:\/\/www.facebook.com\/gigaamedicallaser","https:\/\/x.com\/gigaalaser"]}]}},"jetpack_sharing_enabled":true,"_links":{"self":[{"href":"https:\/\/www.gigaamedical.com\/es\/wp-json\/wp\/v2\/product\/2930","targetHints":{"allow":["GET"]}}],"collection":[{"href":"https:\/\/www.gigaamedical.com\/es\/wp-json\/wp\/v2\/product"}],"about":[{"href":"https:\/\/www.gigaamedical.com\/es\/wp-json\/wp\/v2\/types\/product"}],"replies":[{"embeddable":true,"href":"https:\/\/www.gigaamedical.com\/es\/wp-json\/wp\/v2\/comments?post=2930"}],"wp:featuredmedia":[{"embeddable":true,"href":"https:\/\/www.gigaamedical.com\/es\/wp-json\/wp\/v2\/media\/836"}],"wp:attachment":[{"href":"https:\/\/www.gigaamedical.com\/es\/wp-json\/wp\/v2\/media?parent=2930"}],"wp:term":[{"taxonomy":"product_brand","embeddable":true,"href":"https:\/\/www.gigaamedical.com\/es\/wp-json\/wp\/v2\/product_brand?post=2930"},{"taxonomy":"product_cat","embeddable":true,"href":"https:\/\/www.gigaamedical.com\/es\/wp-json\/wp\/v2\/product_cat?post=2930"},{"taxonomy":"product_tag","embeddable":true,"href":"https:\/\/www.gigaamedical.com\/es\/wp-json\/wp\/v2\/product_tag?post=2930"}],"curies":[{"name":"wp","href":"https:\/\/api.w.org\/{rel}","templated":true}]}}