{"id":2924,"date":"2021-11-04T15:18:10","date_gmt":"2021-11-04T07:18:10","guid":{"rendered":"https:\/\/www.gigaalaser.com\/?post_type=product&#038;p=2924"},"modified":"2025-06-05T16:53:05","modified_gmt":"2025-06-05T08:53:05","slug":"pm5-pieza-de-mano-terapeutica","status":"publish","type":"product","link":"https:\/\/www.gigaamedical.com\/es\/product\/pm5-therapy-handpiece\/","title":{"rendered":"Pieza de mano de terapia PM5"},"content":{"rendered":"<p>La pieza de mano de la serie PM5 se suministra con hasta 5 lentes. M\u00faltiples juegos de lentes trabajan juntos para satisfacer sus diferentes aplicaciones de funci\u00f3n cl\u00ednica.<\/p>\n<p><img data-recalc-dims=\"1\" loading=\"lazy\" decoding=\"async\" class=\"alignnone size-large wp-image-20571\" src=\"https:\/\/i0.wp.com\/www.gigaamedical.com\/wp-content\/uploads\/2025\/06\/GBOX-PLUS_%E9%A1%B5%E9%9D%A2_5.jpg?resize=724%2C1024&#038;ssl=1\" alt=\"\" width=\"724\" height=\"1024\" \/><\/p>","protected":false},"excerpt":{"rendered":"<p>CAMPOS DE APLICACI\u00d3N:<br \/>\nTerapia<br \/>\nPodolog\u00eda<br \/>\nHongos en las u\u00f1as<br \/>\nVET<\/p>","protected":false},"featured_media":1273,"comment_status":"closed","ping_status":"closed","template":"","meta":{"_crdt_document":"","inline_featured_image":false},"product_brand":[],"product_cat":[79,76],"product_tag":[],"class_list":{"0":"post-2924","1":"product","2":"type-product","3":"status-publish","4":"has-post-thumbnail","6":"product_cat-therapy","7":"product_cat-veterinary","9":"first","10":"instock","11":"shipping-taxable","12":"purchasable","13":"product-type-simple"},"yoast_head":"<!-- This site is optimized with the Yoast SEO plugin v27.3 - https:\/\/yoast.com\/product\/yoast-seo-wordpress\/ -->\n<title>PM5 Therapy HandPiece - GigaaMedical is a leading global manufacturer and OEM of medical laser systems<\/title>\n<meta name=\"robots\" content=\"index, follow, max-snippet:-1, max-image-preview:large, max-video-preview:-1\" \/>\n<link rel=\"canonical\" href=\"https:\/\/www.gigaamedical.com\/es\/product\/pm5-pieza-de-mano-terapeutica\/\" \/>\n<meta property=\"og:locale\" content=\"es_ES\" \/>\n<meta property=\"og:type\" content=\"article\" \/>\n<meta property=\"og:title\" content=\"PM5 Therapy HandPiece - GigaaMedical is a leading global manufacturer and OEM of medical laser systems\" \/>\n<meta property=\"og:description\" content=\"FIELDS OF APPLICATION: Therapy Podiatry Nail Fungus VET\" \/>\n<meta property=\"og:url\" content=\"https:\/\/www.gigaamedical.com\/es\/product\/pm5-pieza-de-mano-terapeutica\/\" \/>\n<meta property=\"og:site_name\" content=\"GigaaMedical is a leading global manufacturer and OEM of medical laser systems\" \/>\n<meta property=\"article:publisher\" content=\"https:\/\/www.facebook.com\/gigaamedicallaser\" \/>\n<meta property=\"article:modified_time\" content=\"2025-06-05T08:53:05+00:00\" \/>\n<meta property=\"og:image\" content=\"https:\/\/www.gigaamedical.com\/wp-content\/uploads\/2020\/12\/PM5-412.png\" \/>\n\t<meta property=\"og:image:width\" content=\"1031\" \/>\n\t<meta property=\"og:image:height\" content=\"837\" \/>\n\t<meta property=\"og:image:type\" content=\"image\/png\" \/>\n<meta name=\"twitter:card\" content=\"summary_large_image\" \/>\n<meta name=\"twitter:site\" content=\"@gigaalaser\" \/>\n<script type=\"application\/ld+json\" class=\"yoast-schema-graph\">{\"@context\":\"https:\\\/\\\/schema.org\",\"@graph\":[{\"@type\":\"WebPage\",\"@id\":\"https:\\\/\\\/www.gigaamedical.com\\\/product\\\/pm5-therapy-handpiece\\\/\",\"url\":\"https:\\\/\\\/www.gigaamedical.com\\\/product\\\/pm5-therapy-handpiece\\\/\",\"name\":\"PM5 Therapy HandPiece - GigaaMedical is a leading global manufacturer and OEM of medical laser systems\",\"isPartOf\":{\"@id\":\"https:\\\/\\\/www.gigaamedical.com\\\/#website\"},\"primaryImageOfPage\":{\"@id\":\"https:\\\/\\\/www.gigaamedical.com\\\/product\\\/pm5-therapy-handpiece\\\/#primaryimage\"},\"image\":{\"@id\":\"https:\\\/\\\/www.gigaamedical.com\\\/product\\\/pm5-therapy-handpiece\\\/#primaryimage\"},\"thumbnailUrl\":\"https:\\\/\\\/i0.wp.com\\\/www.gigaamedical.com\\\/wp-content\\\/uploads\\\/2020\\\/12\\\/PM5-412.png?fit=1031%2C837&ssl=1\",\"datePublished\":\"2021-11-04T07:18:10+00:00\",\"dateModified\":\"2025-06-05T08:53:05+00:00\",\"breadcrumb\":{\"@id\":\"https:\\\/\\\/www.gigaamedical.com\\\/product\\\/pm5-therapy-handpiece\\\/#breadcrumb\"},\"inLanguage\":\"es\",\"potentialAction\":[{\"@type\":\"ReadAction\",\"target\":[\"https:\\\/\\\/www.gigaamedical.com\\\/product\\\/pm5-therapy-handpiece\\\/\"]}]},{\"@type\":\"ImageObject\",\"inLanguage\":\"es\",\"@id\":\"https:\\\/\\\/www.gigaamedical.com\\\/product\\\/pm5-therapy-handpiece\\\/#primaryimage\",\"url\":\"https:\\\/\\\/i0.wp.com\\\/www.gigaamedical.com\\\/wp-content\\\/uploads\\\/2020\\\/12\\\/PM5-412.png?fit=1031%2C837&ssl=1\",\"contentUrl\":\"https:\\\/\\\/i0.wp.com\\\/www.gigaamedical.com\\\/wp-content\\\/uploads\\\/2020\\\/12\\\/PM5-412.png?fit=1031%2C837&ssl=1\",\"width\":1031,\"height\":837},{\"@type\":\"BreadcrumbList\",\"@id\":\"https:\\\/\\\/www.gigaamedical.com\\\/product\\\/pm5-therapy-handpiece\\\/#breadcrumb\",\"itemListElement\":[{\"@type\":\"ListItem\",\"position\":1,\"name\":\"\u9996\u9875\",\"item\":\"https:\\\/\\\/www.gigaamedical.com\\\/\"},{\"@type\":\"ListItem\",\"position\":2,\"name\":\"Shop\",\"item\":\"https:\\\/\\\/www.gigaamedical.com\\\/shop\\\/\"},{\"@type\":\"ListItem\",\"position\":3,\"name\":\"PM5 Therapy HandPiece\"}]},{\"@type\":\"WebSite\",\"@id\":\"https:\\\/\\\/www.gigaamedical.com\\\/#website\",\"url\":\"https:\\\/\\\/www.gigaamedical.com\\\/\",\"name\":\"GigaaMedicalLaser\",\"description\":\"Professional medical laser system for your health\",\"publisher\":{\"@id\":\"https:\\\/\\\/www.gigaamedical.com\\\/#organization\"},\"alternateName\":\"GigaaLaser\",\"potentialAction\":[{\"@type\":\"SearchAction\",\"target\":{\"@type\":\"EntryPoint\",\"urlTemplate\":\"https:\\\/\\\/www.gigaamedical.com\\\/?s={search_term_string}\"},\"query-input\":{\"@type\":\"PropertyValueSpecification\",\"valueRequired\":true,\"valueName\":\"search_term_string\"}}],\"inLanguage\":\"es\"},{\"@type\":\"Organization\",\"@id\":\"https:\\\/\\\/www.gigaamedical.com\\\/#organization\",\"name\":\"Gigaalaser Company ltd.\",\"alternateName\":\"Gigaalaser\",\"url\":\"https:\\\/\\\/www.gigaamedical.com\\\/\",\"logo\":{\"@type\":\"ImageObject\",\"inLanguage\":\"es\",\"@id\":\"https:\\\/\\\/www.gigaamedical.com\\\/#\\\/schema\\\/logo\\\/image\\\/\",\"url\":\"https:\\\/\\\/i0.wp.com\\\/www.gigaamedical.com\\\/wp-content\\\/uploads\\\/2024\\\/07\\\/GIGAA1.png?fit=2438%2C1240&ssl=1\",\"contentUrl\":\"https:\\\/\\\/i0.wp.com\\\/www.gigaamedical.com\\\/wp-content\\\/uploads\\\/2024\\\/07\\\/GIGAA1.png?fit=2438%2C1240&ssl=1\",\"width\":2438,\"height\":1240,\"caption\":\"Gigaalaser Company ltd.\"},\"image\":{\"@id\":\"https:\\\/\\\/www.gigaamedical.com\\\/#\\\/schema\\\/logo\\\/image\\\/\"},\"sameAs\":[\"https:\\\/\\\/www.facebook.com\\\/gigaamedicallaser\",\"https:\\\/\\\/x.com\\\/gigaalaser\"]}]}<\/script>\n<!-- \/ Yoast SEO plugin. -->","yoast_head_json":{"title":"PM5 Therapy HandPiece - GigaaMedical es uno de los principales fabricantes mundiales y OEM de sistemas l\u00e1ser m\u00e9dicos","robots":{"index":"index","follow":"follow","max-snippet":"max-snippet:-1","max-image-preview":"max-image-preview:large","max-video-preview":"max-video-preview:-1"},"canonical":"https:\/\/www.gigaamedical.com\/es\/product\/pm5-pieza-de-mano-terapeutica\/","og_locale":"es_ES","og_type":"article","og_title":"PM5 Therapy HandPiece - GigaaMedical is a leading global manufacturer and OEM of medical laser systems","og_description":"FIELDS OF APPLICATION: Therapy Podiatry Nail Fungus VET","og_url":"https:\/\/www.gigaamedical.com\/es\/product\/pm5-pieza-de-mano-terapeutica\/","og_site_name":"GigaaMedical is a leading global manufacturer and OEM of medical laser systems","article_publisher":"https:\/\/www.facebook.com\/gigaamedicallaser","article_modified_time":"2025-06-05T08:53:05+00:00","og_image":[{"width":1031,"height":837,"url":"https:\/\/www.gigaamedical.com\/wp-content\/uploads\/2020\/12\/PM5-412.png","type":"image\/png"}],"twitter_card":"summary_large_image","twitter_site":"@gigaalaser","schema":{"@context":"https:\/\/schema.org","@graph":[{"@type":"WebPage","@id":"https:\/\/www.gigaamedical.com\/product\/pm5-therapy-handpiece\/","url":"https:\/\/www.gigaamedical.com\/product\/pm5-therapy-handpiece\/","name":"PM5 Therapy HandPiece - GigaaMedical es uno de los principales fabricantes mundiales y OEM de sistemas l\u00e1ser m\u00e9dicos","isPartOf":{"@id":"https:\/\/www.gigaamedical.com\/#website"},"primaryImageOfPage":{"@id":"https:\/\/www.gigaamedical.com\/product\/pm5-therapy-handpiece\/#primaryimage"},"image":{"@id":"https:\/\/www.gigaamedical.com\/product\/pm5-therapy-handpiece\/#primaryimage"},"thumbnailUrl":"https:\/\/i0.wp.com\/www.gigaamedical.com\/wp-content\/uploads\/2020\/12\/PM5-412.png?fit=1031%2C837&ssl=1","datePublished":"2021-11-04T07:18:10+00:00","dateModified":"2025-06-05T08:53:05+00:00","breadcrumb":{"@id":"https:\/\/www.gigaamedical.com\/product\/pm5-therapy-handpiece\/#breadcrumb"},"inLanguage":"es","potentialAction":[{"@type":"ReadAction","target":["https:\/\/www.gigaamedical.com\/product\/pm5-therapy-handpiece\/"]}]},{"@type":"ImageObject","inLanguage":"es","@id":"https:\/\/www.gigaamedical.com\/product\/pm5-therapy-handpiece\/#primaryimage","url":"https:\/\/i0.wp.com\/www.gigaamedical.com\/wp-content\/uploads\/2020\/12\/PM5-412.png?fit=1031%2C837&ssl=1","contentUrl":"https:\/\/i0.wp.com\/www.gigaamedical.com\/wp-content\/uploads\/2020\/12\/PM5-412.png?fit=1031%2C837&ssl=1","width":1031,"height":837},{"@type":"BreadcrumbList","@id":"https:\/\/www.gigaamedical.com\/product\/pm5-therapy-handpiece\/#breadcrumb","itemListElement":[{"@type":"ListItem","position":1,"name":"\u9996\u9875","item":"https:\/\/www.gigaamedical.com\/"},{"@type":"ListItem","position":2,"name":"Shop","item":"https:\/\/www.gigaamedical.com\/shop\/"},{"@type":"ListItem","position":3,"name":"PM5 Therapy HandPiece"}]},{"@type":"WebSite","@id":"https:\/\/www.gigaamedical.com\/#website","url":"https:\/\/www.gigaamedical.com\/","name":"GigaaMedicalLaser","description":"Sistema l\u00e1ser m\u00e9dico profesional para su salud","publisher":{"@id":"https:\/\/www.gigaamedical.com\/#organization"},"alternateName":"GigaaLaser","potentialAction":[{"@type":"SearchAction","target":{"@type":"EntryPoint","urlTemplate":"https:\/\/www.gigaamedical.com\/?s={search_term_string}"},"query-input":{"@type":"PropertyValueSpecification","valueRequired":true,"valueName":"search_term_string"}}],"inLanguage":"es"},{"@type":"Organization","@id":"https:\/\/www.gigaamedical.com\/#organization","name":"Empresa Gigaalaser ltd.","alternateName":"Gigaalaser","url":"https:\/\/www.gigaamedical.com\/","logo":{"@type":"ImageObject","inLanguage":"es","@id":"https:\/\/www.gigaamedical.com\/#\/schema\/logo\/image\/","url":"https:\/\/i0.wp.com\/www.gigaamedical.com\/wp-content\/uploads\/2024\/07\/GIGAA1.png?fit=2438%2C1240&ssl=1","contentUrl":"https:\/\/i0.wp.com\/www.gigaamedical.com\/wp-content\/uploads\/2024\/07\/GIGAA1.png?fit=2438%2C1240&ssl=1","width":2438,"height":1240,"caption":"Gigaalaser Company ltd."},"image":{"@id":"https:\/\/www.gigaamedical.com\/#\/schema\/logo\/image\/"},"sameAs":["https:\/\/www.facebook.com\/gigaamedicallaser","https:\/\/x.com\/gigaalaser"]}]}},"jetpack_sharing_enabled":true,"_links":{"self":[{"href":"https:\/\/www.gigaamedical.com\/es\/wp-json\/wp\/v2\/product\/2924","targetHints":{"allow":["GET"]}}],"collection":[{"href":"https:\/\/www.gigaamedical.com\/es\/wp-json\/wp\/v2\/product"}],"about":[{"href":"https:\/\/www.gigaamedical.com\/es\/wp-json\/wp\/v2\/types\/product"}],"replies":[{"embeddable":true,"href":"https:\/\/www.gigaamedical.com\/es\/wp-json\/wp\/v2\/comments?post=2924"}],"wp:featuredmedia":[{"embeddable":true,"href":"https:\/\/www.gigaamedical.com\/es\/wp-json\/wp\/v2\/media\/1273"}],"wp:attachment":[{"href":"https:\/\/www.gigaamedical.com\/es\/wp-json\/wp\/v2\/media?parent=2924"}],"wp:term":[{"taxonomy":"product_brand","embeddable":true,"href":"https:\/\/www.gigaamedical.com\/es\/wp-json\/wp\/v2\/product_brand?post=2924"},{"taxonomy":"product_cat","embeddable":true,"href":"https:\/\/www.gigaamedical.com\/es\/wp-json\/wp\/v2\/product_cat?post=2924"},{"taxonomy":"product_tag","embeddable":true,"href":"https:\/\/www.gigaamedical.com\/es\/wp-json\/wp\/v2\/product_tag?post=2924"}],"curies":[{"name":"wp","href":"https:\/\/api.w.org\/{rel}","templated":true}]}}