{"id":11045,"date":"2024-03-06T13:47:13","date_gmt":"2024-03-06T05:47:13","guid":{"rendered":"https:\/\/www.gigaamedical.com\/?post_type=product&#038;p=11045"},"modified":"2024-03-06T13:52:16","modified_gmt":"2024-03-06T05:52:16","slug":"cierre-luer-para-fibras-laser","status":"publish","type":"product","link":"https:\/\/www.gigaamedical.com\/es\/product\/luer-lock-for-laser-fibers\/","title":{"rendered":"Luer Lock Para Fibras L\u00e1ser"},"content":{"rendered":"<ul>\n<li>Conectores Luer m\u00e9dicos de un solo uso<\/li>\n<li>Conectores m\u00e9dicos luer lock no est\u00e9riles.<\/li>\n<li>Las configuraciones de los conectores incluyen cierres luer macho, deslizadores luer macho, que se conectan a la fibra l\u00e1ser en una amplia selecci\u00f3n de tama\u00f1os.<\/li>\n<\/ul>","protected":false},"excerpt":{"rendered":"<p>Luer Lock Para Fibras L\u00e1ser<\/p>\n<p>Paquete de conectores en Y<\/p>","protected":false},"featured_media":11046,"comment_status":"closed","ping_status":"closed","template":"","meta":{"_crdt_document":"","inline_featured_image":false},"product_brand":[],"product_cat":[98,87],"product_tag":[100,101,99],"class_list":{"0":"post-11045","1":"product","2":"type-product","3":"status-publish","4":"has-post-thumbnail","6":"product_cat-hemorrhoids","7":"product_cat-vein","8":"product_tag-evlt","9":"product_tag-fiber","10":"product_tag-hemorrhoids","12":"first","13":"instock","14":"shipping-taxable","15":"purchasable","16":"product-type-simple"},"yoast_head":"<!-- This site is optimized with the Yoast SEO plugin v27.3 - https:\/\/yoast.com\/product\/yoast-seo-wordpress\/ -->\n<title>Luer Lock For Laser Fibers - GigaaMedical is a leading global manufacturer and OEM of medical laser systems<\/title>\n<meta name=\"robots\" content=\"index, follow, max-snippet:-1, max-image-preview:large, max-video-preview:-1\" \/>\n<link rel=\"canonical\" href=\"https:\/\/www.gigaamedical.com\/es\/product\/cierre-luer-para-fibras-laser\/\" \/>\n<meta property=\"og:locale\" content=\"es_ES\" \/>\n<meta property=\"og:type\" content=\"article\" \/>\n<meta property=\"og:title\" content=\"Luer Lock For Laser Fibers - GigaaMedical is a leading global manufacturer and OEM of medical laser systems\" \/>\n<meta property=\"og:description\" content=\"Luer Lock For Laser Fibers  Y-connector pack\" \/>\n<meta property=\"og:url\" content=\"https:\/\/www.gigaamedical.com\/es\/product\/cierre-luer-para-fibras-laser\/\" \/>\n<meta property=\"og:site_name\" content=\"GigaaMedical is a leading global manufacturer and OEM of medical laser systems\" \/>\n<meta property=\"article:publisher\" content=\"https:\/\/www.facebook.com\/gigaamedicallaser\" \/>\n<meta property=\"article:modified_time\" content=\"2024-03-06T05:52:16+00:00\" \/>\n<meta property=\"og:image\" content=\"https:\/\/i0.wp.com\/www.gigaamedical.com\/wp-content\/uploads\/2024\/03\/31.png?fit=945%2C1212&ssl=1\" \/>\n\t<meta property=\"og:image:width\" content=\"945\" \/>\n\t<meta property=\"og:image:height\" content=\"1212\" \/>\n\t<meta property=\"og:image:type\" content=\"image\/png\" \/>\n<meta name=\"twitter:card\" content=\"summary_large_image\" \/>\n<meta name=\"twitter:site\" content=\"@gigaalaser\" \/>\n<script type=\"application\/ld+json\" class=\"yoast-schema-graph\">{\"@context\":\"https:\\\/\\\/schema.org\",\"@graph\":[{\"@type\":\"WebPage\",\"@id\":\"https:\\\/\\\/www.gigaamedical.com\\\/product\\\/luer-lock-for-laser-fibers\\\/\",\"url\":\"https:\\\/\\\/www.gigaamedical.com\\\/product\\\/luer-lock-for-laser-fibers\\\/\",\"name\":\"Luer Lock For Laser Fibers - GigaaMedical is a leading global manufacturer and OEM of medical laser systems\",\"isPartOf\":{\"@id\":\"https:\\\/\\\/www.gigaamedical.com\\\/#website\"},\"primaryImageOfPage\":{\"@id\":\"https:\\\/\\\/www.gigaamedical.com\\\/product\\\/luer-lock-for-laser-fibers\\\/#primaryimage\"},\"image\":{\"@id\":\"https:\\\/\\\/www.gigaamedical.com\\\/product\\\/luer-lock-for-laser-fibers\\\/#primaryimage\"},\"thumbnailUrl\":\"https:\\\/\\\/i0.wp.com\\\/www.gigaamedical.com\\\/wp-content\\\/uploads\\\/2024\\\/03\\\/31.png?fit=945%2C1212&ssl=1\",\"datePublished\":\"2024-03-06T05:47:13+00:00\",\"dateModified\":\"2024-03-06T05:52:16+00:00\",\"breadcrumb\":{\"@id\":\"https:\\\/\\\/www.gigaamedical.com\\\/product\\\/luer-lock-for-laser-fibers\\\/#breadcrumb\"},\"inLanguage\":\"es\",\"potentialAction\":[{\"@type\":\"ReadAction\",\"target\":[\"https:\\\/\\\/www.gigaamedical.com\\\/product\\\/luer-lock-for-laser-fibers\\\/\"]}]},{\"@type\":\"ImageObject\",\"inLanguage\":\"es\",\"@id\":\"https:\\\/\\\/www.gigaamedical.com\\\/product\\\/luer-lock-for-laser-fibers\\\/#primaryimage\",\"url\":\"https:\\\/\\\/i0.wp.com\\\/www.gigaamedical.com\\\/wp-content\\\/uploads\\\/2024\\\/03\\\/31.png?fit=945%2C1212&ssl=1\",\"contentUrl\":\"https:\\\/\\\/i0.wp.com\\\/www.gigaamedical.com\\\/wp-content\\\/uploads\\\/2024\\\/03\\\/31.png?fit=945%2C1212&ssl=1\",\"width\":945,\"height\":1212},{\"@type\":\"BreadcrumbList\",\"@id\":\"https:\\\/\\\/www.gigaamedical.com\\\/product\\\/luer-lock-for-laser-fibers\\\/#breadcrumb\",\"itemListElement\":[{\"@type\":\"ListItem\",\"position\":1,\"name\":\"\u9996\u9875\",\"item\":\"https:\\\/\\\/www.gigaamedical.com\\\/\"},{\"@type\":\"ListItem\",\"position\":2,\"name\":\"Shop\",\"item\":\"https:\\\/\\\/www.gigaamedical.com\\\/shop\\\/\"},{\"@type\":\"ListItem\",\"position\":3,\"name\":\"Luer Lock For Laser Fibers\"}]},{\"@type\":\"WebSite\",\"@id\":\"https:\\\/\\\/www.gigaamedical.com\\\/#website\",\"url\":\"https:\\\/\\\/www.gigaamedical.com\\\/\",\"name\":\"GigaaMedicalLaser\",\"description\":\"Professional medical laser system for your health\",\"publisher\":{\"@id\":\"https:\\\/\\\/www.gigaamedical.com\\\/#organization\"},\"alternateName\":\"GigaaLaser\",\"potentialAction\":[{\"@type\":\"SearchAction\",\"target\":{\"@type\":\"EntryPoint\",\"urlTemplate\":\"https:\\\/\\\/www.gigaamedical.com\\\/?s={search_term_string}\"},\"query-input\":{\"@type\":\"PropertyValueSpecification\",\"valueRequired\":true,\"valueName\":\"search_term_string\"}}],\"inLanguage\":\"es\"},{\"@type\":\"Organization\",\"@id\":\"https:\\\/\\\/www.gigaamedical.com\\\/#organization\",\"name\":\"Gigaalaser Company ltd.\",\"alternateName\":\"Gigaalaser\",\"url\":\"https:\\\/\\\/www.gigaamedical.com\\\/\",\"logo\":{\"@type\":\"ImageObject\",\"inLanguage\":\"es\",\"@id\":\"https:\\\/\\\/www.gigaamedical.com\\\/#\\\/schema\\\/logo\\\/image\\\/\",\"url\":\"https:\\\/\\\/i0.wp.com\\\/www.gigaamedical.com\\\/wp-content\\\/uploads\\\/2024\\\/07\\\/GIGAA1.png?fit=2438%2C1240&ssl=1\",\"contentUrl\":\"https:\\\/\\\/i0.wp.com\\\/www.gigaamedical.com\\\/wp-content\\\/uploads\\\/2024\\\/07\\\/GIGAA1.png?fit=2438%2C1240&ssl=1\",\"width\":2438,\"height\":1240,\"caption\":\"Gigaalaser Company ltd.\"},\"image\":{\"@id\":\"https:\\\/\\\/www.gigaamedical.com\\\/#\\\/schema\\\/logo\\\/image\\\/\"},\"sameAs\":[\"https:\\\/\\\/www.facebook.com\\\/gigaamedicallaser\",\"https:\\\/\\\/x.com\\\/gigaalaser\"]}]}<\/script>\n<!-- \/ Yoast SEO plugin. -->","yoast_head_json":{"title":"Luer Lock Para Fibras L\u00e1ser - GigaaMedical es uno de los principales fabricantes mundiales y OEM de sistemas m\u00e9dicos l\u00e1ser.","robots":{"index":"index","follow":"follow","max-snippet":"max-snippet:-1","max-image-preview":"max-image-preview:large","max-video-preview":"max-video-preview:-1"},"canonical":"https:\/\/www.gigaamedical.com\/es\/product\/cierre-luer-para-fibras-laser\/","og_locale":"es_ES","og_type":"article","og_title":"Luer Lock For Laser Fibers - GigaaMedical is a leading global manufacturer and OEM of medical laser systems","og_description":"Luer Lock For Laser Fibers  Y-connector pack","og_url":"https:\/\/www.gigaamedical.com\/es\/product\/cierre-luer-para-fibras-laser\/","og_site_name":"GigaaMedical is a leading global manufacturer and OEM of medical laser systems","article_publisher":"https:\/\/www.facebook.com\/gigaamedicallaser","article_modified_time":"2024-03-06T05:52:16+00:00","og_image":[{"width":945,"height":1212,"url":"https:\/\/i0.wp.com\/www.gigaamedical.com\/wp-content\/uploads\/2024\/03\/31.png?fit=945%2C1212&ssl=1","type":"image\/png"}],"twitter_card":"summary_large_image","twitter_site":"@gigaalaser","schema":{"@context":"https:\/\/schema.org","@graph":[{"@type":"WebPage","@id":"https:\/\/www.gigaamedical.com\/product\/luer-lock-for-laser-fibers\/","url":"https:\/\/www.gigaamedical.com\/product\/luer-lock-for-laser-fibers\/","name":"Luer Lock Para Fibras L\u00e1ser - GigaaMedical es uno de los principales fabricantes mundiales y OEM de sistemas m\u00e9dicos l\u00e1ser.","isPartOf":{"@id":"https:\/\/www.gigaamedical.com\/#website"},"primaryImageOfPage":{"@id":"https:\/\/www.gigaamedical.com\/product\/luer-lock-for-laser-fibers\/#primaryimage"},"image":{"@id":"https:\/\/www.gigaamedical.com\/product\/luer-lock-for-laser-fibers\/#primaryimage"},"thumbnailUrl":"https:\/\/i0.wp.com\/www.gigaamedical.com\/wp-content\/uploads\/2024\/03\/31.png?fit=945%2C1212&ssl=1","datePublished":"2024-03-06T05:47:13+00:00","dateModified":"2024-03-06T05:52:16+00:00","breadcrumb":{"@id":"https:\/\/www.gigaamedical.com\/product\/luer-lock-for-laser-fibers\/#breadcrumb"},"inLanguage":"es","potentialAction":[{"@type":"ReadAction","target":["https:\/\/www.gigaamedical.com\/product\/luer-lock-for-laser-fibers\/"]}]},{"@type":"ImageObject","inLanguage":"es","@id":"https:\/\/www.gigaamedical.com\/product\/luer-lock-for-laser-fibers\/#primaryimage","url":"https:\/\/i0.wp.com\/www.gigaamedical.com\/wp-content\/uploads\/2024\/03\/31.png?fit=945%2C1212&ssl=1","contentUrl":"https:\/\/i0.wp.com\/www.gigaamedical.com\/wp-content\/uploads\/2024\/03\/31.png?fit=945%2C1212&ssl=1","width":945,"height":1212},{"@type":"BreadcrumbList","@id":"https:\/\/www.gigaamedical.com\/product\/luer-lock-for-laser-fibers\/#breadcrumb","itemListElement":[{"@type":"ListItem","position":1,"name":"\u9996\u9875","item":"https:\/\/www.gigaamedical.com\/"},{"@type":"ListItem","position":2,"name":"Shop","item":"https:\/\/www.gigaamedical.com\/shop\/"},{"@type":"ListItem","position":3,"name":"Luer Lock For Laser Fibers"}]},{"@type":"WebSite","@id":"https:\/\/www.gigaamedical.com\/#website","url":"https:\/\/www.gigaamedical.com\/","name":"GigaaMedicalLaser","description":"Sistema l\u00e1ser m\u00e9dico profesional para su salud","publisher":{"@id":"https:\/\/www.gigaamedical.com\/#organization"},"alternateName":"GigaaLaser","potentialAction":[{"@type":"SearchAction","target":{"@type":"EntryPoint","urlTemplate":"https:\/\/www.gigaamedical.com\/?s={search_term_string}"},"query-input":{"@type":"PropertyValueSpecification","valueRequired":true,"valueName":"search_term_string"}}],"inLanguage":"es"},{"@type":"Organization","@id":"https:\/\/www.gigaamedical.com\/#organization","name":"Empresa Gigaalaser ltd.","alternateName":"Gigaalaser","url":"https:\/\/www.gigaamedical.com\/","logo":{"@type":"ImageObject","inLanguage":"es","@id":"https:\/\/www.gigaamedical.com\/#\/schema\/logo\/image\/","url":"https:\/\/i0.wp.com\/www.gigaamedical.com\/wp-content\/uploads\/2024\/07\/GIGAA1.png?fit=2438%2C1240&ssl=1","contentUrl":"https:\/\/i0.wp.com\/www.gigaamedical.com\/wp-content\/uploads\/2024\/07\/GIGAA1.png?fit=2438%2C1240&ssl=1","width":2438,"height":1240,"caption":"Gigaalaser Company ltd."},"image":{"@id":"https:\/\/www.gigaamedical.com\/#\/schema\/logo\/image\/"},"sameAs":["https:\/\/www.facebook.com\/gigaamedicallaser","https:\/\/x.com\/gigaalaser"]}]}},"jetpack_sharing_enabled":true,"_links":{"self":[{"href":"https:\/\/www.gigaamedical.com\/es\/wp-json\/wp\/v2\/product\/11045","targetHints":{"allow":["GET"]}}],"collection":[{"href":"https:\/\/www.gigaamedical.com\/es\/wp-json\/wp\/v2\/product"}],"about":[{"href":"https:\/\/www.gigaamedical.com\/es\/wp-json\/wp\/v2\/types\/product"}],"replies":[{"embeddable":true,"href":"https:\/\/www.gigaamedical.com\/es\/wp-json\/wp\/v2\/comments?post=11045"}],"wp:featuredmedia":[{"embeddable":true,"href":"https:\/\/www.gigaamedical.com\/es\/wp-json\/wp\/v2\/media\/11046"}],"wp:attachment":[{"href":"https:\/\/www.gigaamedical.com\/es\/wp-json\/wp\/v2\/media?parent=11045"}],"wp:term":[{"taxonomy":"product_brand","embeddable":true,"href":"https:\/\/www.gigaamedical.com\/es\/wp-json\/wp\/v2\/product_brand?post=11045"},{"taxonomy":"product_cat","embeddable":true,"href":"https:\/\/www.gigaamedical.com\/es\/wp-json\/wp\/v2\/product_cat?post=11045"},{"taxonomy":"product_tag","embeddable":true,"href":"https:\/\/www.gigaamedical.com\/es\/wp-json\/wp\/v2\/product_tag?post=11045"}],"curies":[{"name":"wp","href":"https:\/\/api.w.org\/{rel}","templated":true}]}}