{"id":2996,"date":"2021-11-17T15:16:21","date_gmt":"2021-11-17T07:16:21","guid":{"rendered":"https:\/\/www.gigaalaser.com\/?page_id=2996"},"modified":"2024-03-16T22:33:51","modified_gmt":"2024-03-16T14:33:51","slug":"velasii-8g","status":"publish","type":"page","link":"https:\/\/www.gigaamedical.com\/es\/velasii-8g\/","title":{"rendered":"VELASII-8G"},"content":{"rendered":"<h2 class=\"wp-block-heading\" id=\"introduction\">INTRODUCCI\u00d3N<\/h2>\n\n\n\n<p class=\"wp-block-paragraph\">Utiliza un semiconductor de alta potencia a 808 nm para \"bombear\" en sentido \u00f3ptico un cristal que produce luz de una longitud de onda de 1064 nm. Dicha luz se proyecta a su vez sobre un cristal duplicador (LBOtriborato de litio) para \"dividir por la mitad\" la longitud de onda de 1064 nm y obtener luz verde de 532 nm. Este novedoso sistema de divisi\u00f3n del valor de la longitud de onda permite al operador controlar la salida de luz verde mediante pulsos muy cortos.<\/p>\n\n\n\n<figure class=\"wp-block-image size-full\"><img data-recalc-dims=\"1\" loading=\"lazy\" decoding=\"async\" width=\"614\" height=\"381\" src=\"https:\/\/i0.wp.com\/www.gigaamedical.com\/wp-content\/uploads\/2024\/03\/20240316223147.png?resize=614%2C381&#038;ssl=1\" alt=\"\" class=\"wp-image-11312\" srcset=\"https:\/\/i0.wp.com\/www.gigaamedical.com\/wp-content\/uploads\/2024\/03\/20240316223147.png?w=614&amp;ssl=1 614w, https:\/\/i0.wp.com\/www.gigaamedical.com\/wp-content\/uploads\/2024\/03\/20240316223147.png?resize=300%2C186&amp;ssl=1 300w, https:\/\/i0.wp.com\/www.gigaamedical.com\/wp-content\/uploads\/2024\/03\/20240316223147.png?resize=600%2C372&amp;ssl=1 600w\" sizes=\"auto, (max-width: 614px) 100vw, 614px\" \/><\/figure>\n\n\n\n<div class=\"wp-block-columns is-layout-flex wp-container-core-columns-is-layout-8f761849 wp-block-columns-is-layout-flex\">\n<div class=\"wp-block-column is-layout-flow wp-block-column-is-layout-flow\">\n<h3 class=\"wp-block-heading\" id=\"powerful-and-effective\">Potente y eficaz<\/h3>\n\n\n\n<ul class=\"wp-block-list\">\n<li>3w\/4w\/ 5w\/ 8w potencia pico a elegir<\/li>\n\n\n\n<li>Pulsos muy cortos e intensos<\/li>\n\n\n\n<li>Tratamientos eficaces, protecci\u00f3n de la epidermis<\/li>\n\n\n\n<li>Muy estable y fiable, con una larga vida \u00fatil<\/li>\n<\/ul>\n\n\n\n<p class=\"wp-block-paragraph\"><\/p>\n<\/div>\n\n\n\n<div class=\"wp-block-column is-layout-flow wp-block-column-is-layout-flow\">\n<p class=\"wp-block-paragraph\">Transportable y econ\u00f3mico<\/p>\n\n\n\n<ul class=\"wp-block-list\">\n<li>Dise\u00f1o f\u00e1cil de usar, men\u00fa intuitivo<\/li>\n\n\n\n<li>Dispositivo compacto, tecnolog\u00eda estable<\/li>\n\n\n\n<li>Maleta de transporte para el dispositivo y los accesorios<\/li>\n\n\n\n<li>Tecnolog\u00eda Plug &amp; Play: no necesita t\u00e9cnico<\/li>\n\n\n\n<li>Bajos costes de explotaci\u00f3n<\/li>\n<\/ul>\n<\/div>\n<\/div>\n\n\n\n<h2 class=\"wp-block-heading\" id=\"applications\">Aplicaciones<\/h2>\n\n\n\n<div class=\"wp-block-columns is-layout-flex wp-container-core-columns-is-layout-8f761849 wp-block-columns-is-layout-flex\">\n<div class=\"wp-block-column is-layout-flow wp-block-column-is-layout-flow\">\n<h3 class=\"wp-block-heading\" id=\"vascular-lesions\">Lesiones vasculares<\/h3>\n\n\n\n<p class=\"wp-block-paragraph\">Ara\u00f1as vasculares<br>Telangiectasia<br>Neovascularizaci\u00f3n<br>Ros\u00e1cea<br>Lago venoso<br>PWS<br>Angiomas seniles, estrellados y cereza<\/p>\n<\/div>\n\n\n\n<div class=\"wp-block-column is-layout-flow wp-block-column-is-layout-flow\">\n<h3 class=\"wp-block-heading\" id=\"pigmented-lesions\">Lesiones pigmentadas<\/h3>\n\n\n\n<p class=\"wp-block-paragraph\"> Lentigines<br>Dermatosis Papulosis Nigra<br>Pecas<br>Lesiones hiperquerat\u00f3sicas<br>Civette Poikiloderma<br>Estr\u00edas rojas<\/p>\n<\/div>\n\n\n\n<div class=\"wp-block-column is-layout-flow wp-block-column-is-layout-flow\">\n<h3 class=\"wp-block-heading\" id=\"cutaneous-lesions\">Lesiones cut\u00e1neas<\/h3>\n\n\n\n<p class=\"wp-block-paragraph\">Cicatrices<br>Verrugas<br>Queratosis<br>Acn\u00e9 inflamatorio<\/p>\n<\/div>\n<\/div>","protected":false},"excerpt":{"rendered":"<p>INTRODUCTION Use high power semiconductor at 808nm to \u201cpump\u201d in an optical sense a crystal that produces light of a wavelength of 1064 nm. Such light is in the turn casted upon a duplicating crystal (LBOtriborate lithium) to \u201chalve\u201d the wavelength of 1064 nm and obtain green light of 532 nm. Such a novel system [&#8230;]\n","protected":false},"author":1,"featured_media":0,"parent":0,"menu_order":0,"comment_status":"closed","ping_status":"closed","template":"","meta":{"_crdt_document":"","inline_featured_image":false,"footnotes":""},"class_list":["post-2996","page","type-page","status-publish","hentry"],"yoast_head":"<!-- This site is optimized with the Yoast SEO plugin v27.3 - https:\/\/yoast.com\/product\/yoast-seo-wordpress\/ -->\n<title>VELASII-8G - GigaaMedical is a leading global manufacturer and OEM of medical laser systems<\/title>\n<meta name=\"robots\" content=\"index, follow, max-snippet:-1, max-image-preview:large, max-video-preview:-1\" \/>\n<link rel=\"canonical\" href=\"https:\/\/www.gigaamedical.com\/es\/velasii-8g\/\" \/>\n<meta property=\"og:locale\" content=\"es_ES\" \/>\n<meta property=\"og:type\" content=\"article\" \/>\n<meta property=\"og:title\" content=\"VELASII-8G - GigaaMedical is a leading global manufacturer and OEM of medical laser systems\" \/>\n<meta property=\"og:description\" content=\"INTRODUCTION Use high power semiconductor at 808nm to \u201cpump\u201d in an optical sense a crystal that produces light of a wavelength of 1064 nm. Such light is in the turn casted upon a duplicating crystal (LBOtriborate lithium) to \u201chalve\u201d the wavelength of 1064 nm and obtain green light of 532 nm. Such a novel system [...]\" \/>\n<meta property=\"og:url\" content=\"https:\/\/www.gigaamedical.com\/es\/velasii-8g\/\" \/>\n<meta property=\"og:site_name\" content=\"GigaaMedical is a leading global manufacturer and OEM of medical laser systems\" \/>\n<meta property=\"article:publisher\" content=\"https:\/\/www.facebook.com\/gigaamedicallaser\" \/>\n<meta property=\"article:modified_time\" content=\"2024-03-16T14:33:51+00:00\" \/>\n<meta property=\"og:image\" content=\"https:\/\/www.gigaamedical.com\/wp-content\/uploads\/2024\/03\/20240316223147.png\" \/>\n<meta name=\"twitter:card\" content=\"summary_large_image\" \/>\n<meta name=\"twitter:site\" content=\"@gigaalaser\" \/>\n<meta name=\"twitter:label1\" content=\"Tiempo de lectura\" \/>\n\t<meta name=\"twitter:data1\" content=\"1 minuto\" \/>\n<script type=\"application\/ld+json\" class=\"yoast-schema-graph\">{\"@context\":\"https:\\\/\\\/schema.org\",\"@graph\":[{\"@type\":\"WebPage\",\"@id\":\"https:\\\/\\\/www.gigaamedical.com\\\/velasii-8g\\\/\",\"url\":\"https:\\\/\\\/www.gigaamedical.com\\\/velasii-8g\\\/\",\"name\":\"VELASII-8G - GigaaMedical is a leading global manufacturer and OEM of medical laser systems\",\"isPartOf\":{\"@id\":\"https:\\\/\\\/www.gigaamedical.com\\\/#website\"},\"primaryImageOfPage\":{\"@id\":\"https:\\\/\\\/www.gigaamedical.com\\\/velasii-8g\\\/#primaryimage\"},\"image\":{\"@id\":\"https:\\\/\\\/www.gigaamedical.com\\\/velasii-8g\\\/#primaryimage\"},\"thumbnailUrl\":\"https:\\\/\\\/www.gigaamedical.com\\\/wp-content\\\/uploads\\\/2024\\\/03\\\/20240316223147.png\",\"datePublished\":\"2021-11-17T07:16:21+00:00\",\"dateModified\":\"2024-03-16T14:33:51+00:00\",\"breadcrumb\":{\"@id\":\"https:\\\/\\\/www.gigaamedical.com\\\/velasii-8g\\\/#breadcrumb\"},\"inLanguage\":\"es\",\"potentialAction\":[{\"@type\":\"ReadAction\",\"target\":[\"https:\\\/\\\/www.gigaamedical.com\\\/velasii-8g\\\/\"]}]},{\"@type\":\"ImageObject\",\"inLanguage\":\"es\",\"@id\":\"https:\\\/\\\/www.gigaamedical.com\\\/velasii-8g\\\/#primaryimage\",\"url\":\"https:\\\/\\\/www.gigaamedical.com\\\/wp-content\\\/uploads\\\/2024\\\/03\\\/20240316223147.png\",\"contentUrl\":\"https:\\\/\\\/www.gigaamedical.com\\\/wp-content\\\/uploads\\\/2024\\\/03\\\/20240316223147.png\"},{\"@type\":\"BreadcrumbList\",\"@id\":\"https:\\\/\\\/www.gigaamedical.com\\\/velasii-8g\\\/#breadcrumb\",\"itemListElement\":[{\"@type\":\"ListItem\",\"position\":1,\"name\":\"\u9996\u9875\",\"item\":\"https:\\\/\\\/www.gigaamedical.com\\\/\"},{\"@type\":\"ListItem\",\"position\":2,\"name\":\"VELASII-8G\"}]},{\"@type\":\"WebSite\",\"@id\":\"https:\\\/\\\/www.gigaamedical.com\\\/#website\",\"url\":\"https:\\\/\\\/www.gigaamedical.com\\\/\",\"name\":\"GigaaMedicalLaser\",\"description\":\"Professional medical laser system for your health\",\"publisher\":{\"@id\":\"https:\\\/\\\/www.gigaamedical.com\\\/#organization\"},\"alternateName\":\"GigaaLaser\",\"potentialAction\":[{\"@type\":\"SearchAction\",\"target\":{\"@type\":\"EntryPoint\",\"urlTemplate\":\"https:\\\/\\\/www.gigaamedical.com\\\/?s={search_term_string}\"},\"query-input\":{\"@type\":\"PropertyValueSpecification\",\"valueRequired\":true,\"valueName\":\"search_term_string\"}}],\"inLanguage\":\"es\"},{\"@type\":\"Organization\",\"@id\":\"https:\\\/\\\/www.gigaamedical.com\\\/#organization\",\"name\":\"Gigaalaser Company ltd.\",\"alternateName\":\"Gigaalaser\",\"url\":\"https:\\\/\\\/www.gigaamedical.com\\\/\",\"logo\":{\"@type\":\"ImageObject\",\"inLanguage\":\"es\",\"@id\":\"https:\\\/\\\/www.gigaamedical.com\\\/#\\\/schema\\\/logo\\\/image\\\/\",\"url\":\"https:\\\/\\\/i0.wp.com\\\/www.gigaamedical.com\\\/wp-content\\\/uploads\\\/2024\\\/07\\\/GIGAA1.png?fit=2438%2C1240&ssl=1\",\"contentUrl\":\"https:\\\/\\\/i0.wp.com\\\/www.gigaamedical.com\\\/wp-content\\\/uploads\\\/2024\\\/07\\\/GIGAA1.png?fit=2438%2C1240&ssl=1\",\"width\":2438,\"height\":1240,\"caption\":\"Gigaalaser Company ltd.\"},\"image\":{\"@id\":\"https:\\\/\\\/www.gigaamedical.com\\\/#\\\/schema\\\/logo\\\/image\\\/\"},\"sameAs\":[\"https:\\\/\\\/www.facebook.com\\\/gigaamedicallaser\",\"https:\\\/\\\/x.com\\\/gigaalaser\"]}]}<\/script>\n<!-- \/ Yoast SEO plugin. -->","yoast_head_json":{"title":"VELASII-8G - GigaaMedical es uno de los principales fabricantes mundiales de sistemas l\u00e1ser m\u00e9dicos.","robots":{"index":"index","follow":"follow","max-snippet":"max-snippet:-1","max-image-preview":"max-image-preview:large","max-video-preview":"max-video-preview:-1"},"canonical":"https:\/\/www.gigaamedical.com\/es\/velasii-8g\/","og_locale":"es_ES","og_type":"article","og_title":"VELASII-8G - GigaaMedical is a leading global manufacturer and OEM of medical laser systems","og_description":"INTRODUCTION Use high power semiconductor at 808nm to \u201cpump\u201d in an optical sense a crystal that produces light of a wavelength of 1064 nm. Such light is in the turn casted upon a duplicating crystal (LBOtriborate lithium) to \u201chalve\u201d the wavelength of 1064 nm and obtain green light of 532 nm. Such a novel system [...]","og_url":"https:\/\/www.gigaamedical.com\/es\/velasii-8g\/","og_site_name":"GigaaMedical is a leading global manufacturer and OEM of medical laser systems","article_publisher":"https:\/\/www.facebook.com\/gigaamedicallaser","article_modified_time":"2024-03-16T14:33:51+00:00","og_image":[{"url":"https:\/\/www.gigaamedical.com\/wp-content\/uploads\/2024\/03\/20240316223147.png","type":"","width":"","height":""}],"twitter_card":"summary_large_image","twitter_site":"@gigaalaser","twitter_misc":{"Tiempo de lectura":"1 minuto"},"schema":{"@context":"https:\/\/schema.org","@graph":[{"@type":"WebPage","@id":"https:\/\/www.gigaamedical.com\/velasii-8g\/","url":"https:\/\/www.gigaamedical.com\/velasii-8g\/","name":"VELASII-8G - GigaaMedical es uno de los principales fabricantes mundiales de sistemas l\u00e1ser m\u00e9dicos.","isPartOf":{"@id":"https:\/\/www.gigaamedical.com\/#website"},"primaryImageOfPage":{"@id":"https:\/\/www.gigaamedical.com\/velasii-8g\/#primaryimage"},"image":{"@id":"https:\/\/www.gigaamedical.com\/velasii-8g\/#primaryimage"},"thumbnailUrl":"https:\/\/www.gigaamedical.com\/wp-content\/uploads\/2024\/03\/20240316223147.png","datePublished":"2021-11-17T07:16:21+00:00","dateModified":"2024-03-16T14:33:51+00:00","breadcrumb":{"@id":"https:\/\/www.gigaamedical.com\/velasii-8g\/#breadcrumb"},"inLanguage":"es","potentialAction":[{"@type":"ReadAction","target":["https:\/\/www.gigaamedical.com\/velasii-8g\/"]}]},{"@type":"ImageObject","inLanguage":"es","@id":"https:\/\/www.gigaamedical.com\/velasii-8g\/#primaryimage","url":"https:\/\/www.gigaamedical.com\/wp-content\/uploads\/2024\/03\/20240316223147.png","contentUrl":"https:\/\/www.gigaamedical.com\/wp-content\/uploads\/2024\/03\/20240316223147.png"},{"@type":"BreadcrumbList","@id":"https:\/\/www.gigaamedical.com\/velasii-8g\/#breadcrumb","itemListElement":[{"@type":"ListItem","position":1,"name":"\u9996\u9875","item":"https:\/\/www.gigaamedical.com\/"},{"@type":"ListItem","position":2,"name":"VELASII-8G"}]},{"@type":"WebSite","@id":"https:\/\/www.gigaamedical.com\/#website","url":"https:\/\/www.gigaamedical.com\/","name":"GigaaMedicalLaser","description":"Sistema l\u00e1ser m\u00e9dico profesional para su salud","publisher":{"@id":"https:\/\/www.gigaamedical.com\/#organization"},"alternateName":"GigaaLaser","potentialAction":[{"@type":"SearchAction","target":{"@type":"EntryPoint","urlTemplate":"https:\/\/www.gigaamedical.com\/?s={search_term_string}"},"query-input":{"@type":"PropertyValueSpecification","valueRequired":true,"valueName":"search_term_string"}}],"inLanguage":"es"},{"@type":"Organization","@id":"https:\/\/www.gigaamedical.com\/#organization","name":"Empresa Gigaalaser ltd.","alternateName":"Gigaalaser","url":"https:\/\/www.gigaamedical.com\/","logo":{"@type":"ImageObject","inLanguage":"es","@id":"https:\/\/www.gigaamedical.com\/#\/schema\/logo\/image\/","url":"https:\/\/i0.wp.com\/www.gigaamedical.com\/wp-content\/uploads\/2024\/07\/GIGAA1.png?fit=2438%2C1240&ssl=1","contentUrl":"https:\/\/i0.wp.com\/www.gigaamedical.com\/wp-content\/uploads\/2024\/07\/GIGAA1.png?fit=2438%2C1240&ssl=1","width":2438,"height":1240,"caption":"Gigaalaser Company ltd."},"image":{"@id":"https:\/\/www.gigaamedical.com\/#\/schema\/logo\/image\/"},"sameAs":["https:\/\/www.facebook.com\/gigaamedicallaser","https:\/\/x.com\/gigaalaser"]}]}},"jetpack_sharing_enabled":true,"_links":{"self":[{"href":"https:\/\/www.gigaamedical.com\/es\/wp-json\/wp\/v2\/pages\/2996","targetHints":{"allow":["GET"]}}],"collection":[{"href":"https:\/\/www.gigaamedical.com\/es\/wp-json\/wp\/v2\/pages"}],"about":[{"href":"https:\/\/www.gigaamedical.com\/es\/wp-json\/wp\/v2\/types\/page"}],"author":[{"embeddable":true,"href":"https:\/\/www.gigaamedical.com\/es\/wp-json\/wp\/v2\/users\/1"}],"replies":[{"embeddable":true,"href":"https:\/\/www.gigaamedical.com\/es\/wp-json\/wp\/v2\/comments?post=2996"}],"version-history":[{"count":0,"href":"https:\/\/www.gigaamedical.com\/es\/wp-json\/wp\/v2\/pages\/2996\/revisions"}],"wp:attachment":[{"href":"https:\/\/www.gigaamedical.com\/es\/wp-json\/wp\/v2\/media?parent=2996"}],"curies":[{"name":"wp","href":"https:\/\/api.w.org\/{rel}","templated":true}]}}