{"id":2877,"date":"2021-11-01T16:56:03","date_gmt":"2021-11-01T08:56:03","guid":{"rendered":"https:\/\/www.gigaalaser.com\/?post_type=product&#038;p=2877"},"modified":"2021-11-02T13:33:49","modified_gmt":"2021-11-02T05:33:49","slug":"schutzbrille-fur-532nm","status":"publish","type":"product","link":"https:\/\/www.gigaamedical.com\/de\/product\/safety-goggles-for-532nm\/","title":{"rendered":"Schutzbrille f\u00fcr 532nm"},"content":{"rendered":"<p><strong>CE:<\/strong><br \/>\n190-315 D LB7 + IR LB3<br \/>\n316-532 D LB5 + IR LB6 + M LB6Y<br \/>\n910-970 DIR LB6 + M LB6Y<br \/>\n970-1070 D LB6 + IR LB7 + M LB7Y<\/p>\n<p class=\"p1\">Unsere 701 Pi3 Gunmetal grey Laserbrille wurde mit Blick auf hohe Qualit\u00e4t und individuelle Anpassung entwickelt. Der Rahmen der 701 hat eine universelle Passform mit biegsamen B\u00fcgeln und einem Fit-Over-Design. Die 7 verschiedenen Farboptionen erm\u00f6glichen es Ihnen, Ihr eigenes Organisationssystem zu erstellen.<\/p>\n<ul>\n<li class=\"p3\">Universelle Passform<\/li>\n<li class=\"p3\">F\u00fcr zus\u00e4tzliche Sicherheit k\u00f6nnen Kopfgurte angebracht werden.<\/li>\n<li class=\"p3\">Mehrere Farboptionen f\u00fcr den Rahmen: Wei\u00df, Gunmetal, Blau, Gr\u00fcn, Lila, Rot und Zebra.<\/li>\n<\/ul>\n<p>Modus: 701G.Pi3<\/p>\n<p><img data-recalc-dims=\"1\" loading=\"lazy\" decoding=\"async\" class=\"alignnone size-full wp-image-2878\" src=\"https:\/\/i0.wp.com\/www.gigaalaser.com\/wp-content\/uploads\/2021\/11\/Pi3-lens-graph.jpg?resize=700%2C415&#038;ssl=1\" alt=\"\" width=\"700\" height=\"415\" srcset=\"https:\/\/i0.wp.com\/www.gigaamedical.com\/wp-content\/uploads\/2021\/11\/Pi3-lens-graph.jpg?w=700&amp;ssl=1 700w, https:\/\/i0.wp.com\/www.gigaamedical.com\/wp-content\/uploads\/2021\/11\/Pi3-lens-graph.jpg?resize=300%2C178&amp;ssl=1 300w, https:\/\/i0.wp.com\/www.gigaamedical.com\/wp-content\/uploads\/2021\/11\/Pi3-lens-graph.jpg?resize=24%2C14&amp;ssl=1 24w, https:\/\/i0.wp.com\/www.gigaamedical.com\/wp-content\/uploads\/2021\/11\/Pi3-lens-graph.jpg?resize=36%2C21&amp;ssl=1 36w, https:\/\/i0.wp.com\/www.gigaamedical.com\/wp-content\/uploads\/2021\/11\/Pi3-lens-graph.jpg?resize=48%2C28&amp;ssl=1 48w, https:\/\/i0.wp.com\/www.gigaamedical.com\/wp-content\/uploads\/2021\/11\/Pi3-lens-graph.jpg?resize=600%2C356&amp;ssl=1 600w\" sizes=\"auto, (max-width: 700px) 100vw, 700px\" \/><\/p>\n<h1 class=\"product_title entry-title\">Pi3 Laser Brille, Gestell 701G<\/h1>\n<p><strong>Laser-Typ:<\/strong>\u00a0KTP, Q-Switch, Nd:YAG<\/p>\n<p><strong>Spezialit\u00e4t \/ Anwendungen:<\/strong>\u00a0Industrie, Medizin, Zahnmedizin, Tiermedizin, Wissenschaft, Therapie, Schneiden, Dermatologie, Laser-Resurfacing, Hautverj\u00fcngung, Tattoo-Entfernung, Weichteilzahnmedizin<\/p>\n<h2>Zus\u00e4tzliche Informationen<\/h2>\n<table>\n<tbody>\n<tr class=\"woocommerce-product-attributes-item woocommerce-product-attributes-item--attribute_pa_color\">\n<th class=\"woocommerce-product-attributes-item__label\">Farbe<\/th>\n<td class=\"woocommerce-product-attributes-item__value\">Orange<\/td>\n<\/tr>\n<tr class=\"woocommerce-product-attributes-item woocommerce-product-attributes-item--attribute_pa_material\">\n<th class=\"woocommerce-product-attributes-item__label\">Material<\/th>\n<td class=\"woocommerce-product-attributes-item__value\">Polymer<\/td>\n<\/tr>\n<tr class=\"woocommerce-product-attributes-item woocommerce-product-attributes-item--attribute_pa_wavelength\">\n<th class=\"woocommerce-product-attributes-item__label\">Wellenl\u00e4nge<\/th>\n<td class=\"woocommerce-product-attributes-item__value\">190nm, 532nm, 850nm, 900nm, 960nm, 1064nm, 1070nm<\/td>\n<\/tr>\n<\/tbody>\n<\/table>","protected":false},"excerpt":{"rendered":"<p>Orange gebogenes Poly<\/p>\n<p>Material:<br \/>\nPolycarbonat (Orange)<\/p>\n<p>Spezifikationen:<br \/>\n190-532 nm(OD7)<br \/>\n850-900 nm(OD5)<br \/>\n900-1070 nm(OD6)<br \/>\n960-1064 nm(OD7)<\/p>\n<p>VLT:26%<\/p>","protected":false},"featured_media":2879,"comment_status":"closed","ping_status":"closed","template":"","meta":{"_crdt_document":"","inline_featured_image":false},"product_brand":[],"product_cat":[77],"product_tag":[],"class_list":{"0":"post-2877","1":"product","2":"type-product","3":"status-publish","4":"has-post-thumbnail","6":"product_cat-safety-goggles","8":"first","9":"instock","10":"shipping-taxable","11":"purchasable","12":"product-type-simple"},"yoast_head":"<!-- This site is optimized with the Yoast SEO plugin v27.3 - https:\/\/yoast.com\/product\/yoast-seo-wordpress\/ -->\n<title>Safety goggles for 532nm - GigaaMedical is a leading global manufacturer and OEM of medical laser systems<\/title>\n<meta name=\"robots\" content=\"index, follow, max-snippet:-1, max-image-preview:large, max-video-preview:-1\" \/>\n<link rel=\"canonical\" href=\"https:\/\/www.gigaamedical.com\/de\/product\/schutzbrille-fur-532nm\/\" \/>\n<meta property=\"og:locale\" content=\"de_DE\" \/>\n<meta property=\"og:type\" content=\"article\" \/>\n<meta property=\"og:title\" content=\"Safety goggles for 532nm - GigaaMedical is a leading global manufacturer and OEM of medical laser systems\" \/>\n<meta property=\"og:description\" content=\"Orange Curved Poly  Material: Polycarbonate (Orange)  Specifications: 190-532 nm(OD7) 850-900 nm(OD5) 900-1070 nm(OD6) 960-1064 nm(OD7)  VLT:26%\" \/>\n<meta property=\"og:url\" content=\"https:\/\/www.gigaamedical.com\/de\/product\/schutzbrille-fur-532nm\/\" \/>\n<meta property=\"og:site_name\" content=\"GigaaMedical is a leading global manufacturer and OEM of medical laser systems\" \/>\n<meta property=\"article:publisher\" content=\"https:\/\/www.facebook.com\/gigaamedicallaser\" \/>\n<meta property=\"article:modified_time\" content=\"2021-11-02T05:33:49+00:00\" \/>\n<meta property=\"og:image\" content=\"https:\/\/i0.wp.com\/www.gigaamedical.com\/wp-content\/uploads\/2021\/11\/701-gunmetal-frame-Pi3-Lens.jpg?fit=500%2C500&ssl=1\" \/>\n\t<meta property=\"og:image:width\" content=\"500\" \/>\n\t<meta property=\"og:image:height\" content=\"500\" \/>\n\t<meta property=\"og:image:type\" content=\"image\/jpeg\" \/>\n<meta name=\"twitter:card\" content=\"summary_large_image\" \/>\n<meta name=\"twitter:site\" content=\"@gigaalaser\" \/>\n<meta name=\"twitter:label1\" content=\"Gesch\u00e4tzte Lesezeit\" \/>\n\t<meta name=\"twitter:data1\" content=\"1\u00a0Minute\" \/>\n<script type=\"application\/ld+json\" class=\"yoast-schema-graph\">{\"@context\":\"https:\\\/\\\/schema.org\",\"@graph\":[{\"@type\":\"WebPage\",\"@id\":\"https:\\\/\\\/www.gigaamedical.com\\\/product\\\/safety-goggles-for-532nm\\\/\",\"url\":\"https:\\\/\\\/www.gigaamedical.com\\\/product\\\/safety-goggles-for-532nm\\\/\",\"name\":\"Safety goggles for 532nm - GigaaMedical is a leading global manufacturer and OEM of medical laser systems\",\"isPartOf\":{\"@id\":\"https:\\\/\\\/www.gigaamedical.com\\\/#website\"},\"primaryImageOfPage\":{\"@id\":\"https:\\\/\\\/www.gigaamedical.com\\\/product\\\/safety-goggles-for-532nm\\\/#primaryimage\"},\"image\":{\"@id\":\"https:\\\/\\\/www.gigaamedical.com\\\/product\\\/safety-goggles-for-532nm\\\/#primaryimage\"},\"thumbnailUrl\":\"https:\\\/\\\/i0.wp.com\\\/www.gigaamedical.com\\\/wp-content\\\/uploads\\\/2021\\\/11\\\/701-gunmetal-frame-Pi3-Lens.jpg?fit=500%2C500&ssl=1\",\"datePublished\":\"2021-11-01T08:56:03+00:00\",\"dateModified\":\"2021-11-02T05:33:49+00:00\",\"breadcrumb\":{\"@id\":\"https:\\\/\\\/www.gigaamedical.com\\\/product\\\/safety-goggles-for-532nm\\\/#breadcrumb\"},\"inLanguage\":\"de\",\"potentialAction\":[{\"@type\":\"ReadAction\",\"target\":[\"https:\\\/\\\/www.gigaamedical.com\\\/product\\\/safety-goggles-for-532nm\\\/\"]}]},{\"@type\":\"ImageObject\",\"inLanguage\":\"de\",\"@id\":\"https:\\\/\\\/www.gigaamedical.com\\\/product\\\/safety-goggles-for-532nm\\\/#primaryimage\",\"url\":\"https:\\\/\\\/i0.wp.com\\\/www.gigaamedical.com\\\/wp-content\\\/uploads\\\/2021\\\/11\\\/701-gunmetal-frame-Pi3-Lens.jpg?fit=500%2C500&ssl=1\",\"contentUrl\":\"https:\\\/\\\/i0.wp.com\\\/www.gigaamedical.com\\\/wp-content\\\/uploads\\\/2021\\\/11\\\/701-gunmetal-frame-Pi3-Lens.jpg?fit=500%2C500&ssl=1\",\"width\":500,\"height\":500},{\"@type\":\"BreadcrumbList\",\"@id\":\"https:\\\/\\\/www.gigaamedical.com\\\/product\\\/safety-goggles-for-532nm\\\/#breadcrumb\",\"itemListElement\":[{\"@type\":\"ListItem\",\"position\":1,\"name\":\"\u9996\u9875\",\"item\":\"https:\\\/\\\/www.gigaamedical.com\\\/\"},{\"@type\":\"ListItem\",\"position\":2,\"name\":\"Shop\",\"item\":\"https:\\\/\\\/www.gigaamedical.com\\\/shop\\\/\"},{\"@type\":\"ListItem\",\"position\":3,\"name\":\"Safety goggles for 532nm\"}]},{\"@type\":\"WebSite\",\"@id\":\"https:\\\/\\\/www.gigaamedical.com\\\/#website\",\"url\":\"https:\\\/\\\/www.gigaamedical.com\\\/\",\"name\":\"GigaaMedicalLaser\",\"description\":\"Professional medical laser system for your health\",\"publisher\":{\"@id\":\"https:\\\/\\\/www.gigaamedical.com\\\/#organization\"},\"alternateName\":\"GigaaLaser\",\"potentialAction\":[{\"@type\":\"SearchAction\",\"target\":{\"@type\":\"EntryPoint\",\"urlTemplate\":\"https:\\\/\\\/www.gigaamedical.com\\\/?s={search_term_string}\"},\"query-input\":{\"@type\":\"PropertyValueSpecification\",\"valueRequired\":true,\"valueName\":\"search_term_string\"}}],\"inLanguage\":\"de\"},{\"@type\":\"Organization\",\"@id\":\"https:\\\/\\\/www.gigaamedical.com\\\/#organization\",\"name\":\"Gigaalaser Company ltd.\",\"alternateName\":\"Gigaalaser\",\"url\":\"https:\\\/\\\/www.gigaamedical.com\\\/\",\"logo\":{\"@type\":\"ImageObject\",\"inLanguage\":\"de\",\"@id\":\"https:\\\/\\\/www.gigaamedical.com\\\/#\\\/schema\\\/logo\\\/image\\\/\",\"url\":\"https:\\\/\\\/i0.wp.com\\\/www.gigaamedical.com\\\/wp-content\\\/uploads\\\/2024\\\/07\\\/GIGAA1.png?fit=2438%2C1240&ssl=1\",\"contentUrl\":\"https:\\\/\\\/i0.wp.com\\\/www.gigaamedical.com\\\/wp-content\\\/uploads\\\/2024\\\/07\\\/GIGAA1.png?fit=2438%2C1240&ssl=1\",\"width\":2438,\"height\":1240,\"caption\":\"Gigaalaser Company ltd.\"},\"image\":{\"@id\":\"https:\\\/\\\/www.gigaamedical.com\\\/#\\\/schema\\\/logo\\\/image\\\/\"},\"sameAs\":[\"https:\\\/\\\/www.facebook.com\\\/gigaamedicallaser\",\"https:\\\/\\\/x.com\\\/gigaalaser\"]}]}<\/script>\n<!-- \/ Yoast SEO plugin. -->","yoast_head_json":{"title":"Schutzbrille f\u00fcr 532nm - GigaaMedical ist ein weltweit f\u00fchrender Hersteller und OEM von medizinischen Lasersystemen","robots":{"index":"index","follow":"follow","max-snippet":"max-snippet:-1","max-image-preview":"max-image-preview:large","max-video-preview":"max-video-preview:-1"},"canonical":"https:\/\/www.gigaamedical.com\/de\/product\/schutzbrille-fur-532nm\/","og_locale":"de_DE","og_type":"article","og_title":"Safety goggles for 532nm - GigaaMedical is a leading global manufacturer and OEM of medical laser systems","og_description":"Orange Curved Poly  Material: Polycarbonate (Orange)  Specifications: 190-532 nm(OD7) 850-900 nm(OD5) 900-1070 nm(OD6) 960-1064 nm(OD7)  VLT:26%","og_url":"https:\/\/www.gigaamedical.com\/de\/product\/schutzbrille-fur-532nm\/","og_site_name":"GigaaMedical is a leading global manufacturer and OEM of medical laser systems","article_publisher":"https:\/\/www.facebook.com\/gigaamedicallaser","article_modified_time":"2021-11-02T05:33:49+00:00","og_image":[{"width":500,"height":500,"url":"https:\/\/i0.wp.com\/www.gigaamedical.com\/wp-content\/uploads\/2021\/11\/701-gunmetal-frame-Pi3-Lens.jpg?fit=500%2C500&ssl=1","type":"image\/jpeg"}],"twitter_card":"summary_large_image","twitter_site":"@gigaalaser","twitter_misc":{"Gesch\u00e4tzte Lesezeit":"1\u00a0Minute"},"schema":{"@context":"https:\/\/schema.org","@graph":[{"@type":"WebPage","@id":"https:\/\/www.gigaamedical.com\/product\/safety-goggles-for-532nm\/","url":"https:\/\/www.gigaamedical.com\/product\/safety-goggles-for-532nm\/","name":"Schutzbrille f\u00fcr 532nm - GigaaMedical ist ein weltweit f\u00fchrender Hersteller und OEM von medizinischen Lasersystemen","isPartOf":{"@id":"https:\/\/www.gigaamedical.com\/#website"},"primaryImageOfPage":{"@id":"https:\/\/www.gigaamedical.com\/product\/safety-goggles-for-532nm\/#primaryimage"},"image":{"@id":"https:\/\/www.gigaamedical.com\/product\/safety-goggles-for-532nm\/#primaryimage"},"thumbnailUrl":"https:\/\/i0.wp.com\/www.gigaamedical.com\/wp-content\/uploads\/2021\/11\/701-gunmetal-frame-Pi3-Lens.jpg?fit=500%2C500&ssl=1","datePublished":"2021-11-01T08:56:03+00:00","dateModified":"2021-11-02T05:33:49+00:00","breadcrumb":{"@id":"https:\/\/www.gigaamedical.com\/product\/safety-goggles-for-532nm\/#breadcrumb"},"inLanguage":"de","potentialAction":[{"@type":"ReadAction","target":["https:\/\/www.gigaamedical.com\/product\/safety-goggles-for-532nm\/"]}]},{"@type":"ImageObject","inLanguage":"de","@id":"https:\/\/www.gigaamedical.com\/product\/safety-goggles-for-532nm\/#primaryimage","url":"https:\/\/i0.wp.com\/www.gigaamedical.com\/wp-content\/uploads\/2021\/11\/701-gunmetal-frame-Pi3-Lens.jpg?fit=500%2C500&ssl=1","contentUrl":"https:\/\/i0.wp.com\/www.gigaamedical.com\/wp-content\/uploads\/2021\/11\/701-gunmetal-frame-Pi3-Lens.jpg?fit=500%2C500&ssl=1","width":500,"height":500},{"@type":"BreadcrumbList","@id":"https:\/\/www.gigaamedical.com\/product\/safety-goggles-for-532nm\/#breadcrumb","itemListElement":[{"@type":"ListItem","position":1,"name":"\u9996\u9875","item":"https:\/\/www.gigaamedical.com\/"},{"@type":"ListItem","position":2,"name":"Shop","item":"https:\/\/www.gigaamedical.com\/shop\/"},{"@type":"ListItem","position":3,"name":"Safety goggles for 532nm"}]},{"@type":"WebSite","@id":"https:\/\/www.gigaamedical.com\/#website","url":"https:\/\/www.gigaamedical.com\/","name":"GigaaMedicalLaser","description":"Professionelles medizinisches Lasersystem f\u00fcr Ihre Gesundheit","publisher":{"@id":"https:\/\/www.gigaamedical.com\/#organization"},"alternateName":"GigaaLaser","potentialAction":[{"@type":"SearchAction","target":{"@type":"EntryPoint","urlTemplate":"https:\/\/www.gigaamedical.com\/?s={search_term_string}"},"query-input":{"@type":"PropertyValueSpecification","valueRequired":true,"valueName":"search_term_string"}}],"inLanguage":"de"},{"@type":"Organization","@id":"https:\/\/www.gigaamedical.com\/#organization","name":"Gigaalaser Company ltd.","alternateName":"Gigaalaser","url":"https:\/\/www.gigaamedical.com\/","logo":{"@type":"ImageObject","inLanguage":"de","@id":"https:\/\/www.gigaamedical.com\/#\/schema\/logo\/image\/","url":"https:\/\/i0.wp.com\/www.gigaamedical.com\/wp-content\/uploads\/2024\/07\/GIGAA1.png?fit=2438%2C1240&ssl=1","contentUrl":"https:\/\/i0.wp.com\/www.gigaamedical.com\/wp-content\/uploads\/2024\/07\/GIGAA1.png?fit=2438%2C1240&ssl=1","width":2438,"height":1240,"caption":"Gigaalaser Company ltd."},"image":{"@id":"https:\/\/www.gigaamedical.com\/#\/schema\/logo\/image\/"},"sameAs":["https:\/\/www.facebook.com\/gigaamedicallaser","https:\/\/x.com\/gigaalaser"]}]}},"jetpack_sharing_enabled":true,"_links":{"self":[{"href":"https:\/\/www.gigaamedical.com\/de\/wp-json\/wp\/v2\/product\/2877","targetHints":{"allow":["GET"]}}],"collection":[{"href":"https:\/\/www.gigaamedical.com\/de\/wp-json\/wp\/v2\/product"}],"about":[{"href":"https:\/\/www.gigaamedical.com\/de\/wp-json\/wp\/v2\/types\/product"}],"replies":[{"embeddable":true,"href":"https:\/\/www.gigaamedical.com\/de\/wp-json\/wp\/v2\/comments?post=2877"}],"wp:featuredmedia":[{"embeddable":true,"href":"https:\/\/www.gigaamedical.com\/de\/wp-json\/wp\/v2\/media\/2879"}],"wp:attachment":[{"href":"https:\/\/www.gigaamedical.com\/de\/wp-json\/wp\/v2\/media?parent=2877"}],"wp:term":[{"taxonomy":"product_brand","embeddable":true,"href":"https:\/\/www.gigaamedical.com\/de\/wp-json\/wp\/v2\/product_brand?post=2877"},{"taxonomy":"product_cat","embeddable":true,"href":"https:\/\/www.gigaamedical.com\/de\/wp-json\/wp\/v2\/product_cat?post=2877"},{"taxonomy":"product_tag","embeddable":true,"href":"https:\/\/www.gigaamedical.com\/de\/wp-json\/wp\/v2\/product_tag?post=2877"}],"curies":[{"name":"wp","href":"https:\/\/api.w.org\/{rel}","templated":true}]}}