{"id":11054,"date":"2024-03-06T16:15:07","date_gmt":"2024-03-06T08:15:07","guid":{"rendered":"https:\/\/www.gigaamedical.com\/?post_type=product&#038;p=11054"},"modified":"2024-03-06T16:18:54","modified_gmt":"2024-03-06T08:18:54","slug":"einfuhrhulsenset","status":"publish","type":"product","link":"https:\/\/www.gigaamedical.com\/de\/product\/introducer-sheath-kit\/","title":{"rendered":"Einf\u00fchrh\u00fclsenset\/Katheterset f\u00fcr Ringemissionsfasern"},"content":{"rendered":"<div>Atraumatisch verj\u00fcngte Spitze zur Reduzierung von Gef\u00e4\u00dfsch\u00e4den<\/div>\n<div>Verbesserte Schiebef\u00e4higkeit und Flexibilit\u00e4t<\/div>\n<div>Reibungsloser \u00dcbergang zwischen Dilatator und H\u00fclse<\/div>\n<div>Der Polymer-F\u00fchrungsdraht mit hydrophiler Beschichtung und der IV-Katheter bieten eine effektive Leistung, die den klinischen Anforderungen gerecht wird.<\/div>","protected":false},"excerpt":{"rendered":"<p>Einf\u00fchrschleusenkit<\/p>\n<p>Katheterset f\u00fcr Ringemissionsfasern<\/p>","protected":false},"featured_media":11056,"comment_status":"closed","ping_status":"closed","template":"","meta":{"_crdt_document":"","inline_featured_image":false},"product_brand":[],"product_cat":[87],"product_tag":[],"class_list":{"0":"post-11054","1":"product","2":"type-product","3":"status-publish","4":"has-post-thumbnail","6":"product_cat-vein","8":"first","9":"instock","10":"shipping-taxable","11":"purchasable","12":"product-type-simple"},"yoast_head":"<!-- This site is optimized with the Yoast SEO plugin v27.3 - https:\/\/yoast.com\/product\/yoast-seo-wordpress\/ -->\n<title>Introducer Sheath Kit\/Catheter set for ring emission fibers - GigaaMedical is a leading global manufacturer and OEM of medical laser systems<\/title>\n<meta name=\"robots\" content=\"index, follow, max-snippet:-1, max-image-preview:large, max-video-preview:-1\" \/>\n<link rel=\"canonical\" href=\"https:\/\/www.gigaamedical.com\/de\/product\/einfuhrhulsenset\/\" \/>\n<meta property=\"og:locale\" content=\"de_DE\" \/>\n<meta property=\"og:type\" content=\"article\" \/>\n<meta property=\"og:title\" content=\"Introducer Sheath Kit\/Catheter set for ring emission fibers - GigaaMedical is a leading global manufacturer and OEM of medical laser systems\" \/>\n<meta property=\"og:description\" content=\"Introducer Sheath Kit  Catheter set for ring emission fibers\" \/>\n<meta property=\"og:url\" content=\"https:\/\/www.gigaamedical.com\/de\/product\/einfuhrhulsenset\/\" \/>\n<meta property=\"og:site_name\" content=\"GigaaMedical is a leading global manufacturer and OEM of medical laser systems\" \/>\n<meta property=\"article:publisher\" content=\"https:\/\/www.facebook.com\/gigaamedicallaser\" \/>\n<meta property=\"article:modified_time\" content=\"2024-03-06T08:18:54+00:00\" \/>\n<meta property=\"og:image\" content=\"https:\/\/i0.wp.com\/www.gigaamedical.com\/wp-content\/uploads\/2024\/03\/1623140780_1927157923.png?fit=610%2C400&ssl=1\" \/>\n\t<meta property=\"og:image:width\" content=\"610\" \/>\n\t<meta property=\"og:image:height\" content=\"400\" \/>\n\t<meta property=\"og:image:type\" content=\"image\/png\" \/>\n<meta name=\"twitter:card\" content=\"summary_large_image\" \/>\n<meta name=\"twitter:site\" content=\"@gigaalaser\" \/>\n<script type=\"application\/ld+json\" class=\"yoast-schema-graph\">{\"@context\":\"https:\\\/\\\/schema.org\",\"@graph\":[{\"@type\":\"WebPage\",\"@id\":\"https:\\\/\\\/www.gigaamedical.com\\\/product\\\/introducer-sheath-kit\\\/\",\"url\":\"https:\\\/\\\/www.gigaamedical.com\\\/product\\\/introducer-sheath-kit\\\/\",\"name\":\"Introducer Sheath Kit\\\/Catheter set for ring emission fibers - GigaaMedical is a leading global manufacturer and OEM of medical laser systems\",\"isPartOf\":{\"@id\":\"https:\\\/\\\/www.gigaamedical.com\\\/#website\"},\"primaryImageOfPage\":{\"@id\":\"https:\\\/\\\/www.gigaamedical.com\\\/product\\\/introducer-sheath-kit\\\/#primaryimage\"},\"image\":{\"@id\":\"https:\\\/\\\/www.gigaamedical.com\\\/product\\\/introducer-sheath-kit\\\/#primaryimage\"},\"thumbnailUrl\":\"https:\\\/\\\/i0.wp.com\\\/www.gigaamedical.com\\\/wp-content\\\/uploads\\\/2024\\\/03\\\/1623140780_1927157923.png?fit=610%2C400&ssl=1\",\"datePublished\":\"2024-03-06T08:15:07+00:00\",\"dateModified\":\"2024-03-06T08:18:54+00:00\",\"breadcrumb\":{\"@id\":\"https:\\\/\\\/www.gigaamedical.com\\\/product\\\/introducer-sheath-kit\\\/#breadcrumb\"},\"inLanguage\":\"de\",\"potentialAction\":[{\"@type\":\"ReadAction\",\"target\":[\"https:\\\/\\\/www.gigaamedical.com\\\/product\\\/introducer-sheath-kit\\\/\"]}]},{\"@type\":\"ImageObject\",\"inLanguage\":\"de\",\"@id\":\"https:\\\/\\\/www.gigaamedical.com\\\/product\\\/introducer-sheath-kit\\\/#primaryimage\",\"url\":\"https:\\\/\\\/i0.wp.com\\\/www.gigaamedical.com\\\/wp-content\\\/uploads\\\/2024\\\/03\\\/1623140780_1927157923.png?fit=610%2C400&ssl=1\",\"contentUrl\":\"https:\\\/\\\/i0.wp.com\\\/www.gigaamedical.com\\\/wp-content\\\/uploads\\\/2024\\\/03\\\/1623140780_1927157923.png?fit=610%2C400&ssl=1\",\"width\":610,\"height\":400},{\"@type\":\"BreadcrumbList\",\"@id\":\"https:\\\/\\\/www.gigaamedical.com\\\/product\\\/introducer-sheath-kit\\\/#breadcrumb\",\"itemListElement\":[{\"@type\":\"ListItem\",\"position\":1,\"name\":\"\u9996\u9875\",\"item\":\"https:\\\/\\\/www.gigaamedical.com\\\/\"},{\"@type\":\"ListItem\",\"position\":2,\"name\":\"Shop\",\"item\":\"https:\\\/\\\/www.gigaamedical.com\\\/shop\\\/\"},{\"@type\":\"ListItem\",\"position\":3,\"name\":\"Introducer Sheath Kit\\\/Catheter set for ring emission fibers\"}]},{\"@type\":\"WebSite\",\"@id\":\"https:\\\/\\\/www.gigaamedical.com\\\/#website\",\"url\":\"https:\\\/\\\/www.gigaamedical.com\\\/\",\"name\":\"GigaaMedicalLaser\",\"description\":\"Professional medical laser system for your health\",\"publisher\":{\"@id\":\"https:\\\/\\\/www.gigaamedical.com\\\/#organization\"},\"alternateName\":\"GigaaLaser\",\"potentialAction\":[{\"@type\":\"SearchAction\",\"target\":{\"@type\":\"EntryPoint\",\"urlTemplate\":\"https:\\\/\\\/www.gigaamedical.com\\\/?s={search_term_string}\"},\"query-input\":{\"@type\":\"PropertyValueSpecification\",\"valueRequired\":true,\"valueName\":\"search_term_string\"}}],\"inLanguage\":\"de\"},{\"@type\":\"Organization\",\"@id\":\"https:\\\/\\\/www.gigaamedical.com\\\/#organization\",\"name\":\"Gigaalaser Company ltd.\",\"alternateName\":\"Gigaalaser\",\"url\":\"https:\\\/\\\/www.gigaamedical.com\\\/\",\"logo\":{\"@type\":\"ImageObject\",\"inLanguage\":\"de\",\"@id\":\"https:\\\/\\\/www.gigaamedical.com\\\/#\\\/schema\\\/logo\\\/image\\\/\",\"url\":\"https:\\\/\\\/i0.wp.com\\\/www.gigaamedical.com\\\/wp-content\\\/uploads\\\/2024\\\/07\\\/GIGAA1.png?fit=2438%2C1240&ssl=1\",\"contentUrl\":\"https:\\\/\\\/i0.wp.com\\\/www.gigaamedical.com\\\/wp-content\\\/uploads\\\/2024\\\/07\\\/GIGAA1.png?fit=2438%2C1240&ssl=1\",\"width\":2438,\"height\":1240,\"caption\":\"Gigaalaser Company ltd.\"},\"image\":{\"@id\":\"https:\\\/\\\/www.gigaamedical.com\\\/#\\\/schema\\\/logo\\\/image\\\/\"},\"sameAs\":[\"https:\\\/\\\/www.facebook.com\\\/gigaamedicallaser\",\"https:\\\/\\\/x.com\\\/gigaalaser\"]}]}<\/script>\n<!-- \/ Yoast SEO plugin. -->","yoast_head_json":{"title":"Introducer Sheath Kit\/Katheterset f\u00fcr Ringemissionsfasern - GigaaMedical ist ein weltweit f\u00fchrender Hersteller und OEM von medizinischen Lasersystemen","robots":{"index":"index","follow":"follow","max-snippet":"max-snippet:-1","max-image-preview":"max-image-preview:large","max-video-preview":"max-video-preview:-1"},"canonical":"https:\/\/www.gigaamedical.com\/de\/product\/einfuhrhulsenset\/","og_locale":"de_DE","og_type":"article","og_title":"Introducer Sheath Kit\/Catheter set for ring emission fibers - GigaaMedical is a leading global manufacturer and OEM of medical laser systems","og_description":"Introducer Sheath Kit  Catheter set for ring emission fibers","og_url":"https:\/\/www.gigaamedical.com\/de\/product\/einfuhrhulsenset\/","og_site_name":"GigaaMedical is a leading global manufacturer and OEM of medical laser systems","article_publisher":"https:\/\/www.facebook.com\/gigaamedicallaser","article_modified_time":"2024-03-06T08:18:54+00:00","og_image":[{"width":610,"height":400,"url":"https:\/\/i0.wp.com\/www.gigaamedical.com\/wp-content\/uploads\/2024\/03\/1623140780_1927157923.png?fit=610%2C400&ssl=1","type":"image\/png"}],"twitter_card":"summary_large_image","twitter_site":"@gigaalaser","schema":{"@context":"https:\/\/schema.org","@graph":[{"@type":"WebPage","@id":"https:\/\/www.gigaamedical.com\/product\/introducer-sheath-kit\/","url":"https:\/\/www.gigaamedical.com\/product\/introducer-sheath-kit\/","name":"Introducer Sheath Kit\/Katheterset f\u00fcr Ringemissionsfasern - GigaaMedical ist ein weltweit f\u00fchrender Hersteller und OEM von medizinischen Lasersystemen","isPartOf":{"@id":"https:\/\/www.gigaamedical.com\/#website"},"primaryImageOfPage":{"@id":"https:\/\/www.gigaamedical.com\/product\/introducer-sheath-kit\/#primaryimage"},"image":{"@id":"https:\/\/www.gigaamedical.com\/product\/introducer-sheath-kit\/#primaryimage"},"thumbnailUrl":"https:\/\/i0.wp.com\/www.gigaamedical.com\/wp-content\/uploads\/2024\/03\/1623140780_1927157923.png?fit=610%2C400&ssl=1","datePublished":"2024-03-06T08:15:07+00:00","dateModified":"2024-03-06T08:18:54+00:00","breadcrumb":{"@id":"https:\/\/www.gigaamedical.com\/product\/introducer-sheath-kit\/#breadcrumb"},"inLanguage":"de","potentialAction":[{"@type":"ReadAction","target":["https:\/\/www.gigaamedical.com\/product\/introducer-sheath-kit\/"]}]},{"@type":"ImageObject","inLanguage":"de","@id":"https:\/\/www.gigaamedical.com\/product\/introducer-sheath-kit\/#primaryimage","url":"https:\/\/i0.wp.com\/www.gigaamedical.com\/wp-content\/uploads\/2024\/03\/1623140780_1927157923.png?fit=610%2C400&ssl=1","contentUrl":"https:\/\/i0.wp.com\/www.gigaamedical.com\/wp-content\/uploads\/2024\/03\/1623140780_1927157923.png?fit=610%2C400&ssl=1","width":610,"height":400},{"@type":"BreadcrumbList","@id":"https:\/\/www.gigaamedical.com\/product\/introducer-sheath-kit\/#breadcrumb","itemListElement":[{"@type":"ListItem","position":1,"name":"\u9996\u9875","item":"https:\/\/www.gigaamedical.com\/"},{"@type":"ListItem","position":2,"name":"Shop","item":"https:\/\/www.gigaamedical.com\/shop\/"},{"@type":"ListItem","position":3,"name":"Introducer Sheath Kit\/Catheter set for ring emission fibers"}]},{"@type":"WebSite","@id":"https:\/\/www.gigaamedical.com\/#website","url":"https:\/\/www.gigaamedical.com\/","name":"GigaaMedicalLaser","description":"Professionelles medizinisches Lasersystem f\u00fcr Ihre Gesundheit","publisher":{"@id":"https:\/\/www.gigaamedical.com\/#organization"},"alternateName":"GigaaLaser","potentialAction":[{"@type":"SearchAction","target":{"@type":"EntryPoint","urlTemplate":"https:\/\/www.gigaamedical.com\/?s={search_term_string}"},"query-input":{"@type":"PropertyValueSpecification","valueRequired":true,"valueName":"search_term_string"}}],"inLanguage":"de"},{"@type":"Organization","@id":"https:\/\/www.gigaamedical.com\/#organization","name":"Gigaalaser Company ltd.","alternateName":"Gigaalaser","url":"https:\/\/www.gigaamedical.com\/","logo":{"@type":"ImageObject","inLanguage":"de","@id":"https:\/\/www.gigaamedical.com\/#\/schema\/logo\/image\/","url":"https:\/\/i0.wp.com\/www.gigaamedical.com\/wp-content\/uploads\/2024\/07\/GIGAA1.png?fit=2438%2C1240&ssl=1","contentUrl":"https:\/\/i0.wp.com\/www.gigaamedical.com\/wp-content\/uploads\/2024\/07\/GIGAA1.png?fit=2438%2C1240&ssl=1","width":2438,"height":1240,"caption":"Gigaalaser Company ltd."},"image":{"@id":"https:\/\/www.gigaamedical.com\/#\/schema\/logo\/image\/"},"sameAs":["https:\/\/www.facebook.com\/gigaamedicallaser","https:\/\/x.com\/gigaalaser"]}]}},"jetpack_sharing_enabled":true,"_links":{"self":[{"href":"https:\/\/www.gigaamedical.com\/de\/wp-json\/wp\/v2\/product\/11054","targetHints":{"allow":["GET"]}}],"collection":[{"href":"https:\/\/www.gigaamedical.com\/de\/wp-json\/wp\/v2\/product"}],"about":[{"href":"https:\/\/www.gigaamedical.com\/de\/wp-json\/wp\/v2\/types\/product"}],"replies":[{"embeddable":true,"href":"https:\/\/www.gigaamedical.com\/de\/wp-json\/wp\/v2\/comments?post=11054"}],"wp:featuredmedia":[{"embeddable":true,"href":"https:\/\/www.gigaamedical.com\/de\/wp-json\/wp\/v2\/media\/11056"}],"wp:attachment":[{"href":"https:\/\/www.gigaamedical.com\/de\/wp-json\/wp\/v2\/media?parent=11054"}],"wp:term":[{"taxonomy":"product_brand","embeddable":true,"href":"https:\/\/www.gigaamedical.com\/de\/wp-json\/wp\/v2\/product_brand?post=11054"},{"taxonomy":"product_cat","embeddable":true,"href":"https:\/\/www.gigaamedical.com\/de\/wp-json\/wp\/v2\/product_cat?post=11054"},{"taxonomy":"product_tag","embeddable":true,"href":"https:\/\/www.gigaamedical.com\/de\/wp-json\/wp\/v2\/product_tag?post=11054"}],"curies":[{"name":"wp","href":"https:\/\/api.w.org\/{rel}","templated":true}]}}