{"id":2996,"date":"2021-11-17T15:16:21","date_gmt":"2021-11-17T07:16:21","guid":{"rendered":"https:\/\/www.gigaalaser.com\/?page_id=2996"},"modified":"2024-03-16T22:33:51","modified_gmt":"2024-03-16T14:33:51","slug":"velasii-8g","status":"publish","type":"page","link":"https:\/\/www.gigaamedical.com\/de\/velasii-8g\/","title":{"rendered":"VELASII-8G"},"content":{"rendered":"<h2 class=\"wp-block-heading\" id=\"introduction\">EINF\u00dcHRUNG<\/h2>\n\n\n\n<p class=\"wp-block-paragraph\">Verwendung eines Hochleistungshalbleiters bei 808 nm zum \"Pumpen\" eines Kristalls im optischen Sinne, der Licht mit einer Wellenl\u00e4nge von 1064 nm erzeugt. Dieses Licht wird wiederum auf einen Duplikatkristall (LBOtriborat-Lithium) geworfen, um die Wellenl\u00e4nge von 1064 nm zu \"halbieren\" und gr\u00fcnes Licht von 532 nm zu erhalten. Dieses neuartige System der Aufteilung des Wellenl\u00e4ngenwerts erm\u00f6glicht es dem Bediener, den Austritt von gr\u00fcnem Licht mit sehr kurzen Impulsen zu steuern.<\/p>\n\n\n\n<figure class=\"wp-block-image size-full\"><img data-recalc-dims=\"1\" loading=\"lazy\" decoding=\"async\" width=\"614\" height=\"381\" src=\"https:\/\/i0.wp.com\/www.gigaamedical.com\/wp-content\/uploads\/2024\/03\/20240316223147.png?resize=614%2C381&#038;ssl=1\" alt=\"\" class=\"wp-image-11312\" srcset=\"https:\/\/i0.wp.com\/www.gigaamedical.com\/wp-content\/uploads\/2024\/03\/20240316223147.png?w=614&amp;ssl=1 614w, https:\/\/i0.wp.com\/www.gigaamedical.com\/wp-content\/uploads\/2024\/03\/20240316223147.png?resize=300%2C186&amp;ssl=1 300w, https:\/\/i0.wp.com\/www.gigaamedical.com\/wp-content\/uploads\/2024\/03\/20240316223147.png?resize=600%2C372&amp;ssl=1 600w\" sizes=\"auto, (max-width: 614px) 100vw, 614px\" \/><\/figure>\n\n\n\n<div class=\"wp-block-columns is-layout-flex wp-container-core-columns-is-layout-8f761849 wp-block-columns-is-layout-flex\">\n<div class=\"wp-block-column is-layout-flow wp-block-column-is-layout-flow\">\n<h3 class=\"wp-block-heading\" id=\"powerful-and-effective\">Leistungsstark und effektiv<\/h3>\n\n\n\n<ul class=\"wp-block-list\">\n<li>3w\/4w\/ 5w\/ 8w Spitzenleistung zur Auswahl<\/li>\n\n\n\n<li>Sehr kurze, intensive Pulse<\/li>\n\n\n\n<li>Wirksame Behandlungen, Schutz der Epidermis<\/li>\n\n\n\n<li>Sehr stabil und zuverl\u00e4ssig mit langer Lebensdauer<\/li>\n<\/ul>\n\n\n\n<p class=\"wp-block-paragraph\"><\/p>\n<\/div>\n\n\n\n<div class=\"wp-block-column is-layout-flow wp-block-column-is-layout-flow\">\n<p class=\"wp-block-paragraph\">Transportabel und wirtschaftlich<\/p>\n\n\n\n<ul class=\"wp-block-list\">\n<li>Benutzerfreundliches Design, intuitives Men\u00fc<\/li>\n\n\n\n<li>Kompaktes Ger\u00e4t, stabile Technik<\/li>\n\n\n\n<li>Transportkoffer f\u00fcr Ger\u00e4t und Zubeh\u00f6r<\/li>\n\n\n\n<li>Plug &amp; Play-Technologie: kein Techniker erforderlich<\/li>\n\n\n\n<li>Niedrige Betriebskosten<\/li>\n<\/ul>\n<\/div>\n<\/div>\n\n\n\n<h2 class=\"wp-block-heading\" id=\"applications\">Anwendungen<\/h2>\n\n\n\n<div class=\"wp-block-columns is-layout-flex wp-container-core-columns-is-layout-8f761849 wp-block-columns-is-layout-flex\">\n<div class=\"wp-block-column is-layout-flow wp-block-column-is-layout-flow\">\n<h3 class=\"wp-block-heading\" id=\"vascular-lesions\">Vaskul\u00e4re L\u00e4sionen<\/h3>\n\n\n\n<p class=\"wp-block-paragraph\">Besenreiser<br>Telangiektasie<br>Neovaskularisierung<br>Rosazea<br>Ven\u00f6ser See<br>PWS<br>Senile, sternf\u00f6rmige und kirschf\u00f6rmige Angiome<\/p>\n<\/div>\n\n\n\n<div class=\"wp-block-column is-layout-flow wp-block-column-is-layout-flow\">\n<h3 class=\"wp-block-heading\" id=\"pigmented-lesions\">Pigmentierte L\u00e4sionen<\/h3>\n\n\n\n<p class=\"wp-block-paragraph\"> Lentigines<br>Dermatose Papulosis Nigra<br>Sommersprossen<br>Hyperkeratotische L\u00e4sionen<br>Civette Poikiloderma<br>Rote Dehnungsstreifen<\/p>\n<\/div>\n\n\n\n<div class=\"wp-block-column is-layout-flow wp-block-column-is-layout-flow\">\n<h3 class=\"wp-block-heading\" id=\"cutaneous-lesions\">Kutane L\u00e4sionen<\/h3>\n\n\n\n<p class=\"wp-block-paragraph\">Narben<br>Verrucas<br>Keratosen<br>Entz\u00fcndliche Akne<\/p>\n<\/div>\n<\/div>","protected":false},"excerpt":{"rendered":"<p>INTRODUCTION Use high power semiconductor at 808nm to \u201cpump\u201d in an optical sense a crystal that produces light of a wavelength of 1064 nm. Such light is in the turn casted upon a duplicating crystal (LBOtriborate lithium) to \u201chalve\u201d the wavelength of 1064 nm and obtain green light of 532 nm. Such a novel system [&#8230;]\n","protected":false},"author":1,"featured_media":0,"parent":0,"menu_order":0,"comment_status":"closed","ping_status":"closed","template":"","meta":{"_crdt_document":"","inline_featured_image":false,"footnotes":""},"class_list":["post-2996","page","type-page","status-publish","hentry"],"yoast_head":"<!-- This site is optimized with the Yoast SEO plugin v27.3 - https:\/\/yoast.com\/product\/yoast-seo-wordpress\/ -->\n<title>VELASII-8G - GigaaMedical is a leading global manufacturer and OEM of medical laser systems<\/title>\n<meta name=\"robots\" content=\"index, follow, max-snippet:-1, max-image-preview:large, max-video-preview:-1\" \/>\n<link rel=\"canonical\" href=\"https:\/\/www.gigaamedical.com\/de\/velasii-8g\/\" \/>\n<meta property=\"og:locale\" content=\"de_DE\" \/>\n<meta property=\"og:type\" content=\"article\" \/>\n<meta property=\"og:title\" content=\"VELASII-8G - GigaaMedical is a leading global manufacturer and OEM of medical laser systems\" \/>\n<meta property=\"og:description\" content=\"INTRODUCTION Use high power semiconductor at 808nm to \u201cpump\u201d in an optical sense a crystal that produces light of a wavelength of 1064 nm. Such light is in the turn casted upon a duplicating crystal (LBOtriborate lithium) to \u201chalve\u201d the wavelength of 1064 nm and obtain green light of 532 nm. Such a novel system [...]\" \/>\n<meta property=\"og:url\" content=\"https:\/\/www.gigaamedical.com\/de\/velasii-8g\/\" \/>\n<meta property=\"og:site_name\" content=\"GigaaMedical is a leading global manufacturer and OEM of medical laser systems\" \/>\n<meta property=\"article:publisher\" content=\"https:\/\/www.facebook.com\/gigaamedicallaser\" \/>\n<meta property=\"article:modified_time\" content=\"2024-03-16T14:33:51+00:00\" \/>\n<meta property=\"og:image\" content=\"https:\/\/www.gigaamedical.com\/wp-content\/uploads\/2024\/03\/20240316223147.png\" \/>\n<meta name=\"twitter:card\" content=\"summary_large_image\" \/>\n<meta name=\"twitter:site\" content=\"@gigaalaser\" \/>\n<meta name=\"twitter:label1\" content=\"Gesch\u00e4tzte Lesezeit\" \/>\n\t<meta name=\"twitter:data1\" content=\"1\u00a0Minute\" \/>\n<script type=\"application\/ld+json\" class=\"yoast-schema-graph\">{\"@context\":\"https:\\\/\\\/schema.org\",\"@graph\":[{\"@type\":\"WebPage\",\"@id\":\"https:\\\/\\\/www.gigaamedical.com\\\/velasii-8g\\\/\",\"url\":\"https:\\\/\\\/www.gigaamedical.com\\\/velasii-8g\\\/\",\"name\":\"VELASII-8G - GigaaMedical is a leading global manufacturer and OEM of medical laser systems\",\"isPartOf\":{\"@id\":\"https:\\\/\\\/www.gigaamedical.com\\\/#website\"},\"primaryImageOfPage\":{\"@id\":\"https:\\\/\\\/www.gigaamedical.com\\\/velasii-8g\\\/#primaryimage\"},\"image\":{\"@id\":\"https:\\\/\\\/www.gigaamedical.com\\\/velasii-8g\\\/#primaryimage\"},\"thumbnailUrl\":\"https:\\\/\\\/www.gigaamedical.com\\\/wp-content\\\/uploads\\\/2024\\\/03\\\/20240316223147.png\",\"datePublished\":\"2021-11-17T07:16:21+00:00\",\"dateModified\":\"2024-03-16T14:33:51+00:00\",\"breadcrumb\":{\"@id\":\"https:\\\/\\\/www.gigaamedical.com\\\/velasii-8g\\\/#breadcrumb\"},\"inLanguage\":\"de\",\"potentialAction\":[{\"@type\":\"ReadAction\",\"target\":[\"https:\\\/\\\/www.gigaamedical.com\\\/velasii-8g\\\/\"]}]},{\"@type\":\"ImageObject\",\"inLanguage\":\"de\",\"@id\":\"https:\\\/\\\/www.gigaamedical.com\\\/velasii-8g\\\/#primaryimage\",\"url\":\"https:\\\/\\\/www.gigaamedical.com\\\/wp-content\\\/uploads\\\/2024\\\/03\\\/20240316223147.png\",\"contentUrl\":\"https:\\\/\\\/www.gigaamedical.com\\\/wp-content\\\/uploads\\\/2024\\\/03\\\/20240316223147.png\"},{\"@type\":\"BreadcrumbList\",\"@id\":\"https:\\\/\\\/www.gigaamedical.com\\\/velasii-8g\\\/#breadcrumb\",\"itemListElement\":[{\"@type\":\"ListItem\",\"position\":1,\"name\":\"\u9996\u9875\",\"item\":\"https:\\\/\\\/www.gigaamedical.com\\\/\"},{\"@type\":\"ListItem\",\"position\":2,\"name\":\"VELASII-8G\"}]},{\"@type\":\"WebSite\",\"@id\":\"https:\\\/\\\/www.gigaamedical.com\\\/#website\",\"url\":\"https:\\\/\\\/www.gigaamedical.com\\\/\",\"name\":\"GigaaMedicalLaser\",\"description\":\"Professional medical laser system for your health\",\"publisher\":{\"@id\":\"https:\\\/\\\/www.gigaamedical.com\\\/#organization\"},\"alternateName\":\"GigaaLaser\",\"potentialAction\":[{\"@type\":\"SearchAction\",\"target\":{\"@type\":\"EntryPoint\",\"urlTemplate\":\"https:\\\/\\\/www.gigaamedical.com\\\/?s={search_term_string}\"},\"query-input\":{\"@type\":\"PropertyValueSpecification\",\"valueRequired\":true,\"valueName\":\"search_term_string\"}}],\"inLanguage\":\"de\"},{\"@type\":\"Organization\",\"@id\":\"https:\\\/\\\/www.gigaamedical.com\\\/#organization\",\"name\":\"Gigaalaser Company ltd.\",\"alternateName\":\"Gigaalaser\",\"url\":\"https:\\\/\\\/www.gigaamedical.com\\\/\",\"logo\":{\"@type\":\"ImageObject\",\"inLanguage\":\"de\",\"@id\":\"https:\\\/\\\/www.gigaamedical.com\\\/#\\\/schema\\\/logo\\\/image\\\/\",\"url\":\"https:\\\/\\\/i0.wp.com\\\/www.gigaamedical.com\\\/wp-content\\\/uploads\\\/2024\\\/07\\\/GIGAA1.png?fit=2438%2C1240&ssl=1\",\"contentUrl\":\"https:\\\/\\\/i0.wp.com\\\/www.gigaamedical.com\\\/wp-content\\\/uploads\\\/2024\\\/07\\\/GIGAA1.png?fit=2438%2C1240&ssl=1\",\"width\":2438,\"height\":1240,\"caption\":\"Gigaalaser Company ltd.\"},\"image\":{\"@id\":\"https:\\\/\\\/www.gigaamedical.com\\\/#\\\/schema\\\/logo\\\/image\\\/\"},\"sameAs\":[\"https:\\\/\\\/www.facebook.com\\\/gigaamedicallaser\",\"https:\\\/\\\/x.com\\\/gigaalaser\"]}]}<\/script>\n<!-- \/ Yoast SEO plugin. -->","yoast_head_json":{"title":"VELASII-8G - GigaaMedical ist ein weltweit f\u00fchrender Hersteller und OEM von medizinischen Lasersystemen","robots":{"index":"index","follow":"follow","max-snippet":"max-snippet:-1","max-image-preview":"max-image-preview:large","max-video-preview":"max-video-preview:-1"},"canonical":"https:\/\/www.gigaamedical.com\/de\/velasii-8g\/","og_locale":"de_DE","og_type":"article","og_title":"VELASII-8G - GigaaMedical is a leading global manufacturer and OEM of medical laser systems","og_description":"INTRODUCTION Use high power semiconductor at 808nm to \u201cpump\u201d in an optical sense a crystal that produces light of a wavelength of 1064 nm. Such light is in the turn casted upon a duplicating crystal (LBOtriborate lithium) to \u201chalve\u201d the wavelength of 1064 nm and obtain green light of 532 nm. Such a novel system [...]","og_url":"https:\/\/www.gigaamedical.com\/de\/velasii-8g\/","og_site_name":"GigaaMedical is a leading global manufacturer and OEM of medical laser systems","article_publisher":"https:\/\/www.facebook.com\/gigaamedicallaser","article_modified_time":"2024-03-16T14:33:51+00:00","og_image":[{"url":"https:\/\/www.gigaamedical.com\/wp-content\/uploads\/2024\/03\/20240316223147.png","type":"","width":"","height":""}],"twitter_card":"summary_large_image","twitter_site":"@gigaalaser","twitter_misc":{"Gesch\u00e4tzte Lesezeit":"1\u00a0Minute"},"schema":{"@context":"https:\/\/schema.org","@graph":[{"@type":"WebPage","@id":"https:\/\/www.gigaamedical.com\/velasii-8g\/","url":"https:\/\/www.gigaamedical.com\/velasii-8g\/","name":"VELASII-8G - GigaaMedical ist ein weltweit f\u00fchrender Hersteller und OEM von medizinischen Lasersystemen","isPartOf":{"@id":"https:\/\/www.gigaamedical.com\/#website"},"primaryImageOfPage":{"@id":"https:\/\/www.gigaamedical.com\/velasii-8g\/#primaryimage"},"image":{"@id":"https:\/\/www.gigaamedical.com\/velasii-8g\/#primaryimage"},"thumbnailUrl":"https:\/\/www.gigaamedical.com\/wp-content\/uploads\/2024\/03\/20240316223147.png","datePublished":"2021-11-17T07:16:21+00:00","dateModified":"2024-03-16T14:33:51+00:00","breadcrumb":{"@id":"https:\/\/www.gigaamedical.com\/velasii-8g\/#breadcrumb"},"inLanguage":"de","potentialAction":[{"@type":"ReadAction","target":["https:\/\/www.gigaamedical.com\/velasii-8g\/"]}]},{"@type":"ImageObject","inLanguage":"de","@id":"https:\/\/www.gigaamedical.com\/velasii-8g\/#primaryimage","url":"https:\/\/www.gigaamedical.com\/wp-content\/uploads\/2024\/03\/20240316223147.png","contentUrl":"https:\/\/www.gigaamedical.com\/wp-content\/uploads\/2024\/03\/20240316223147.png"},{"@type":"BreadcrumbList","@id":"https:\/\/www.gigaamedical.com\/velasii-8g\/#breadcrumb","itemListElement":[{"@type":"ListItem","position":1,"name":"\u9996\u9875","item":"https:\/\/www.gigaamedical.com\/"},{"@type":"ListItem","position":2,"name":"VELASII-8G"}]},{"@type":"WebSite","@id":"https:\/\/www.gigaamedical.com\/#website","url":"https:\/\/www.gigaamedical.com\/","name":"GigaaMedicalLaser","description":"Professionelles medizinisches Lasersystem f\u00fcr Ihre Gesundheit","publisher":{"@id":"https:\/\/www.gigaamedical.com\/#organization"},"alternateName":"GigaaLaser","potentialAction":[{"@type":"SearchAction","target":{"@type":"EntryPoint","urlTemplate":"https:\/\/www.gigaamedical.com\/?s={search_term_string}"},"query-input":{"@type":"PropertyValueSpecification","valueRequired":true,"valueName":"search_term_string"}}],"inLanguage":"de"},{"@type":"Organization","@id":"https:\/\/www.gigaamedical.com\/#organization","name":"Gigaalaser Company ltd.","alternateName":"Gigaalaser","url":"https:\/\/www.gigaamedical.com\/","logo":{"@type":"ImageObject","inLanguage":"de","@id":"https:\/\/www.gigaamedical.com\/#\/schema\/logo\/image\/","url":"https:\/\/i0.wp.com\/www.gigaamedical.com\/wp-content\/uploads\/2024\/07\/GIGAA1.png?fit=2438%2C1240&ssl=1","contentUrl":"https:\/\/i0.wp.com\/www.gigaamedical.com\/wp-content\/uploads\/2024\/07\/GIGAA1.png?fit=2438%2C1240&ssl=1","width":2438,"height":1240,"caption":"Gigaalaser Company ltd."},"image":{"@id":"https:\/\/www.gigaamedical.com\/#\/schema\/logo\/image\/"},"sameAs":["https:\/\/www.facebook.com\/gigaamedicallaser","https:\/\/x.com\/gigaalaser"]}]}},"jetpack_sharing_enabled":true,"_links":{"self":[{"href":"https:\/\/www.gigaamedical.com\/de\/wp-json\/wp\/v2\/pages\/2996","targetHints":{"allow":["GET"]}}],"collection":[{"href":"https:\/\/www.gigaamedical.com\/de\/wp-json\/wp\/v2\/pages"}],"about":[{"href":"https:\/\/www.gigaamedical.com\/de\/wp-json\/wp\/v2\/types\/page"}],"author":[{"embeddable":true,"href":"https:\/\/www.gigaamedical.com\/de\/wp-json\/wp\/v2\/users\/1"}],"replies":[{"embeddable":true,"href":"https:\/\/www.gigaamedical.com\/de\/wp-json\/wp\/v2\/comments?post=2996"}],"version-history":[{"count":0,"href":"https:\/\/www.gigaamedical.com\/de\/wp-json\/wp\/v2\/pages\/2996\/revisions"}],"wp:attachment":[{"href":"https:\/\/www.gigaamedical.com\/de\/wp-json\/wp\/v2\/media?parent=2996"}],"curies":[{"name":"wp","href":"https:\/\/api.w.org\/{rel}","templated":true}]}}